{"id":32622,"date":"2024-10-01T15:36:14","date_gmt":"2024-10-01T14:00:40","guid":{"rendered":"https:\/\/apimat.ch\/?post_type=product&#038;p=32622"},"modified":"2024-10-01T16:45:33","modified_gmt":"2024-10-01T14:45:33","slug":"dadant-zargen-fuer-10-raehmchen-geeignet-fuer-die-entnahme-von-apidea-raehmchen","status":"publish","type":"product","link":"https:\/\/apimat.ch\/de\/produit\/dadant-zargen-fuer-10-raehmchen-geeignet-fuer-die-entnahme-von-apidea-raehmchen\/","title":{"rendered":"Dadant-Zargen f\u00fcr 10 R\u00e4hmchen, geeignet f\u00fcr die Entnahme von APIDEA-R\u00e4hmchen"},"content":{"rendered":"<p>Dadant-Zargen f\u00fcr 10 R\u00e4hmchen, geeignet f\u00fcr die Entnahme von APIDEA-R\u00e4hmchen, mit einer Kapazit\u00e4t von 36 Rahmen.<\/p>\n<p>&nbsp;<\/p>\n<p class=\"p2\"><b>DIE PREISE SIND JE NACH MENGE DEGRESSIV.<\/b><\/p>\n<p class=\"p2\"><b>F\u00fcr weitere Informationen kontaktieren Sie mich bitte.<\/b><\/p>\n<p class=\"p3\"><span class=\"s1\"><a href=\"mailto:info@apimat.ch\"><b>info@apimat.ch<\/b><\/a><\/span><\/p>\n<p class=\"p2\"><b>Telefon: 076 213 80 33<\/b><\/p>\n","protected":false},"excerpt":{"rendered":"<p>Dadant-Zargen f\u00fcr 10 R\u00e4hmchen, geeignet f\u00fcr die Entnahme von APIDEA-R\u00e4hmchen, mit einer Kapazit\u00e4t von 36 Rahmen. &nbsp; DIE PREISE SIND JE NACH MENGE DEGRESSIV. F\u00fcr weitere Informationen kontaktieren Sie mich bitte. info@apimat.ch Telefon: 076 213 80 33<\/p>\n","protected":false},"featured_media":32618,"template":"","meta":{"_uf_show_specific_survey":0,"_uf_disable_surveys":false},"product_cat":[1066,95,1060],"product_tag":[],"aioseo_notices":[],"_links":{"self":[{"href":"https:\/\/apimat.ch\/de\/wp-json\/wp\/v2\/product\/32622"}],"collection":[{"href":"https:\/\/apimat.ch\/de\/wp-json\/wp\/v2\/product"}],"about":[{"href":"https:\/\/apimat.ch\/de\/wp-json\/wp\/v2\/types\/product"}],"wp:featuredmedia":[{"embeddable":true,"href":"https:\/\/apimat.ch\/de\/wp-json\/wp\/v2\/media\/32618"}],"wp:attachment":[{"href":"https:\/\/apimat.ch\/de\/wp-json\/wp\/v2\/media?parent=32622"}],"wp:term":[{"taxonomy":"product_cat","embeddable":true,"href":"https:\/\/apimat.ch\/de\/wp-json\/wp\/v2\/product_cat?post=32622"},{"taxonomy":"product_tag","embeddable":true,"href":"https:\/\/apimat.ch\/de\/wp-json\/wp\/v2\/product_tag?post=32622"}],"curies":[{"name":"wp","href":"https:\/\/api.w.org\/{rel}","templated":true}]}}