{"id":32820,"date":"2024-10-12T17:54:29","date_gmt":"2024-10-12T16:00:15","guid":{"rendered":"https:\/\/apimat.ch\/?post_type=product&#038;p=32820"},"modified":"2024-10-12T18:01:00","modified_gmt":"2024-10-12T16:01:00","slug":"anel-hybrid-smoker","status":"publish","type":"product","link":"https:\/\/apimat.ch\/de\/produit\/anel-hybrid-smoker\/","title":{"rendered":"Anel\u00ae Hybrid Smoker"},"content":{"rendered":"<p>Der ANEL\u00ae Hybrid Smoker wurde entwickelt, um k\u00fchlen Dampf ohne offene Flamme im Tabakbeh\u00e4lter zu erzeugen. Dadurch kann er auch sicher in Gebieten verwendet werden, in denen Feuergefahr besteht. Das Brennmaterial wird elektrisch entz\u00fcndet. Der Akku kann \u00fcber das Netz oder mit einem Adapter im Auto aufgeladen werden, wobei die Ladekabel im Lieferumfang enthalten sind. Die Ladezeit betr\u00e4gt etwa 8 Stunden, und mit einem vollen Akku kann der Smoker eine Stunde lang Rauch erzeugen.<\/p>\n<div class='avia-iframe-wrap'><iframe loading=\"lazy\" title=\"Anel Hybrid Smoker CH\" width=\"1500\" height=\"844\" src=\"https:\/\/www.youtube.com\/embed\/xLh8deiysiU?start=6&#038;feature=oembed\" frameborder=\"0\" allow=\"accelerometer; autoplay; clipboard-write; encrypted-media; gyroscope; picture-in-picture; web-share\" referrerpolicy=\"strict-origin-when-cross-origin\" allowfullscreen><\/iframe><\/div>\n<p style=\"font-weight: 400;\">Das Ger\u00e4t dient der Herstellung von:<\/p>\n<p style=\"font-weight: 400;\">Hybriddampf mit dem Geruch von brennendem Holz, wie herk\u00f6mmlicher Rauch die den Bienen w\u00e4hrend der Besuche der Imker im Bienenhaus verabreicht wird.<\/p>\n<p style=\"font-weight: 400;\">Das Ger\u00e4t ist so konzipiert, dass es folgendermassen funktioniert:<\/p>\n<p style=\"font-weight: 400;\">Als Verdampfer in Kombination mit den Anel-Vapor Pads (einer ANEL-patentierten Formel, die Dampf mit dem Geruch von brennendem Holz erzeugt, was ihn f\u00fcr Bienen effektiver macht), das Dampf mit der \u00fcblichen Methode erzeugt. Oder als traditionelles Ger\u00e4t in Kombination mit herk\u00f6mmlichen Rauchmaterialien f\u00fcr ein sicheres Anz\u00fcnden bei geschlossenem Ger\u00e4tedeckel statt Streichholz oder Feuerzeug.<\/p>\n<p style=\"font-weight: 400;\">Die Anel Vapor Pads enthalten Substanzen, die seit Jahrzehnten in verschiedenen Formen in der Imkerei verwendet werden. Die Anel-Vapor Pads enthalten L\u00f6schmittel, die eine Flammenentwicklung verhindern. Wenn sie gem\u00e4ss der Gebrauchsanweisung des Ger\u00e4ts verwendet werden, sind sie sicher und verringern die Brandgefahr im Vergleich zu herk\u00f6mmlichen Smokern erheblich.<\/p>\n<p style=\"font-weight: 400;\">Auch bei der Verwendung herk\u00f6mmlicher Rauchmaterialien (z. B. Kiefernnadeln) ist es aufgrund der Tatsache, dass die Materialien in einer vollst\u00e4ndig geschlossenen Umgebung entz\u00fcndet werden, sicherer als herk\u00f6mmliche Smoker.<\/p>\n<p>&nbsp;<\/p>\n<p class=\"p1\"><b>DIE PREISE SIND JE NACH MENGE DEGRESSIV.<\/b><\/p>\n<p class=\"p1\"><b>F\u00fcr weitere Informationen kontaktieren Sie mich bitte.<\/b><\/p>\n<p class=\"p2\"><span class=\"s1\"><a href=\"mailto:info@apimat.ch\"><b>info@apimat.ch<\/b><\/a><\/span><\/p>\n<p class=\"p1\"><b>Telefon: 076 213 80 33<\/b><\/p>\n<p>&nbsp;<\/p>\n","protected":false},"excerpt":{"rendered":"<p>Der ANEL\u00ae Hybrid Smoker wurde entwickelt, um k\u00fchlen Dampf ohne offene Flamme im Tabakbeh\u00e4lter zu erzeugen. Dadurch kann er auch sicher in Gebieten verwendet werden, in denen Feuergefahr besteht. Das Brennmaterial wird elektrisch entz\u00fcndet. Der Akku kann \u00fcber das Netz oder mit einem Adapter im Auto aufgeladen werden, wobei die Ladekabel im Lieferumfang enthalten sind. [&hellip;]<\/p>\n","protected":false},"featured_media":32814,"template":"","meta":{"_uf_show_specific_survey":0,"_uf_disable_surveys":false},"product_cat":[1066,98],"product_tag":[],"aioseo_notices":[],"_links":{"self":[{"href":"https:\/\/apimat.ch\/de\/wp-json\/wp\/v2\/product\/32820"}],"collection":[{"href":"https:\/\/apimat.ch\/de\/wp-json\/wp\/v2\/product"}],"about":[{"href":"https:\/\/apimat.ch\/de\/wp-json\/wp\/v2\/types\/product"}],"wp:featuredmedia":[{"embeddable":true,"href":"https:\/\/apimat.ch\/de\/wp-json\/wp\/v2\/media\/32814"}],"wp:attachment":[{"href":"https:\/\/apimat.ch\/de\/wp-json\/wp\/v2\/media?parent=32820"}],"wp:term":[{"taxonomy":"product_cat","embeddable":true,"href":"https:\/\/apimat.ch\/de\/wp-json\/wp\/v2\/product_cat?post=32820"},{"taxonomy":"product_tag","embeddable":true,"href":"https:\/\/apimat.ch\/de\/wp-json\/wp\/v2\/product_tag?post=32820"}],"curies":[{"name":"wp","href":"https:\/\/api.w.org\/{rel}","templated":true}]}}