{"id":32893,"date":"2024-10-18T08:30:39","date_gmt":"2024-10-18T07:09:21","guid":{"rendered":"https:\/\/apimat.ch\/?post_type=product&#038;p=32893"},"modified":"2024-10-18T09:14:01","modified_gmt":"2024-10-18T07:14:01","slug":"fuetterungsstation-siropomp-verbrennungsmotor","status":"publish","type":"product","link":"https:\/\/apimat.ch\/de\/produit\/fuetterungsstation-siropomp-verbrennungsmotor\/","title":{"rendered":"F\u00fctterungsstation Siropomp \u2013 Verbrennungsmotor"},"content":{"rendered":"<p>Diese Easy Sirop F\u00fctterungsstation mit motorbetriebener Pumpe umfasst einen IBC-Beh\u00e4lter mit 600 oder 1000 Litern, einen Rahmen zur Unterst\u00fctzung der Pumpe und des Schlauchtrommelwagens mit 20 Metern Schlauch und Verteilerpistole. Sie wurde entwickelt, um die Handhabung im Bienenstand zu erleichtern.<\/p>\n<p class=\"p1\"><b>F\u00fcr weitere Informationen kontaktieren Sie mich bitte.<\/b><\/p>\n<p class=\"p2\"><span class=\"s1\"><a href=\"mailto:info@apimat.ch\"><b>info@apimat.ch<\/b><\/a><\/span><\/p>\n<p class=\"p1\"><b>Telefon: 076 213 80 33<\/b><\/p>\n","protected":false},"excerpt":{"rendered":"<p>Diese Easy Sirop F\u00fctterungsstation mit motorbetriebener Pumpe umfasst einen IBC-Beh\u00e4lter mit 600 oder 1000 Litern, einen Rahmen zur Unterst\u00fctzung der Pumpe und des Schlauchtrommelwagens mit 20 Metern Schlauch und Verteilerpistole. Sie wurde entwickelt, um die Handhabung im Bienenstand zu erleichtern. F\u00fcr weitere Informationen kontaktieren Sie mich bitte. info@apimat.ch Telefon: 076 213 80 33<\/p>\n","protected":false},"featured_media":32883,"template":"","meta":{"_uf_show_specific_survey":0,"_uf_disable_surveys":false},"product_cat":[94,384,128],"product_tag":[],"aioseo_notices":[],"_links":{"self":[{"href":"https:\/\/apimat.ch\/de\/wp-json\/wp\/v2\/product\/32893"}],"collection":[{"href":"https:\/\/apimat.ch\/de\/wp-json\/wp\/v2\/product"}],"about":[{"href":"https:\/\/apimat.ch\/de\/wp-json\/wp\/v2\/types\/product"}],"wp:featuredmedia":[{"embeddable":true,"href":"https:\/\/apimat.ch\/de\/wp-json\/wp\/v2\/media\/32883"}],"wp:attachment":[{"href":"https:\/\/apimat.ch\/de\/wp-json\/wp\/v2\/media?parent=32893"}],"wp:term":[{"taxonomy":"product_cat","embeddable":true,"href":"https:\/\/apimat.ch\/de\/wp-json\/wp\/v2\/product_cat?post=32893"},{"taxonomy":"product_tag","embeddable":true,"href":"https:\/\/apimat.ch\/de\/wp-json\/wp\/v2\/product_tag?post=32893"}],"curies":[{"name":"wp","href":"https:\/\/api.w.org\/{rel}","templated":true}]}}