{"id":32906,"date":"2024-10-18T09:46:08","date_gmt":"2024-10-18T07:50:42","guid":{"rendered":"https:\/\/apimat.ch\/?post_type=product&#038;p=32906"},"modified":"2024-10-18T09:52:12","modified_gmt":"2024-10-18T07:52:12","slug":"digitales-honig-refraktometer-gelb","status":"publish","type":"product","link":"https:\/\/apimat.ch\/de\/produit\/digitales-honig-refraktometer-gelb\/","title":{"rendered":"Digitales Honig-Refraktometer &#8211; Gelb"},"content":{"rendered":"<p>Tragbares digitales Refraktometer zur einfachen Messung des Wassergehalts in Ihrem Honig. Dieses digitale Refraktometer erm\u00f6glicht die sofortige Messung des Brechungsindex (RI), der Konzentration und anderer Parameter f\u00fcr zahlreiche Fl\u00fcssigkeiten.<\/p>\n<p class=\"p1\"><b>DIE PREISE SIND JE NACH MENGE DEGRESSIV.<\/b><\/p>\n<p class=\"p1\"><b>F\u00fcr weitere Informationen kontaktieren Sie mich bitte.<\/b><\/p>\n<p class=\"p2\"><span class=\"s1\"><a href=\"mailto:info@apimat.ch\"><b>info@apimat.ch<\/b><\/a><\/span><\/p>\n<p class=\"p1\"><b>Telefon: 076 213 80 33<\/b><\/p>\n","protected":false},"excerpt":{"rendered":"<p>Tragbares digitales Refraktometer zur einfachen Messung des Wassergehalts in Ihrem Honig. Dieses digitale Refraktometer erm\u00f6glicht die sofortige Messung des Brechungsindex (RI), der Konzentration und anderer Parameter f\u00fcr zahlreiche Fl\u00fcssigkeiten. DIE PREISE SIND JE NACH MENGE DEGRESSIV. F\u00fcr weitere Informationen kontaktieren Sie mich bitte. info@apimat.ch Telefon: 076 213 80 33<\/p>\n","protected":false},"featured_media":32904,"template":"","meta":{"_uf_show_specific_survey":0,"_uf_disable_surveys":false},"product_cat":[1066,108],"product_tag":[],"aioseo_notices":[],"_links":{"self":[{"href":"https:\/\/apimat.ch\/de\/wp-json\/wp\/v2\/product\/32906"}],"collection":[{"href":"https:\/\/apimat.ch\/de\/wp-json\/wp\/v2\/product"}],"about":[{"href":"https:\/\/apimat.ch\/de\/wp-json\/wp\/v2\/types\/product"}],"wp:featuredmedia":[{"embeddable":true,"href":"https:\/\/apimat.ch\/de\/wp-json\/wp\/v2\/media\/32904"}],"wp:attachment":[{"href":"https:\/\/apimat.ch\/de\/wp-json\/wp\/v2\/media?parent=32906"}],"wp:term":[{"taxonomy":"product_cat","embeddable":true,"href":"https:\/\/apimat.ch\/de\/wp-json\/wp\/v2\/product_cat?post=32906"},{"taxonomy":"product_tag","embeddable":true,"href":"https:\/\/apimat.ch\/de\/wp-json\/wp\/v2\/product_tag?post=32906"}],"curies":[{"name":"wp","href":"https:\/\/api.w.org\/{rel}","templated":true}]}}