{"id":32924,"date":"2024-10-18T12:21:24","date_gmt":"2024-10-18T10:21:27","guid":{"rendered":"https:\/\/apimat.ch\/?post_type=product&#038;p=32924"},"modified":"2025-09-12T13:32:55","modified_gmt":"2025-09-12T11:32:55","slug":"instantvap-18v-lite-akkubetriebener-kabelloser-oxalsaeure-verdampfer","status":"publish","type":"product","link":"https:\/\/apimat.ch\/de\/produit\/instantvap-18v-lite-akkubetriebener-kabelloser-oxalsaeure-verdampfer\/","title":{"rendered":"InstantVap 18V Lite, akkubetriebener, kabelloser Oxals\u00e4ure-Verdampfer (50 Sekunden pro Volk)"},"content":{"rendered":"<p class=\"p1\"><b>InstantVap 18V Lite, akkubetriebener, kabelloser Oxals\u00e4ure-Verdampfer<\/b><\/p>\n<div class='avia-iframe-wrap'><iframe loading=\"lazy\" title=\"Introducing the InstantVap Lite oxalic acid vaporizer\" width=\"1500\" height=\"844\" src=\"https:\/\/www.youtube.com\/embed\/L0u6sz3oTkc?start=392&#038;feature=oembed\" frameborder=\"0\" allow=\"accelerometer; autoplay; clipboard-write; encrypted-media; gyroscope; picture-in-picture; web-share\" referrerpolicy=\"strict-origin-when-cross-origin\" allowfullscreen><\/iframe><\/div>\n<ul class=\"ul1\">\n<li class=\"li1\">Unser neues Lite-Modell f\u00fcr Hobby-Imker!<\/li>\n<li class=\"li1\">Empfohlen f\u00fcr maximal 20 V\u00f6lker<\/li>\n<li class=\"li1\">Funktioniert hervorragend mit Batterien geringer Kapazit\u00e4t<\/li>\n<li class=\"li1\">8 bis 10 V\u00f6lker k\u00f6nnen mit 2-Gramm-Dosen und einer 5-Ah-Batterie behandelt werden, einschlie\u00dflich Aufw\u00e4rmphase<\/li>\n<li class=\"li1\">Kabellose Version, mit einem Akku-Steckplatz Ihrer Wahl<\/li>\n<li class=\"li1\">Im Lieferumfang enthalten:\n<ul class=\"ul1\">\n<li class=\"li1\">1 Dosierer<\/li>\n<li class=\"li1\">1 Reinigungsdeckel<\/li>\n<li class=\"li1\">1 Ersatz-O-Ring f\u00fcr den Dosierer<\/li>\n<\/ul>\n<\/li>\n<li class=\"li1\">Batterien oder Ladeger\u00e4te sind NICHT enthalten (die in den Produktfotos gezeigten Batterien dienen nur zur Veranschaulichung)<\/li>\n<li class=\"li1\">Technische Daten: 18V-20V; 145W; 8A<\/li>\n<li class=\"li1\">Werkzeuglos einstellbarer Dosierer f\u00fcr Dosen von 1 bis 4 Gramm<\/li>\n<li class=\"li1\">Dynamische Temperaturregelung: Schnellere Behandlungen durch pr\u00e4zise Temperaturregelung<\/li>\n<li class=\"li1\">Intelligente LED-R\u00fcckmeldung:\n<ul class=\"ul1\">\n<li class=\"li1\">Langsames Blinken: Aufw\u00e4rmphase<\/li>\n<li class=\"li1\">Dauerleuchten: Bereit zur Behandlung<\/li>\n<li class=\"li1\">Schnelles Blinken: Verdampfung<\/li>\n<li class=\"li1\">Doppelblinken mit Pause: Batterie entladen<\/li>\n<\/ul>\n<\/li>\n<li class=\"li1\">Gute Sichtbarkeit der LED auch bei Sonnenlicht, ohne sich b\u00fccken zu m\u00fcssen<\/li>\n<li class=\"li1\">Pr\u00e4zises Temperaturmanagement: Verhindert \u00dcberhitzung f\u00fcr optimale Leistung<\/li>\n<li class=\"li1\">Ergonomische und robuste Edelstahlkonstruktion: Bequeme Handhabung, kippt nicht nach vorne, gew\u00e4hrleistet Stabilit\u00e4t und Langlebigkeit<\/li>\n<li class=\"li1\">Batterieschutzsystem: Verbesserter Schutz gegen Tiefentladung<\/li>\n<li class=\"li1\">Austauschbarer Messingstab: Niedrige Position f\u00fcr einfachen Zugang und f\u00fcr eine lange Lebensdauer ausgelegt<\/li>\n<li class=\"li1\">Behandlungsdauer: 50-60 Sekunden f\u00fcr eine 2-Gramm-Dosis Oxals\u00e4ure<\/li>\n<\/ul>\n<p class=\"p1\"><b>DETAILS<\/b><br \/>\nInstantVap 18V Lite, akkubetriebener, kabelloser Oxals\u00e4ure-Verdampfer<\/p>\n<ul class=\"ul1\">\n<li class=\"li1\">Leistung: 18V-20V; 145W; 8A<\/li>\n<li class=\"li1\">Etwa 0,5 Ah erforderlich zum Aufheizen, danach liefern 1,5 Ah genug Leistung f\u00fcr 10 Behandlungen mit 2 Gramm Oxals\u00e4ure bei einer Umgebungstemperatur von 20\u00b0C<\/li>\n<li class=\"li1\">Mit 2-Gramm-Dosen Oxals\u00e4ure dauert eine Behandlung 50-60 Sekunden<\/li>\n<li class=\"li1\">Verf\u00fcgbare Akku-Steckplatzoptionen:\n<ul class=\"ul1\">\n<li class=\"li1\">Parkside\u00ae X20V-TEAM 20V<\/li>\n<li class=\"li1\">Einhell\u00ae Power X Change 18V<\/li>\n<li class=\"li1\">Metabo\u00ae 18V<\/li>\n<li class=\"li1\">Makita\u00ae LXT 18V<\/li>\n<li class=\"li1\">Milwaukee\u00ae M18<\/li>\n<li class=\"li1\">Bosch\u00ae GBA\/ProCore 18V<\/li>\n<li class=\"li1\">Bosch\u00ae PBA\/Power4All 18V<\/li>\n<li class=\"li1\">Dewalt\u00ae XR 18\/20V, FlexVolt 20\/60V oder 18\/54V<\/li>\n<li class=\"li1\">AEG\u00ae 18V \/ Ridgid\u00ae 18V<\/li>\n<li class=\"li1\">Hikoki\u00ae\/Hitachi\u00ae 18V<\/li>\n<li class=\"li1\">Black+Decker\u00ae 18V<\/li>\n<li class=\"li1\">Ferrex\/Active Energy\u00ae 20V oder 20\/40V (nicht kompatibel mit der Version 12\/20V!)<\/li>\n<li class=\"li1\">LUX-Tools\u00ae 20V<\/li>\n<\/ul>\n<\/li>\n<li class=\"li1\">Das Ger\u00e4t ist nur mit einem Akkutyp kompatibel!<\/li>\n<li class=\"li1\">Intelligente LED-R\u00fcckmeldung:\n<ul class=\"ul1\">\n<li class=\"li1\">Langsames Blinken: Aufw\u00e4rmphase<\/li>\n<li class=\"li1\">Dauerleuchten: Bereit zur Dosierung<\/li>\n<li class=\"li1\">Schnelles Blinken: Verdampfung im Gange<\/li>\n<li class=\"li1\">Doppelblinken mit Pause: Batterie entladen<\/li>\n<\/ul>\n<\/li>\n<li class=\"li1\">S\u00e4urebest\u00e4ndiger Edelstahlrahmen und Dosierer<\/li>\n<li class=\"li1\">Pr\u00e4zise, dynamische Temperaturregelung, d. h. keine \u00dcberhitzung, keine Wartezeiten zum Abk\u00fchlen<\/li>\n<li class=\"li1\">Schnell und werkzeuglos einstellbarer Oxals\u00e4ure-Dosierer mit einer Skala von 1 bis 4 Gramm, der die Oxals\u00e4ure mit einem Druck dosiert<\/li>\n<li class=\"li1\">6 mm starker Messingauslauf, nicht anf\u00e4llig f\u00fcr Verstopfungen, da es keine Rohrbiegung gibt. Bei einer Verstopfung leicht zug\u00e4nglich und zu reinigen, das gesamte Rohr ist zug\u00e4nglich. Der Auslauf ist austauschbar.<\/li>\n<li class=\"li1\">Erfordert ein 6,5 mm gro\u00dfes Loch in der Bienenstockwand<\/li>\n<li class=\"li1\">Stabil im Bienenstockloch, f\u00e4llt nicht heraus und kippt nicht seitlich, tr\u00e4gt sein eigenes Gewicht (nicht darauf lehnen!)<\/li>\n<li class=\"li1\">Das Ger\u00e4t ist mit einem Tiefentladungsschutzschaltkreis ausgestattet, d. h. es schaltet sich bei 15,4V automatisch ab.<\/li>\n<li class=\"li1\">Doppelwandiger Ofen, funktioniert gut bei kaltem und windigem Wetter<\/li>\n<li class=\"li1\">Das Paket beinhaltet: Oxals\u00e4ureverdampfer mit dem Akku-Steckplatz Ihrer Wahl, 1 Oxals\u00e4ure-Dosierer, 1 Reinigungsdeckel, 1 Ersatz-O-Ring f\u00fcr den Dosierer<\/li>\n<li class=\"li1\">Ohne Batterie!<\/li>\n<li class=\"li1\">2 Jahre Garantie und Nachgarantiereparatur inklusive<\/li>\n<li class=\"li1\">Patentiertes Design<\/li>\n<\/ul>\n<p>WENN DAS GER\u00c4T SICH EINSCHALTET UND AUSSCHALTET UND DIE TEMPERATUR NICHT STEIGT, IST DAS EIN ANZEICHEN DAF\u00dcR, DASS DIE BATTERIE ENTLADEN IST. TRENEN SIE DIE BATTERIE AB UND ERSETZEN SIE SIE DURCH EINE VOLL AUFGELADENE BATTERIE.<\/p>\n<p>Achtung! Oxals\u00e4ure ist \u00e4u\u00dferst gef\u00e4hrlich f\u00fcr den menschlichen K\u00f6rper und sollte ohne Schutzausr\u00fcstung nicht verwendet werden!<\/p>\n<p class=\"p1\"><b>DIE PREISE SIND JE NACH MENGE DEGRESSIV.<\/b><\/p>\n<p class=\"p1\"><b>F\u00fcr weitere Informationen kontaktieren Sie mich bitte.<\/b><\/p>\n<p class=\"p2\"><span class=\"s1\"><a href=\"mailto:info@apimat.ch\"><b>info@apimat.ch<\/b><\/a><\/span><\/p>\n<p class=\"p1\"><b>Telefon: 076 213 80 33<\/b><\/p>\n<p>&nbsp;<\/p>\n","protected":false},"excerpt":{"rendered":"<p>InstantVap 18V Lite, akkubetriebener, kabelloser Oxals\u00e4ure-Verdampfer Unser neues Lite-Modell f\u00fcr Hobby-Imker! Empfohlen f\u00fcr maximal 20 V\u00f6lker Funktioniert hervorragend mit Batterien geringer Kapazit\u00e4t 8 bis 10 V\u00f6lker k\u00f6nnen mit 2-Gramm-Dosen und einer 5-Ah-Batterie behandelt werden, einschlie\u00dflich Aufw\u00e4rmphase Kabellose Version, mit einem Akku-Steckplatz Ihrer Wahl Im Lieferumfang enthalten: 1 Dosierer 1 Reinigungsdeckel 1 Ersatz-O-Ring f\u00fcr den Dosierer [&hellip;]<\/p>\n","protected":false},"featured_media":32936,"template":"","meta":{"_uf_show_specific_survey":0,"_uf_disable_surveys":false},"product_cat":[1066,390],"product_tag":[],"aioseo_notices":[],"_links":{"self":[{"href":"https:\/\/apimat.ch\/de\/wp-json\/wp\/v2\/product\/32924"}],"collection":[{"href":"https:\/\/apimat.ch\/de\/wp-json\/wp\/v2\/product"}],"about":[{"href":"https:\/\/apimat.ch\/de\/wp-json\/wp\/v2\/types\/product"}],"wp:featuredmedia":[{"embeddable":true,"href":"https:\/\/apimat.ch\/de\/wp-json\/wp\/v2\/media\/32936"}],"wp:attachment":[{"href":"https:\/\/apimat.ch\/de\/wp-json\/wp\/v2\/media?parent=32924"}],"wp:term":[{"taxonomy":"product_cat","embeddable":true,"href":"https:\/\/apimat.ch\/de\/wp-json\/wp\/v2\/product_cat?post=32924"},{"taxonomy":"product_tag","embeddable":true,"href":"https:\/\/apimat.ch\/de\/wp-json\/wp\/v2\/product_tag?post=32924"}],"curies":[{"name":"wp","href":"https:\/\/api.w.org\/{rel}","templated":true}]}}