{"id":33014,"date":"2024-10-26T17:46:32","date_gmt":"2024-10-26T15:46:33","guid":{"rendered":"https:\/\/apimat.ch\/?post_type=product&#038;p=33014"},"modified":"2024-10-26T17:54:22","modified_gmt":"2024-10-26T15:54:22","slug":"500g-honigglas-oe82mm-runde-glaeser-niedrige-form-packung-mit-20-stueck","status":"publish","type":"product","link":"https:\/\/apimat.ch\/de\/produit\/500g-honigglas-oe82mm-runde-glaeser-niedrige-form-packung-mit-20-stueck\/","title":{"rendered":"500g Honigglas \u00d882mm. Runde Gl\u00e4ser, niedrige Form (Packung mit 20 St\u00fcck)"},"content":{"rendered":"<p>500g Honigglas \u00d882mm. Runde Gl\u00e4ser, niedrige Form (Packung mit 20 St\u00fcck)<\/p>\n<p>0,60chf pro St\u00fcck<\/p>\n<p class=\"p1\"><b>DIE PREISE SIND JE NACH MENGE DEGRESSIV.<\/b><\/p>\n<p class=\"p1\"><b>F\u00fcr weitere Informationen kontaktieren Sie mich bitte.<\/b><\/p>\n<p class=\"p2\"><span class=\"s1\"><a href=\"mailto:info@apimat.ch\"><b>info@apimat.ch<\/b><\/a><\/span><\/p>\n<p class=\"p1\"><b>Telefon: 076 213 80 33<\/b><\/p>\n","protected":false},"excerpt":{"rendered":"<p>500g Honigglas \u00d882mm. Runde Gl\u00e4ser, niedrige Form (Packung mit 20 St\u00fcck) 0,60chf pro St\u00fcck DIE PREISE SIND JE NACH MENGE DEGRESSIV. F\u00fcr weitere Informationen kontaktieren Sie mich bitte. info@apimat.ch Telefon: 076 213 80 33<\/p>\n","protected":false},"featured_media":42160,"template":"","meta":{"_uf_show_specific_survey":0,"_uf_disable_surveys":false},"product_cat":[1066,106],"product_tag":[],"aioseo_notices":[],"_links":{"self":[{"href":"https:\/\/apimat.ch\/de\/wp-json\/wp\/v2\/product\/33014"}],"collection":[{"href":"https:\/\/apimat.ch\/de\/wp-json\/wp\/v2\/product"}],"about":[{"href":"https:\/\/apimat.ch\/de\/wp-json\/wp\/v2\/types\/product"}],"wp:featuredmedia":[{"embeddable":true,"href":"https:\/\/apimat.ch\/de\/wp-json\/wp\/v2\/media\/42160"}],"wp:attachment":[{"href":"https:\/\/apimat.ch\/de\/wp-json\/wp\/v2\/media?parent=33014"}],"wp:term":[{"taxonomy":"product_cat","embeddable":true,"href":"https:\/\/apimat.ch\/de\/wp-json\/wp\/v2\/product_cat?post=33014"},{"taxonomy":"product_tag","embeddable":true,"href":"https:\/\/apimat.ch\/de\/wp-json\/wp\/v2\/product_tag?post=33014"}],"curies":[{"name":"wp","href":"https:\/\/api.w.org\/{rel}","templated":true}]}}