{"id":33089,"date":"2024-10-29T18:12:21","date_gmt":"2024-10-29T17:47:38","guid":{"rendered":"https:\/\/apimat.ch\/?post_type=product&#038;p=33089"},"modified":"2024-10-29T18:49:22","modified_gmt":"2024-10-29T17:49:22","slug":"bienenstock-8-rahmen-im-schweizer-format-ideal-fuer-junge-voelker","status":"publish","type":"product","link":"https:\/\/apimat.ch\/de\/produit\/bienenstock-8-rahmen-im-schweizer-format-ideal-fuer-junge-voelker\/","title":{"rendered":"Bienenstock 8 Rahmen im Schweizer Format, ideal f\u00fcr junge V\u00f6lker"},"content":{"rendered":"<p>Bienenstock 8 Rahmen im Schweizer Format, ideal f\u00fcr junge V\u00f6lker aus Hartschaum wiegt nur 3,5 kg und kann bis zu 8 R\u00e4hmchen mit Schweizer Brut aufnehmen. Diese Kiste ist f\u00fcr die Bildung von Schw\u00e4rmen geeignet und kann auch als tempor\u00e4rer Bienenstock f\u00fcr Kolonien verwendet werden. Der Schwarm kann von oben eingef\u00fchrt und gef\u00fcttert werden. Zus\u00e4tzlich ist ein passender Futterautomat erh\u00e4ltlich. Der Kasten f\u00fcr junge Bienenv\u00f6lker eignet sich auch f\u00fcr die Aufzucht von K\u00f6niginnen.<\/p>\n<p>&#8211; Ma\u00dfe: 37 cm x 37 cm x 48,7 cm.<br \/>\n&#8211; Abmessungen mit Futterautomat: 37 cm x 37 cm x 56,0 cm.<\/p>\n<p>Ein kompletter Kasten f\u00fcr junge Bienenv\u00f6lker besteht aus einem Boden, zwei K\u00f6rpern, einem Deckel, einer Varroa-Schublade, einer Klarsichtfolie und einem Spanngurt. Die Kiste kann mit einem Futterautomaten erg\u00e4nzt werden.<\/p>\n<p class=\"p1\"><b>DIE PREISE SIND JE NACH MENGE DEGRESSIV.<\/b><\/p>\n<p class=\"p1\"><b>F\u00fcr weitere Informationen kontaktieren Sie mich bitte.<\/b><\/p>\n<p class=\"p2\"><span class=\"s1\"><a href=\"mailto:info@apimat.ch\"><b>info@apimat.ch<\/b><\/a><\/span><\/p>\n<p class=\"p1\"><b>Telefon: 076 213 80 33<\/b><\/p>\n","protected":false},"excerpt":{"rendered":"<p>Bienenstock 8 Rahmen im Schweizer Format, ideal f\u00fcr junge V\u00f6lker aus Hartschaum wiegt nur 3,5 kg und kann bis zu 8 R\u00e4hmchen mit Schweizer Brut aufnehmen. Diese Kiste ist f\u00fcr die Bildung von Schw\u00e4rmen geeignet und kann auch als tempor\u00e4rer Bienenstock f\u00fcr Kolonien verwendet werden. Der Schwarm kann von oben eingef\u00fchrt und gef\u00fcttert werden. Zus\u00e4tzlich [&hellip;]<\/p>\n","protected":false},"featured_media":33068,"template":"","meta":{"_uf_show_specific_survey":0,"_uf_disable_surveys":false},"product_cat":[101,1060],"product_tag":[],"aioseo_notices":[],"_links":{"self":[{"href":"https:\/\/apimat.ch\/de\/wp-json\/wp\/v2\/product\/33089"}],"collection":[{"href":"https:\/\/apimat.ch\/de\/wp-json\/wp\/v2\/product"}],"about":[{"href":"https:\/\/apimat.ch\/de\/wp-json\/wp\/v2\/types\/product"}],"wp:featuredmedia":[{"embeddable":true,"href":"https:\/\/apimat.ch\/de\/wp-json\/wp\/v2\/media\/33068"}],"wp:attachment":[{"href":"https:\/\/apimat.ch\/de\/wp-json\/wp\/v2\/media?parent=33089"}],"wp:term":[{"taxonomy":"product_cat","embeddable":true,"href":"https:\/\/apimat.ch\/de\/wp-json\/wp\/v2\/product_cat?post=33089"},{"taxonomy":"product_tag","embeddable":true,"href":"https:\/\/apimat.ch\/de\/wp-json\/wp\/v2\/product_tag?post=33089"}],"curies":[{"name":"wp","href":"https:\/\/api.w.org\/{rel}","templated":true}]}}