{"id":33330,"date":"2024-11-16T11:08:17","date_gmt":"2024-11-16T10:08:18","guid":{"rendered":"https:\/\/apimat.ch\/?post_type=product&#038;p=33330"},"modified":"2024-11-16T11:24:33","modified_gmt":"2024-11-16T10:24:33","slug":"entdeckelungsroller-mit-nadeln-aus-lebensmittelechtem-kunststoff","status":"publish","type":"product","link":"https:\/\/apimat.ch\/de\/produit\/entdeckelungsroller-mit-nadeln-aus-lebensmittelechtem-kunststoff\/","title":{"rendered":"Entdeckelungsroller mit Nadeln aus lebensmittelechtem Kunststoff"},"content":{"rendered":"<p>Entdeckelungsrolle mit Nadeln aus lebensmittelechtem Kunststoff<\/p>\n<p>Rollen Sie die Rolle mit leichtem Druck \u00fcber die Honigwabe und dr\u00fccken Sie die Nadeln in die Wabe. Sanft und einfach zu verwenden. Nadeln aus Kunststoff. Geeignet f\u00fcr das Entdeckeln und die Honiggewinnung.<\/p>\n<p>Ein Schaft mit einer L\u00e4nge von 90 mm und einem Durchmesser von 80 mm.<\/p>\n<p class=\"p1\"><b>DIE PREISE SIND JE NACH MENGE DEGRESSIV.<\/b><\/p>\n<p class=\"p1\"><b>F\u00fcr weitere Informationen kontaktieren Sie mich bitte.<\/b><\/p>\n<p class=\"p2\"><span class=\"s1\"><a href=\"mailto:info@apimat.ch\"><b>info@apimat.ch<\/b><\/a><\/span><\/p>\n<p class=\"p1\"><b>Telefon: 076 213 80 33<\/b><\/p>\n<p class=\"p3\">\n","protected":false},"excerpt":{"rendered":"<p>Entdeckelungsrolle mit Nadeln aus lebensmittelechtem Kunststoff Rollen Sie die Rolle mit leichtem Druck \u00fcber die Honigwabe und dr\u00fccken Sie die Nadeln in die Wabe. Sanft und einfach zu verwenden. Nadeln aus Kunststoff. Geeignet f\u00fcr das Entdeckeln und die Honiggewinnung. Ein Schaft mit einer L\u00e4nge von 90 mm und einem Durchmesser von 80 mm. DIE PREISE [&hellip;]<\/p>\n","protected":false},"featured_media":33332,"template":"","meta":{"_uf_show_specific_survey":0,"_uf_disable_surveys":false},"product_cat":[1066,108],"product_tag":[],"aioseo_notices":[],"_links":{"self":[{"href":"https:\/\/apimat.ch\/de\/wp-json\/wp\/v2\/product\/33330"}],"collection":[{"href":"https:\/\/apimat.ch\/de\/wp-json\/wp\/v2\/product"}],"about":[{"href":"https:\/\/apimat.ch\/de\/wp-json\/wp\/v2\/types\/product"}],"wp:featuredmedia":[{"embeddable":true,"href":"https:\/\/apimat.ch\/de\/wp-json\/wp\/v2\/media\/33332"}],"wp:attachment":[{"href":"https:\/\/apimat.ch\/de\/wp-json\/wp\/v2\/media?parent=33330"}],"wp:term":[{"taxonomy":"product_cat","embeddable":true,"href":"https:\/\/apimat.ch\/de\/wp-json\/wp\/v2\/product_cat?post=33330"},{"taxonomy":"product_tag","embeddable":true,"href":"https:\/\/apimat.ch\/de\/wp-json\/wp\/v2\/product_tag?post=33330"}],"curies":[{"name":"wp","href":"https:\/\/api.w.org\/{rel}","templated":true}]}}