{"id":33458,"date":"2024-11-22T11:04:05","date_gmt":"2024-11-22T10:07:17","guid":{"rendered":"https:\/\/apimat.ch\/?post_type=product&#038;p=33458"},"modified":"2024-11-22T11:08:39","modified_gmt":"2024-11-22T10:08:39","slug":"rauchstreifen-aus-reiner-zellulose-packung-mit-60-stueck","status":"publish","type":"product","link":"https:\/\/apimat.ch\/de\/produit\/rauchstreifen-aus-reiner-zellulose-packung-mit-60-stueck\/","title":{"rendered":"Rauchstreifen aus reiner Zellulose \u2013 Packung mit 60 St\u00fcck"},"content":{"rendered":"<p>R\u00e4ucherstreifen aus reiner Zellulose f\u00fcr den schnellen Einsatz in Bienenst\u00f6cken.<\/p>\n<p>Eine Packung enth\u00e4lt ca. 60 R\u00e4ucherstreifen und einen Halter, der separat verwendet oder in einen Smoker eingesetzt werden kann.<\/p>\n<p>&nbsp;<\/p>\n<p class=\"p1\"><b>DIE PREISE SIND JE NACH MENGE DEGRESSIV.<\/b><\/p>\n<p class=\"p1\"><b>F\u00fcr weitere Informationen kontaktieren Sie mich bitte.<\/b><\/p>\n<p class=\"p2\"><span class=\"s1\"><a href=\"mailto:info@apimat.ch\"><b>info@apimat.ch<\/b><\/a><\/span><\/p>\n<p class=\"p1\"><b>Telefon: 076 213 80 33<\/b><\/p>\n<p>&nbsp;<\/p>\n","protected":false},"excerpt":{"rendered":"<p>R\u00e4ucherstreifen aus reiner Zellulose f\u00fcr den schnellen Einsatz in Bienenst\u00f6cken. Eine Packung enth\u00e4lt ca. 60 R\u00e4ucherstreifen und einen Halter, der separat verwendet oder in einen Smoker eingesetzt werden kann. &nbsp; DIE PREISE SIND JE NACH MENGE DEGRESSIV. F\u00fcr weitere Informationen kontaktieren Sie mich bitte. info@apimat.ch Telefon: 076 213 80 33 &nbsp;<\/p>\n","protected":false},"featured_media":33454,"template":"","meta":{"_uf_show_specific_survey":0,"_uf_disable_surveys":false},"product_cat":[1066,98],"product_tag":[],"aioseo_notices":[],"_links":{"self":[{"href":"https:\/\/apimat.ch\/de\/wp-json\/wp\/v2\/product\/33458"}],"collection":[{"href":"https:\/\/apimat.ch\/de\/wp-json\/wp\/v2\/product"}],"about":[{"href":"https:\/\/apimat.ch\/de\/wp-json\/wp\/v2\/types\/product"}],"wp:featuredmedia":[{"embeddable":true,"href":"https:\/\/apimat.ch\/de\/wp-json\/wp\/v2\/media\/33454"}],"wp:attachment":[{"href":"https:\/\/apimat.ch\/de\/wp-json\/wp\/v2\/media?parent=33458"}],"wp:term":[{"taxonomy":"product_cat","embeddable":true,"href":"https:\/\/apimat.ch\/de\/wp-json\/wp\/v2\/product_cat?post=33458"},{"taxonomy":"product_tag","embeddable":true,"href":"https:\/\/apimat.ch\/de\/wp-json\/wp\/v2\/product_tag?post=33458"}],"curies":[{"name":"wp","href":"https:\/\/api.w.org\/{rel}","templated":true}]}}