{"id":33462,"date":"2024-11-22T09:50:26","date_gmt":"2024-11-22T10:10:17","guid":{"rendered":"https:\/\/apimat.ch\/?post_type=product&#038;p=33462"},"modified":"2024-11-22T11:14:10","modified_gmt":"2024-11-22T10:14:10","slug":"wachsschmelzer-und-desinfektionsgeraet-100-l-mit-dampfgenerator-edelstahl-12-dadant-brutrahmen","status":"publish","type":"product","link":"https:\/\/apimat.ch\/de\/produit\/wachsschmelzer-und-desinfektionsgeraet-100-l-mit-dampfgenerator-edelstahl-12-dadant-brutrahmen\/","title":{"rendered":"Wachsschmelzer und Desinfektionsger\u00e4t, 100 L, mit Dampfgenerator, Edelstahl (12 Dadant-Brutrahmen)."},"content":{"rendered":"<p><strong>Dieser Wachsschmelzer ist vollst\u00e4ndig aus Edelstahl gefertigt und wird f\u00fcr Hobbyimker empfohlen.<\/strong><br \/>\nEr dient zum Schmelzen des Wachses aus Waben und erm\u00f6glicht die Gewinnung von reinem Wachs. Auch die Wachskappen, die beim Entdeckeln entstehen, k\u00f6nnen geschmolzen werden.<\/p>\n<p>Das reine Bienenwachs flie\u00dft durch den perforierten Boden des Wachsschmelzers in ein Rohr, das zu einem externen Beh\u00e4lter f\u00fchrt, w\u00e4hrend die R\u00fcckst\u00e4nde im perforierten Korb verbleiben. Gleichzeitig werden die R\u00e4hmchen desinfiziert. Die Schmelzzeit betr\u00e4gt etwa 30 Minuten.<\/p>\n<p>Der \u00e4u\u00dfere Beh\u00e4lter des Wachsschmelzers kann auch zur Desinfektion von Werkzeugen, Materialien und Imkereirahmen verwendet werden. W\u00e4hrend der Desinfektion muss der Gewindeausgang geschlossen sein.<\/p>\n<p>Der Wachsschmelzer besteht aus einem Edelstahlbeh\u00e4lter mit einem Fassungsverm\u00f6gen von 100 Litern, einem perforierten Korb am Boden des Beh\u00e4lters und einem Dampferzeuger, der trockenen Dampf produziert und die richtige Temperatur f\u00fcr das Wachsschmelzen liefert.<\/p>\n<p><strong>Technische Daten:<\/strong><\/p>\n<ul>\n<li><strong>Durchmesser:<\/strong> 47 cm<\/li>\n<li><strong>H\u00f6he:<\/strong> 72 cm<\/li>\n<li><strong>H\u00f6he des Auslasses:<\/strong> 12 cm<\/li>\n<li><strong>Leistung des Dampferzeugers:<\/strong> 2200W\/230V<\/li>\n<li><strong>Kapazit\u00e4t:<\/strong> 15 Langstroth-R\u00e4hmchen oder 13 A\u017d-R\u00e4hmchen (je nach Alter der Waben)<\/li>\n<\/ul>\n<p><strong>Einfache Anwendung:<\/strong><br \/>\nDie R\u00e4hmchen werden in den perforierten Korb gelegt. Etwa 3 Liter Wasser werden in den Dampferzeuger gegeben, der anschlie\u00dfend an die Stromversorgung angeschlossen wird. Der trockene Dampf wird durch das Rohr geleitet. Die Wassermenge im Dampferzeuger reicht f\u00fcr etwa 50 Minuten Betrieb.<\/p>\n<p>&nbsp;<\/p>\n<p class=\"p1\"><b>DIE PREISE SIND JE NACH MENGE DEGRESSIV.<\/b><\/p>\n<p class=\"p1\"><b>F\u00fcr weitere Informationen kontaktieren Sie mich bitte.<\/b><\/p>\n<p class=\"p2\"><span class=\"s1\"><a href=\"mailto:info@apimat.ch\"><b>info@apimat.ch<\/b><\/a><\/span><\/p>\n<p class=\"p1\"><b>Telefon: 076 213 80 33<\/b><\/p>\n<p>&nbsp;<\/p>\n","protected":false},"excerpt":{"rendered":"<p>Dieser Wachsschmelzer ist vollst\u00e4ndig aus Edelstahl gefertigt und wird f\u00fcr Hobbyimker empfohlen. Er dient zum Schmelzen des Wachses aus Waben und erm\u00f6glicht die Gewinnung von reinem Wachs. Auch die Wachskappen, die beim Entdeckeln entstehen, k\u00f6nnen geschmolzen werden. Das reine Bienenwachs flie\u00dft durch den perforierten Boden des Wachsschmelzers in ein Rohr, das zu einem externen Beh\u00e4lter [&hellip;]<\/p>\n","protected":false},"featured_media":33439,"template":"","meta":{"_uf_show_specific_survey":0,"_uf_disable_surveys":false},"product_cat":[1066,103],"product_tag":[],"aioseo_notices":[],"_links":{"self":[{"href":"https:\/\/apimat.ch\/de\/wp-json\/wp\/v2\/product\/33462"}],"collection":[{"href":"https:\/\/apimat.ch\/de\/wp-json\/wp\/v2\/product"}],"about":[{"href":"https:\/\/apimat.ch\/de\/wp-json\/wp\/v2\/types\/product"}],"wp:featuredmedia":[{"embeddable":true,"href":"https:\/\/apimat.ch\/de\/wp-json\/wp\/v2\/media\/33439"}],"wp:attachment":[{"href":"https:\/\/apimat.ch\/de\/wp-json\/wp\/v2\/media?parent=33462"}],"wp:term":[{"taxonomy":"product_cat","embeddable":true,"href":"https:\/\/apimat.ch\/de\/wp-json\/wp\/v2\/product_cat?post=33462"},{"taxonomy":"product_tag","embeddable":true,"href":"https:\/\/apimat.ch\/de\/wp-json\/wp\/v2\/product_tag?post=33462"}],"curies":[{"name":"wp","href":"https:\/\/api.w.org\/{rel}","templated":true}]}}