{"id":34243,"date":"2025-02-12T16:35:44","date_gmt":"2025-02-12T15:54:39","guid":{"rendered":"https:\/\/apimat.ch\/?post_type=product&#038;p=34243"},"modified":"2025-02-12T16:55:54","modified_gmt":"2025-02-12T15:55:54","slug":"wabenzange-fuer-hinterbehandlungsbeuten","status":"publish","type":"product","link":"https:\/\/apimat.ch\/de\/produit\/wabenzange-fuer-hinterbehandlungsbeuten\/","title":{"rendered":"Wabenzange f\u00fcr Hinterbehandlungsbeuten"},"content":{"rendered":"<p>Wabenzange f\u00fcr Warmbau- und Hinterbehandlungsbeuten mit ergonomischer, handfreundlicher Griffstellung<\/p>\n<p>Griffe mit gelbem Kunststoff \u00fcberzogen, mit Feder zur Selbst\u00f6ffnung f\u00fcr<br \/>\nerm\u00fcdungsfreies Arbeiten.<\/p>\n<p>Greifbacken aus Edelstahl<br \/>\nZange aus Chrom-Vanadium-Stahl<\/p>\n<p>L\u00e4nge: 26 cm<\/p>\n<p>&nbsp;<\/p>\n<p class=\"p1\"><b>DIE PREISE SIND JE NACH MENGE DEGRESSIV.<\/b><\/p>\n<p class=\"p1\"><b>F\u00fcr weitere Informationen kontaktieren Sie mich bitte.<\/b><\/p>\n<p class=\"p2\"><span class=\"s1\"><a href=\"mailto:info@apimat.ch\"><b>info@apimat.ch<\/b><\/a><\/span><\/p>\n<p class=\"p1\"><b>Telefon: 076 213 80 33<\/b><\/p>\n<p>&nbsp;<\/p>\n","protected":false},"excerpt":{"rendered":"<p>Wabenzange f\u00fcr Warmbau- und Hinterbehandlungsbeuten mit ergonomischer, handfreundlicher Griffstellung Griffe mit gelbem Kunststoff \u00fcberzogen, mit Feder zur Selbst\u00f6ffnung f\u00fcr erm\u00fcdungsfreies Arbeiten. Greifbacken aus Edelstahl Zange aus Chrom-Vanadium-Stahl L\u00e4nge: 26 cm &nbsp; DIE PREISE SIND JE NACH MENGE DEGRESSIV. F\u00fcr weitere Informationen kontaktieren Sie mich bitte. info@apimat.ch Telefon: 076 213 80 33 &nbsp;<\/p>\n","protected":false},"featured_media":34239,"template":"","meta":{"_uf_show_specific_survey":0,"_uf_disable_surveys":false},"product_cat":[1066,98],"product_tag":[],"aioseo_notices":[],"_links":{"self":[{"href":"https:\/\/apimat.ch\/de\/wp-json\/wp\/v2\/product\/34243"}],"collection":[{"href":"https:\/\/apimat.ch\/de\/wp-json\/wp\/v2\/product"}],"about":[{"href":"https:\/\/apimat.ch\/de\/wp-json\/wp\/v2\/types\/product"}],"wp:featuredmedia":[{"embeddable":true,"href":"https:\/\/apimat.ch\/de\/wp-json\/wp\/v2\/media\/34239"}],"wp:attachment":[{"href":"https:\/\/apimat.ch\/de\/wp-json\/wp\/v2\/media?parent=34243"}],"wp:term":[{"taxonomy":"product_cat","embeddable":true,"href":"https:\/\/apimat.ch\/de\/wp-json\/wp\/v2\/product_cat?post=34243"},{"taxonomy":"product_tag","embeddable":true,"href":"https:\/\/apimat.ch\/de\/wp-json\/wp\/v2\/product_tag?post=34243"}],"curies":[{"name":"wp","href":"https:\/\/api.w.org\/{rel}","templated":true}]}}