{"id":34246,"date":"2025-02-12T15:44:20","date_gmt":"2025-02-12T15:58:36","guid":{"rendered":"https:\/\/apimat.ch\/?post_type=product&#038;p=34246"},"modified":"2025-02-12T16:59:23","modified_gmt":"2025-02-12T15:59:23","slug":"dreibein-die-rueckenschonende-abstellhilfe-fuer-ihre-zargen","status":"publish","type":"product","link":"https:\/\/apimat.ch\/de\/produit\/dreibein-die-rueckenschonende-abstellhilfe-fuer-ihre-zargen\/","title":{"rendered":"Dreibein \u2013 Die r\u00fcckenschonende Abstellhilfe f\u00fcr Ihre Zargen"},"content":{"rendered":"<p>Erleichtern Sie sich die Arbeit bei der Imkerei mit dem Dreibein \u2013 Abstellhilfe f\u00fcr Zargen!<br \/>\nDiese ergonomische L\u00f6sung erm\u00f6glicht es Ihnen, schwere Honigr\u00e4ume bequem und r\u00fcckenschonend abzustellen.<br \/>\nMit dem stabilen Dreibein haben Sie immer einen sicheren und<br \/>\npraktischen Abstellplatz f\u00fcr Ihre Zargen \u2013 ideal f\u00fcr eine effiziente und m\u00fchelose Arbeit.<\/p>\n<p>Eigenschaften:<br \/>\n&#8211; Ergonomisches Design:<br \/>\nDas Dreibein sorgt daf\u00fcr, dass Sie schwere Zargen ohne Anstrengung<br \/>\nabstellen k\u00f6nnen, was Ihre Haltung schont und R\u00fcckenschmerzen<br \/>\nvorbeugt.<\/p>\n<p>&#8211; Galvanisch verzinkt:<br \/>\nDer Korrosionsschutz sorgt f\u00fcr eine lange Lebensdauer.<\/p>\n<p>-Werkzeugfreie Handhabung:<br \/>\nDie Beine des Dreibeins k\u00f6nnen ohne Werkzeug abgenommen und<br \/>\nwieder montiert werden, was die Nutzung flexibel und einfach macht.<\/p>\n<p>&#8211; Ausgleich bei Unebenheiten:<br \/>\nDie verstellbaren Beine erm\u00f6glichen es Ihnen, leichte Unebenheiten im Boden auszugleichen, sodass das Dreibein stets stabil steht, egal wo Sie es verwenden.<\/p>\n<p>Abm. Produktverpackung:<br \/>\n64 x 19 x 15 cm<br \/>\nGewicht: 5,9 kg<\/p>\n<p class=\"p1\"><b>DIE PREISE SIND JE NACH MENGE DEGRESSIV.<\/b><\/p>\n<p class=\"p1\"><b>F\u00fcr weitere Informationen kontaktieren Sie mich bitte.<\/b><\/p>\n<p class=\"p2\"><span class=\"s1\"><a href=\"mailto:info@apimat.ch\"><b>info@apimat.ch<\/b><\/a><\/span><\/p>\n<p class=\"p1\"><b>Telefon: 076 213 80 33<\/b><\/p>\n","protected":false},"excerpt":{"rendered":"<p>Erleichtern Sie sich die Arbeit bei der Imkerei mit dem Dreibein \u2013 Abstellhilfe f\u00fcr Zargen! Diese ergonomische L\u00f6sung erm\u00f6glicht es Ihnen, schwere Honigr\u00e4ume bequem und r\u00fcckenschonend abzustellen. Mit dem stabilen Dreibein haben Sie immer einen sicheren und praktischen Abstellplatz f\u00fcr Ihre Zargen \u2013 ideal f\u00fcr eine effiziente und m\u00fchelose Arbeit. Eigenschaften: &#8211; Ergonomisches Design: Das [&hellip;]<\/p>\n","protected":false},"featured_media":34233,"template":"","meta":{"_uf_show_specific_survey":0,"_uf_disable_surveys":false},"product_cat":[1066,98],"product_tag":[],"aioseo_notices":[],"_links":{"self":[{"href":"https:\/\/apimat.ch\/de\/wp-json\/wp\/v2\/product\/34246"}],"collection":[{"href":"https:\/\/apimat.ch\/de\/wp-json\/wp\/v2\/product"}],"about":[{"href":"https:\/\/apimat.ch\/de\/wp-json\/wp\/v2\/types\/product"}],"wp:featuredmedia":[{"embeddable":true,"href":"https:\/\/apimat.ch\/de\/wp-json\/wp\/v2\/media\/34233"}],"wp:attachment":[{"href":"https:\/\/apimat.ch\/de\/wp-json\/wp\/v2\/media?parent=34246"}],"wp:term":[{"taxonomy":"product_cat","embeddable":true,"href":"https:\/\/apimat.ch\/de\/wp-json\/wp\/v2\/product_cat?post=34246"},{"taxonomy":"product_tag","embeddable":true,"href":"https:\/\/apimat.ch\/de\/wp-json\/wp\/v2\/product_tag?post=34246"}],"curies":[{"name":"wp","href":"https:\/\/api.w.org\/{rel}","templated":true}]}}