{"id":34375,"date":"2025-02-22T06:15:41","date_gmt":"2025-02-22T05:21:10","guid":{"rendered":"https:\/\/apimat.ch\/?post_type=product&#038;p=34375"},"modified":"2025-02-22T06:25:12","modified_gmt":"2025-02-22T05:25:12","slug":"bienenstockkarre-mit-verstellbarer-seitlicher-klemmung-fuer-sicheren-transport","status":"publish","type":"product","link":"https:\/\/apimat.ch\/de\/produit\/bienenstockkarre-mit-verstellbarer-seitlicher-klemmung-fuer-sicheren-transport\/","title":{"rendered":"Bienenstockkarre mit verstellbarer seitlicher Klemmung f\u00fcr sicheren Transport"},"content":{"rendered":"<p>Bienenstockkarre mit verstellbarer seitlicher Klemmung \u2013 Sicherer und flexibler Transport<\/p>\n<p>Diese speziell f\u00fcr Imker entwickelte Karre erm\u00f6glicht den einfachen Transport von Bienenst\u00f6cken dank ihres verstellbaren seitlichen Klemmmechanismus und der anpassbaren Breite. Sie greift den Bienenstock von unten und sorgt so f\u00fcr einen stabilen und sicheren Halt.<\/p>\n<ul>\n<li>Kompatibilit\u00e4t: Ideal f\u00fcr Beuten mit wendbaren B\u00f6den<\/li>\n<li>Material: Robuste Metallkonstruktion<\/li>\n<li>Gewicht: 16,5 kg<\/li>\n<li>Garantie: 1 Jahr<\/li>\n<\/ul>\n<p>Ein praktisches und zuverl\u00e4ssiges Werkzeug, um den Transport Ihrer Bienenst\u00f6cke zu erleichtern.<\/p>\n<p class=\"p1\"><b>DIE PREISE SIND JE NACH MENGE DEGRESSIV.<\/b><\/p>\n<p class=\"p1\"><b>F\u00fcr weitere Informationen kontaktieren Sie mich bitte.<\/b><\/p>\n<p class=\"p2\"><span class=\"s1\"><a href=\"mailto:info@apimat.ch\"><b>info@apimat.ch<\/b><\/a><\/span><\/p>\n<p class=\"p1\"><b>Telefon: 076 213 80 33<\/b><\/p>\n<p>&nbsp;<\/p>\n","protected":false},"excerpt":{"rendered":"<p>Bienenstockkarre mit verstellbarer seitlicher Klemmung \u2013 Sicherer und flexibler Transport Diese speziell f\u00fcr Imker entwickelte Karre erm\u00f6glicht den einfachen Transport von Bienenst\u00f6cken dank ihres verstellbaren seitlichen Klemmmechanismus und der anpassbaren Breite. Sie greift den Bienenstock von unten und sorgt so f\u00fcr einen stabilen und sicheren Halt. Kompatibilit\u00e4t: Ideal f\u00fcr Beuten mit wendbaren B\u00f6den Material: Robuste [&hellip;]<\/p>\n","protected":false},"featured_media":34373,"template":"","meta":{"_uf_show_specific_survey":0,"_uf_disable_surveys":false},"product_cat":[1066,98],"product_tag":[],"aioseo_notices":[],"_links":{"self":[{"href":"https:\/\/apimat.ch\/de\/wp-json\/wp\/v2\/product\/34375"}],"collection":[{"href":"https:\/\/apimat.ch\/de\/wp-json\/wp\/v2\/product"}],"about":[{"href":"https:\/\/apimat.ch\/de\/wp-json\/wp\/v2\/types\/product"}],"wp:featuredmedia":[{"embeddable":true,"href":"https:\/\/apimat.ch\/de\/wp-json\/wp\/v2\/media\/34373"}],"wp:attachment":[{"href":"https:\/\/apimat.ch\/de\/wp-json\/wp\/v2\/media?parent=34375"}],"wp:term":[{"taxonomy":"product_cat","embeddable":true,"href":"https:\/\/apimat.ch\/de\/wp-json\/wp\/v2\/product_cat?post=34375"},{"taxonomy":"product_tag","embeddable":true,"href":"https:\/\/apimat.ch\/de\/wp-json\/wp\/v2\/product_tag?post=34375"}],"curies":[{"name":"wp","href":"https:\/\/api.w.org\/{rel}","templated":true}]}}