{"id":34387,"date":"2025-02-22T06:38:34","date_gmt":"2025-02-22T05:42:32","guid":{"rendered":"https:\/\/apimat.ch\/?post_type=product&#038;p=34387"},"modified":"2025-06-14T10:51:09","modified_gmt":"2025-06-14T08:51:09","slug":"akustischer-fuellstandsanzeiger-aus-edelstahl-effektiver-schutz-vor-ueberlaufen","status":"publish","type":"product","link":"https:\/\/apimat.ch\/de\/produit\/akustischer-fuellstandsanzeiger-aus-edelstahl-effektiver-schutz-vor-ueberlaufen\/","title":{"rendered":"Akustischer F\u00fcllstandsanzeiger aus Edelstahl \u2013 Effektiver Schutz vor \u00dcberlaufen"},"content":{"rendered":"<p data-start=\"117\" data-end=\"364\">Dieser akustische F\u00fcllstandsanzeiger warnt Sie mit einem lauten Signalton, sobald der F\u00fcllstand Ihres Fasses, Beh\u00e4lters oder Reifetanks den Rand erreicht. So k\u00f6nnen Sie den Beh\u00e4lter beruhigt f\u00fcllen und sich w\u00e4hrenddessen anderen Aufgaben widmen.<\/p>\n<p data-start=\"366\" data-end=\"764\">\ud83d\udd39 <strong data-start=\"369\" data-end=\"394\">Einfache Installation<\/strong>: L\u00e4sst sich m\u00fchelos am Rand des Beh\u00e4lters befestigen<br data-start=\"447\" data-end=\"450\" \/>\ud83d\udd39 <strong data-start=\"453\" data-end=\"479\">Automatische Erkennung<\/strong>: Erkennt den steigenden Honigstand und aktiviert das Warnsignal<br data-start=\"543\" data-end=\"546\" data-is-only-node=\"\" \/>\ud83d\udd39 <strong data-start=\"549\" data-end=\"571\">Erh\u00f6hte Sicherheit<\/strong>: Verhindert \u00dcberlaufen und Produktverluste<br data-start=\"614\" data-end=\"617\" \/>\ud83d\udd39 <strong data-start=\"620\" data-end=\"647\">Hochwertige Materialien<\/strong>: Aus Edelstahl und lebensmittelechtem Kunststoff gefertigt<br data-start=\"706\" data-end=\"709\" \/>\ud83d\udd39 <strong data-start=\"712\" data-end=\"731\">Stromversorgung<\/strong>: Betrieb mit einer 9V-Batterie<\/p>\n<p data-start=\"766\" data-end=\"848\" data-is-last-node=\"\" data-is-only-node=\"\">Ein unverzichtbares Zubeh\u00f6r f\u00fcr pr\u00e4zises und stressfreies Arbeiten in der Imkerei!<\/p>\n<p class=\"p2\"><b>DIE PREISE SIND JE NACH MENGE DEGRESSIV.<\/b><\/p>\n<p class=\"p2\"><b>F\u00fcr weitere Informationen kontaktieren Sie mich bitte.<\/b><\/p>\n<p class=\"p3\"><span class=\"s1\"><a href=\"mailto:info@apimat.ch\"><b>info@apimat.ch<\/b><\/a><\/span><\/p>\n<p class=\"p2\"><b>Telefon: 076 213 80 33<\/b><\/p>\n","protected":false},"excerpt":{"rendered":"<p>Dieser akustische F\u00fcllstandsanzeiger warnt Sie mit einem lauten Signalton, sobald der F\u00fcllstand Ihres Fasses, Beh\u00e4lters oder Reifetanks den Rand erreicht. So k\u00f6nnen Sie den Beh\u00e4lter beruhigt f\u00fcllen und sich w\u00e4hrenddessen anderen Aufgaben widmen. \ud83d\udd39 Einfache Installation: L\u00e4sst sich m\u00fchelos am Rand des Beh\u00e4lters befestigen\ud83d\udd39 Automatische Erkennung: Erkennt den steigenden Honigstand und aktiviert das Warnsignal\ud83d\udd39 Erh\u00f6hte [&hellip;]<\/p>\n","protected":false},"featured_media":34381,"template":"","meta":{"_uf_show_specific_survey":0,"_uf_disable_surveys":false},"product_cat":[1066,108],"product_tag":[],"aioseo_notices":[],"_links":{"self":[{"href":"https:\/\/apimat.ch\/de\/wp-json\/wp\/v2\/product\/34387"}],"collection":[{"href":"https:\/\/apimat.ch\/de\/wp-json\/wp\/v2\/product"}],"about":[{"href":"https:\/\/apimat.ch\/de\/wp-json\/wp\/v2\/types\/product"}],"wp:featuredmedia":[{"embeddable":true,"href":"https:\/\/apimat.ch\/de\/wp-json\/wp\/v2\/media\/34381"}],"wp:attachment":[{"href":"https:\/\/apimat.ch\/de\/wp-json\/wp\/v2\/media?parent=34387"}],"wp:term":[{"taxonomy":"product_cat","embeddable":true,"href":"https:\/\/apimat.ch\/de\/wp-json\/wp\/v2\/product_cat?post=34387"},{"taxonomy":"product_tag","embeddable":true,"href":"https:\/\/apimat.ch\/de\/wp-json\/wp\/v2\/product_tag?post=34387"}],"curies":[{"name":"wp","href":"https:\/\/api.w.org\/{rel}","templated":true}]}}