{"id":34416,"date":"2025-02-22T07:43:17","date_gmt":"2025-02-22T06:46:00","guid":{"rendered":"https:\/\/apimat.ch\/?post_type=product&#038;p=34416"},"modified":"2025-02-22T07:46:43","modified_gmt":"2025-02-22T06:46:43","slug":"futterzarge-aus-kunststoff-6-l-praktische-und-sichere-fuetterung-fuer-6-waben-ablegerkaesten","status":"publish","type":"product","link":"https:\/\/apimat.ch\/de\/produit\/futterzarge-aus-kunststoff-6-l-praktische-und-sichere-fuetterung-fuer-6-waben-ablegerkaesten\/","title":{"rendered":"Futterzarge aus Kunststoff 6 L \u2013 Praktische und sichere F\u00fctterung f\u00fcr 6-Waben-Ablegerk\u00e4sten"},"content":{"rendered":"<h3 data-start=\"92\" data-end=\"149\"><strong data-start=\"96\" data-end=\"147\">Effiziente F\u00fctterung ohne die Kolonie zu st\u00f6ren<\/strong><\/h3>\n<p data-start=\"151\" data-end=\"435\">Diese 6-Liter-Futterzarge erm\u00f6glicht die einfache F\u00fctterung Ihrer Bienen, ohne den Bienenstock zu \u00f6ffnen oder die Kolonie auszuk\u00fchlen. Hergestellt aus recyceltem lebensmittelechtem Kunststoff, bietet sie vielseitige Einsatzm\u00f6glichkeiten f\u00fcr fl\u00fcssige, feste oder gemischte F\u00fctterung.<\/p>\n<h3 data-start=\"437\" data-end=\"455\"><strong data-start=\"441\" data-end=\"453\">Vorteile<\/strong><\/h3>\n<p data-start=\"456\" data-end=\"974\">\u2705 <strong data-start=\"458\" data-end=\"479\">Sichere F\u00fctterung<\/strong>: Zwei Eing\u00e4nge mit Kunststoffkappen verhindern das Ertrinken der Bienen<br data-start=\"551\" data-end=\"554\" \/>\u2705 <strong data-start=\"556\" data-end=\"582\">Doppeltes 3-Liter-Fach<\/strong>: Sorgt f\u00fcr eine gleichm\u00e4\u00dfige Verteilung des Futters, auch bei geneigtem Bienenstock<br data-start=\"666\" data-end=\"669\" \/>\u2705 <strong data-start=\"671\" data-end=\"696\">Vielseitig einsetzbar<\/strong>: Zwei verschlie\u00dfbare \u00d6ffnungen erm\u00f6glichen die F\u00fctterung mit Fondant bei Bedarf<br data-start=\"776\" data-end=\"779\" \/>\u2705 <strong data-start=\"781\" data-end=\"799\">Kompatibilit\u00e4t<\/strong>: Passend f\u00fcr 6-Waben-Ablegerk\u00e4sten aus Holz<br data-start=\"843\" data-end=\"846\" \/>\u2705 <strong data-start=\"848\" data-end=\"879\">Umweltfreundliches Material<\/strong>: Hergestellt aus recyceltem, lebensmittelechtem Kunststoff, langlebig und leicht zu reinigen<\/p>\n<p data-start=\"976\" data-end=\"1085\" data-is-last-node=\"\" data-is-only-node=\"\">Ein unverzichtbares Zubeh\u00f6r f\u00fcr eine effiziente und sichere F\u00fctterung Ihrer Bienenv\u00f6lker das ganze Jahr \u00fcber!<\/p>\n<p class=\"p1\"><b>DIE PREISE SIND JE NACH MENGE DEGRESSIV.<\/b><\/p>\n<p class=\"p1\"><b>F\u00fcr weitere Informationen kontaktieren Sie mich bitte.<\/b><\/p>\n<p class=\"p2\"><span class=\"s1\"><a href=\"mailto:info@apimat.ch\"><b>info@apimat.ch<\/b><\/a><\/span><\/p>\n<p class=\"p1\"><b>Telefon: 076 213 80 33<\/b><\/p>\n","protected":false},"excerpt":{"rendered":"<p>Effiziente F\u00fctterung ohne die Kolonie zu st\u00f6ren Diese 6-Liter-Futterzarge erm\u00f6glicht die einfache F\u00fctterung Ihrer Bienen, ohne den Bienenstock zu \u00f6ffnen oder die Kolonie auszuk\u00fchlen. Hergestellt aus recyceltem lebensmittelechtem Kunststoff, bietet sie vielseitige Einsatzm\u00f6glichkeiten f\u00fcr fl\u00fcssige, feste oder gemischte F\u00fctterung. Vorteile \u2705 Sichere F\u00fctterung: Zwei Eing\u00e4nge mit Kunststoffkappen verhindern das Ertrinken der Bienen\u2705 Doppeltes 3-Liter-Fach: Sorgt [&hellip;]<\/p>\n","protected":false},"featured_media":34406,"template":"","meta":{"_uf_show_specific_survey":0,"_uf_disable_surveys":false},"product_cat":[1066,102],"product_tag":[],"aioseo_notices":[],"_links":{"self":[{"href":"https:\/\/apimat.ch\/de\/wp-json\/wp\/v2\/product\/34416"}],"collection":[{"href":"https:\/\/apimat.ch\/de\/wp-json\/wp\/v2\/product"}],"about":[{"href":"https:\/\/apimat.ch\/de\/wp-json\/wp\/v2\/types\/product"}],"wp:featuredmedia":[{"embeddable":true,"href":"https:\/\/apimat.ch\/de\/wp-json\/wp\/v2\/media\/34406"}],"wp:attachment":[{"href":"https:\/\/apimat.ch\/de\/wp-json\/wp\/v2\/media?parent=34416"}],"wp:term":[{"taxonomy":"product_cat","embeddable":true,"href":"https:\/\/apimat.ch\/de\/wp-json\/wp\/v2\/product_cat?post=34416"},{"taxonomy":"product_tag","embeddable":true,"href":"https:\/\/apimat.ch\/de\/wp-json\/wp\/v2\/product_tag?post=34416"}],"curies":[{"name":"wp","href":"https:\/\/api.w.org\/{rel}","templated":true}]}}