{"id":34571,"date":"2025-03-01T05:32:07","date_gmt":"2025-03-01T04:33:25","guid":{"rendered":"https:\/\/apimat.ch\/?post_type=product&#038;p=34571"},"modified":"2025-03-01T06:00:18","modified_gmt":"2025-03-01T05:00:18","slug":"perforierter-kunststoffbehaelter-ersatzteil-fuer-velutina-falle","status":"publish","type":"product","link":"https:\/\/apimat.ch\/de\/produit\/perforierter-kunststoffbehaelter-ersatzteil-fuer-velutina-falle\/","title":{"rendered":"Perforierter Kunststoffbeh\u00e4lter ( Ersatzteil f\u00fcr Velutina-Falle )"},"content":{"rendered":"<p>Perforierter Kunststoffbeh\u00e4lter ( Ersatzteil f\u00fcr Velutina-Falle )<\/p>\n<p>&nbsp;<\/p>\n<p class=\"p1\"><b>DIE PREISE SIND JE NACH MENGE DEGRESSIV.<\/b><\/p>\n<p class=\"p1\"><b>F\u00fcr weitere Informationen kontaktieren Sie mich bitte.<\/b><\/p>\n<p class=\"p2\"><span class=\"s1\"><a href=\"mailto:info@apimat.ch\"><b>info@apimat.ch<\/b><\/a><\/span><\/p>\n<p class=\"p1\"><b>Telefon: 076 213 80 33<\/b><\/p>\n","protected":false},"excerpt":{"rendered":"<p>Perforierter Kunststoffbeh\u00e4lter ( Ersatzteil f\u00fcr Velutina-Falle ) &nbsp; DIE PREISE SIND JE NACH MENGE DEGRESSIV. F\u00fcr weitere Informationen kontaktieren Sie mich bitte. info@apimat.ch Telefon: 076 213 80 33<\/p>\n","protected":false},"featured_media":34569,"template":"","meta":{"_uf_show_specific_survey":0,"_uf_disable_surveys":false},"product_cat":[1066,912],"product_tag":[],"aioseo_notices":[],"_links":{"self":[{"href":"https:\/\/apimat.ch\/de\/wp-json\/wp\/v2\/product\/34571"}],"collection":[{"href":"https:\/\/apimat.ch\/de\/wp-json\/wp\/v2\/product"}],"about":[{"href":"https:\/\/apimat.ch\/de\/wp-json\/wp\/v2\/types\/product"}],"wp:featuredmedia":[{"embeddable":true,"href":"https:\/\/apimat.ch\/de\/wp-json\/wp\/v2\/media\/34569"}],"wp:attachment":[{"href":"https:\/\/apimat.ch\/de\/wp-json\/wp\/v2\/media?parent=34571"}],"wp:term":[{"taxonomy":"product_cat","embeddable":true,"href":"https:\/\/apimat.ch\/de\/wp-json\/wp\/v2\/product_cat?post=34571"},{"taxonomy":"product_tag","embeddable":true,"href":"https:\/\/apimat.ch\/de\/wp-json\/wp\/v2\/product_tag?post=34571"}],"curies":[{"name":"wp","href":"https:\/\/api.w.org\/{rel}","templated":true}]}}