{"id":34599,"date":"2025-03-01T07:06:56","date_gmt":"2025-03-01T06:18:51","guid":{"rendered":"https:\/\/apimat.ch\/?post_type=product&#038;p=34599"},"modified":"2025-03-01T07:18:52","modified_gmt":"2025-03-01T06:18:52","slug":"entdeckelungswanne-mit-deckel-staender-und-rahmenhalter-fuer-1-person","status":"publish","type":"product","link":"https:\/\/apimat.ch\/de\/produit\/entdeckelungswanne-mit-deckel-staender-und-rahmenhalter-fuer-1-person\/","title":{"rendered":"Entdeckelungswanne mit Deckel, St\u00e4nder und Rahmenhalter \u2013 F\u00fcr 1 Person"},"content":{"rendered":"<p>Entdeckelungswanne mit Deckel, St\u00e4nder und Rahmenhalter \u2013 F\u00fcr 1 Person<\/p>\n<p data-start=\"0\" data-end=\"494\"><strong data-start=\"0\" data-end=\"17\">Beschreibung:<\/strong><br data-start=\"17\" data-end=\"20\" \/>Diese Entdeckelungswanne ist f\u00fcr Hobbyimker konzipiert und erm\u00f6glicht es einer Person, die Waben effizient zu entdeckeln. Sie besteht aus einer robusten Kunststoffwanne mit einem perforierten Einsatz aus Edelstahl zum Abseihen des Honigs, einem Entdeckelungsst\u00e4nder f\u00fcr einen Rahmen sowie quer verlaufenden Rahmenhaltern f\u00fcr zus\u00e4tzliche Stabilit\u00e4t. Alle Komponenten bestehen aus lebensmittelechten Materialien und gew\u00e4hrleisten eine sichere und hygienische Honiggewinnung.<\/p>\n<p data-start=\"496\" data-end=\"714\">Die Wanne sorgt f\u00fcr einen sauberen und organisierten Arbeitsbereich, indem sie verhindert, dass Honig und Wachs w\u00e4hrend des Entdeckelns auf den Tisch tropfen. Sie ist leicht zusammenzubauen, kompakt und platzsparend.<\/p>\n<ul data-start=\"716\" data-end=\"817\" data-is-last-node=\"\" data-is-only-node=\"\">\n<li data-start=\"716\" data-end=\"783\"><strong data-start=\"718\" data-end=\"770\">Deckelma\u00dfe (f\u00fcr bis zu 10 entdeckelte R\u00e4hmchen):<\/strong> 45 x 55 cm<\/li>\n<li data-start=\"784\" data-end=\"817\" data-is-last-node=\"\"><strong data-start=\"786\" data-end=\"801\">Wannenma\u00dfe:<\/strong> 40 x 47 x 16 cm<\/li>\n<\/ul>\n<p>&nbsp;<\/p>\n<p class=\"p1\"><b>DIE PREISE SIND JE NACH MENGE DEGRESSIV.<\/b><\/p>\n<p class=\"p1\"><b>F\u00fcr weitere Informationen kontaktieren Sie mich bitte.<\/b><\/p>\n<p class=\"p2\"><span class=\"s1\"><a href=\"mailto:info@apimat.ch\"><b>info@apimat.ch<\/b><\/a><\/span><\/p>\n<p class=\"p1\"><b>Telefon: 076 213 80 33<\/b><\/p>\n","protected":false},"excerpt":{"rendered":"<p>Entdeckelungswanne mit Deckel, St\u00e4nder und Rahmenhalter \u2013 F\u00fcr 1 Person Beschreibung:Diese Entdeckelungswanne ist f\u00fcr Hobbyimker konzipiert und erm\u00f6glicht es einer Person, die Waben effizient zu entdeckeln. Sie besteht aus einer robusten Kunststoffwanne mit einem perforierten Einsatz aus Edelstahl zum Abseihen des Honigs, einem Entdeckelungsst\u00e4nder f\u00fcr einen Rahmen sowie quer verlaufenden Rahmenhaltern f\u00fcr zus\u00e4tzliche Stabilit\u00e4t. Alle [&hellip;]<\/p>\n","protected":false},"featured_media":34593,"template":"","meta":{"_uf_show_specific_survey":0,"_uf_disable_surveys":false},"product_cat":[1066,108],"product_tag":[],"aioseo_notices":[],"_links":{"self":[{"href":"https:\/\/apimat.ch\/de\/wp-json\/wp\/v2\/product\/34599"}],"collection":[{"href":"https:\/\/apimat.ch\/de\/wp-json\/wp\/v2\/product"}],"about":[{"href":"https:\/\/apimat.ch\/de\/wp-json\/wp\/v2\/types\/product"}],"wp:featuredmedia":[{"embeddable":true,"href":"https:\/\/apimat.ch\/de\/wp-json\/wp\/v2\/media\/34593"}],"wp:attachment":[{"href":"https:\/\/apimat.ch\/de\/wp-json\/wp\/v2\/media?parent=34599"}],"wp:term":[{"taxonomy":"product_cat","embeddable":true,"href":"https:\/\/apimat.ch\/de\/wp-json\/wp\/v2\/product_cat?post=34599"},{"taxonomy":"product_tag","embeddable":true,"href":"https:\/\/apimat.ch\/de\/wp-json\/wp\/v2\/product_tag?post=34599"}],"curies":[{"name":"wp","href":"https:\/\/api.w.org\/{rel}","templated":true}]}}