{"id":34642,"date":"2025-03-02T07:14:40","date_gmt":"2025-03-02T06:20:39","guid":{"rendered":"https:\/\/apimat.ch\/?post_type=product&#038;p=34642"},"modified":"2025-03-02T07:20:40","modified_gmt":"2025-03-02T06:20:40","slug":"kerzendekorationsstift-fuer-bienenwachskerzen-29-ml-farbe-waehlen","status":"publish","type":"product","link":"https:\/\/apimat.ch\/de\/produit\/kerzendekorationsstift-fuer-bienenwachskerzen-29-ml-farbe-waehlen\/","title":{"rendered":"Kerzendekorationsstift f\u00fcr Bienenwachskerzen 29 ml \u2013 Farbe w\u00e4hlen"},"content":{"rendered":"<p data-start=\"52\" data-end=\"85\">Bringen Sie Farbe in Ihr Leben!<\/p>\n<p data-start=\"87\" data-end=\"420\">Bienenwachs bietet nicht nur gesundheitliche Vorteile, sondern ist auch eine gro\u00dfartige M\u00f6glichkeit, Ihre Kreativit\u00e4t auszudr\u00fccken! Eine handgefertigte Bienenwachskerze ist das perfekte Geschenk \u2013 sogar f\u00fcr die anspruchsvollsten Freunde. Mit einer gro\u00dfen Auswahl an Formen k\u00f6nnen Sie elegante Designs f\u00fcr jede Gelegenheit kreieren.<\/p>\n<p data-start=\"422\" data-end=\"594\" data-is-last-node=\"\" data-is-only-node=\"\">M\u00f6chten Sie Ihren Kreationen einen Hauch von Farbe verleihen? Entdecken Sie die dekorativen Kerzenfarben in praktischer Stiftform und lassen Sie Ihrer Fantasie freien Lauf!<\/p>\n<p class=\"p1\"><b>F\u00fcr weitere Informationen kontaktieren Sie mich bitte.<\/b><\/p>\n<p class=\"p2\"><span class=\"s1\"><a href=\"mailto:info@apimat.ch\"><b>info@apimat.ch<\/b><\/a><\/span><\/p>\n<p class=\"p1\"><b>Telefon: 076 213 80 33<\/b><\/p>\n","protected":false},"excerpt":{"rendered":"<p>Bringen Sie Farbe in Ihr Leben! Bienenwachs bietet nicht nur gesundheitliche Vorteile, sondern ist auch eine gro\u00dfartige M\u00f6glichkeit, Ihre Kreativit\u00e4t auszudr\u00fccken! Eine handgefertigte Bienenwachskerze ist das perfekte Geschenk \u2013 sogar f\u00fcr die anspruchsvollsten Freunde. Mit einer gro\u00dfen Auswahl an Formen k\u00f6nnen Sie elegante Designs f\u00fcr jede Gelegenheit kreieren. M\u00f6chten Sie Ihren Kreationen einen Hauch von [&hellip;]<\/p>\n","protected":false},"featured_media":34640,"template":"","meta":{"_uf_show_specific_survey":0,"_uf_disable_surveys":false},"product_cat":[1066,1108],"product_tag":[],"aioseo_notices":[],"_links":{"self":[{"href":"https:\/\/apimat.ch\/de\/wp-json\/wp\/v2\/product\/34642"}],"collection":[{"href":"https:\/\/apimat.ch\/de\/wp-json\/wp\/v2\/product"}],"about":[{"href":"https:\/\/apimat.ch\/de\/wp-json\/wp\/v2\/types\/product"}],"wp:featuredmedia":[{"embeddable":true,"href":"https:\/\/apimat.ch\/de\/wp-json\/wp\/v2\/media\/34640"}],"wp:attachment":[{"href":"https:\/\/apimat.ch\/de\/wp-json\/wp\/v2\/media?parent=34642"}],"wp:term":[{"taxonomy":"product_cat","embeddable":true,"href":"https:\/\/apimat.ch\/de\/wp-json\/wp\/v2\/product_cat?post=34642"},{"taxonomy":"product_tag","embeddable":true,"href":"https:\/\/apimat.ch\/de\/wp-json\/wp\/v2\/product_tag?post=34642"}],"curies":[{"name":"wp","href":"https:\/\/api.w.org\/{rel}","templated":true}]}}