{"id":34831,"date":"2025-03-09T09:39:39","date_gmt":"2025-03-09T08:55:29","guid":{"rendered":"https:\/\/apimat.ch\/?post_type=product&#038;p=34831"},"modified":"2025-03-09T10:01:02","modified_gmt":"2025-03-09T09:01:02","slug":"dadant-entdecklungstisch-aus-edelstahl-1500-mm-verstaerkt","status":"publish","type":"product","link":"https:\/\/apimat.ch\/de\/produit\/dadant-entdecklungstisch-aus-edelstahl-1500-mm-verstaerkt\/","title":{"rendered":"Dadant-Entdecklungstisch aus Edelstahl \u2013 1500 mm verst\u00e4rkt"},"content":{"rendered":"<p>Dadant-Entdecklungstisch aus Edelstahl \u2013 1500 mm verst\u00e4rkt<\/p>\n<ul data-start=\"0\" data-end=\"235\" data-is-last-node=\"\" data-is-only-node=\"\">\n<li data-start=\"0\" data-end=\"24\">Trapezf\u00f6rmiger Boden<\/li>\n<li data-start=\"25\" data-end=\"66\">H\u00f6henverstellbarer Tisch mit 3 Stufen<\/li>\n<li data-start=\"67\" data-end=\"87\">Abfluss am Boden<\/li>\n<li data-start=\"88\" data-end=\"129\">Halterung f\u00fcr den entdeckelten Rahmen<\/li>\n<li data-start=\"130\" data-end=\"198\">Perforierte Siebe am Boden, die das entdeckelte Material sammeln<\/li>\n<li data-start=\"199\" data-end=\"235\" data-is-last-node=\"\">Optionaler Deckel (gegen Aufpreis)<\/li>\n<\/ul>\n<p class=\"p1\"><b>DIE PREISE SIND JE NACH MENGE DEGRESSIV.<\/b><\/p>\n<p class=\"p1\"><b>F\u00fcr weitere Informationen kontaktieren Sie mich bitte.<\/b><\/p>\n<p class=\"p2\"><span class=\"s1\"><a href=\"mailto:info@apimat.ch\"><b>info@apimat.ch<\/b><\/a><\/span><\/p>\n<p class=\"p1\"><b>Telefon: 076 213 80 33<\/b><\/p>\n","protected":false},"excerpt":{"rendered":"<p>Dadant-Entdecklungstisch aus Edelstahl \u2013 1500 mm verst\u00e4rkt Trapezf\u00f6rmiger Boden H\u00f6henverstellbarer Tisch mit 3 Stufen Abfluss am Boden Halterung f\u00fcr den entdeckelten Rahmen Perforierte Siebe am Boden, die das entdeckelte Material sammeln Optionaler Deckel (gegen Aufpreis) DIE PREISE SIND JE NACH MENGE DEGRESSIV. F\u00fcr weitere Informationen kontaktieren Sie mich bitte. info@apimat.ch Telefon: 076 213 80 33<\/p>\n","protected":false},"featured_media":34821,"template":"","meta":{"_uf_show_specific_survey":0,"_uf_disable_surveys":false},"product_cat":[1066,108],"product_tag":[],"aioseo_notices":[],"_links":{"self":[{"href":"https:\/\/apimat.ch\/de\/wp-json\/wp\/v2\/product\/34831"}],"collection":[{"href":"https:\/\/apimat.ch\/de\/wp-json\/wp\/v2\/product"}],"about":[{"href":"https:\/\/apimat.ch\/de\/wp-json\/wp\/v2\/types\/product"}],"wp:featuredmedia":[{"embeddable":true,"href":"https:\/\/apimat.ch\/de\/wp-json\/wp\/v2\/media\/34821"}],"wp:attachment":[{"href":"https:\/\/apimat.ch\/de\/wp-json\/wp\/v2\/media?parent=34831"}],"wp:term":[{"taxonomy":"product_cat","embeddable":true,"href":"https:\/\/apimat.ch\/de\/wp-json\/wp\/v2\/product_cat?post=34831"},{"taxonomy":"product_tag","embeddable":true,"href":"https:\/\/apimat.ch\/de\/wp-json\/wp\/v2\/product_tag?post=34831"}],"curies":[{"name":"wp","href":"https:\/\/api.w.org\/{rel}","templated":true}]}}