{"id":34862,"date":"2025-03-10T07:01:21","date_gmt":"2025-03-10T06:27:14","guid":{"rendered":"https:\/\/apimat.ch\/?post_type=product&#038;p=34862"},"modified":"2025-03-10T07:41:57","modified_gmt":"2025-03-10T06:41:57","slug":"universelle-abdeckung-fuer-entdeckelungsmaschinen","status":"publish","type":"product","link":"https:\/\/apimat.ch\/de\/produit\/universelle-abdeckung-fuer-entdeckelungsmaschinen\/","title":{"rendered":"Universelle Abdeckung f\u00fcr Entdeckelungsmaschinen"},"content":{"rendered":"<p>Universelle Abdeckung f\u00fcr Entdeckelungsmaschinen<\/p>\n<p>Sch\u00fctzen Sie Ihre Entdeckelungsmaschine effektiv mit unserer universellen Abdeckung aus strapazierf\u00e4higem Polyester. Sie ist so konzipiert, dass sie auf alle Modelle von Entdeckelungsmaschinen passt und bietet optimalen Schutz vor Staub und Verunreinigungen, wodurch die Lebensdauer Ihres Ger\u00e4ts verl\u00e4ngert wird<\/p>\n<p class=\"p1\"><b>DIE PREISE SIND JE NACH MENGE DEGRESSIV.<\/b><\/p>\n<p class=\"p1\"><b>F\u00fcr weitere Informationen kontaktieren Sie mich bitte.<\/b><\/p>\n<p class=\"p2\"><span class=\"s1\"><a href=\"mailto:info@apimat.ch\"><b>info@apimat.ch<\/b><\/a><\/span><\/p>\n<p class=\"p1\"><b>Telefon: 076 213 80 33<\/b><\/p>\n","protected":false},"excerpt":{"rendered":"<p>Universelle Abdeckung f\u00fcr Entdeckelungsmaschinen Sch\u00fctzen Sie Ihre Entdeckelungsmaschine effektiv mit unserer universellen Abdeckung aus strapazierf\u00e4higem Polyester. Sie ist so konzipiert, dass sie auf alle Modelle von Entdeckelungsmaschinen passt und bietet optimalen Schutz vor Staub und Verunreinigungen, wodurch die Lebensdauer Ihres Ger\u00e4ts verl\u00e4ngert wird DIE PREISE SIND JE NACH MENGE DEGRESSIV. F\u00fcr weitere Informationen kontaktieren Sie [&hellip;]<\/p>\n","protected":false},"featured_media":34846,"template":"","meta":{"_uf_show_specific_survey":0,"_uf_disable_surveys":false},"product_cat":[1066,128],"product_tag":[],"aioseo_notices":[],"_links":{"self":[{"href":"https:\/\/apimat.ch\/de\/wp-json\/wp\/v2\/product\/34862"}],"collection":[{"href":"https:\/\/apimat.ch\/de\/wp-json\/wp\/v2\/product"}],"about":[{"href":"https:\/\/apimat.ch\/de\/wp-json\/wp\/v2\/types\/product"}],"wp:featuredmedia":[{"embeddable":true,"href":"https:\/\/apimat.ch\/de\/wp-json\/wp\/v2\/media\/34846"}],"wp:attachment":[{"href":"https:\/\/apimat.ch\/de\/wp-json\/wp\/v2\/media?parent=34862"}],"wp:term":[{"taxonomy":"product_cat","embeddable":true,"href":"https:\/\/apimat.ch\/de\/wp-json\/wp\/v2\/product_cat?post=34862"},{"taxonomy":"product_tag","embeddable":true,"href":"https:\/\/apimat.ch\/de\/wp-json\/wp\/v2\/product_tag?post=34862"}],"curies":[{"name":"wp","href":"https:\/\/api.w.org\/{rel}","templated":true}]}}