{"id":34865,"date":"2025-03-10T07:11:15","date_gmt":"2025-03-10T06:29:36","guid":{"rendered":"https:\/\/apimat.ch\/?post_type=product&#038;p=34865"},"modified":"2025-03-10T07:41:07","modified_gmt":"2025-03-10T06:41:07","slug":"spunbond-abdeckung-fuer-honigschleudern-optimaler-schutz","status":"publish","type":"product","link":"https:\/\/apimat.ch\/de\/produit\/spunbond-abdeckung-fuer-honigschleudern-optimaler-schutz\/","title":{"rendered":"Spunbond-Abdeckung f\u00fcr Honigschleudern \u2013 Optimaler Schutz"},"content":{"rendered":"<p>Spunbond-Abdeckung f\u00fcr Honigschleudern \u2013 Optimaler Schutz<\/p>\n<p>Bieten Sie Ihrem Honigschleuder eine effektive Schutzabdeckung mit unserer H\u00fclle aus Vliesstoff. Ideal f\u00fcr die Aufbewahrung nach der Bienensaison oder w\u00e4hrend der Pausen, sch\u00fctzt sie Ihr Ger\u00e4t vor Staub, Schmutz, Kratzern und Sch\u00e4den. Hergestellt aus leichtem, weichem, aber strapazierf\u00e4higem Material, sorgt sie f\u00fcr dauerhaften Schutz und ist gleichzeitig leicht trocken zu reinigen<\/p>\n<p class=\"p1\"><b>DIE PREISE SIND JE NACH MENGE DEGRESSIV.<\/b><\/p>\n<p class=\"p1\"><b>F\u00fcr weitere Informationen kontaktieren Sie mich bitte.<\/b><\/p>\n<p class=\"p2\"><span class=\"s1\"><a href=\"mailto:info@apimat.ch\"><b>info@apimat.ch<\/b><\/a><\/span><\/p>\n<p class=\"p1\"><b>Telefon: 076 213 80 33<\/b><\/p>\n","protected":false},"excerpt":{"rendered":"<p>Spunbond-Abdeckung f\u00fcr Honigschleudern \u2013 Optimaler Schutz Bieten Sie Ihrem Honigschleuder eine effektive Schutzabdeckung mit unserer H\u00fclle aus Vliesstoff. Ideal f\u00fcr die Aufbewahrung nach der Bienensaison oder w\u00e4hrend der Pausen, sch\u00fctzt sie Ihr Ger\u00e4t vor Staub, Schmutz, Kratzern und Sch\u00e4den. Hergestellt aus leichtem, weichem, aber strapazierf\u00e4higem Material, sorgt sie f\u00fcr dauerhaften Schutz und ist gleichzeitig leicht [&hellip;]<\/p>\n","protected":false},"featured_media":34852,"template":"","meta":{"_uf_show_specific_survey":0,"_uf_disable_surveys":false},"product_cat":[1066,107],"product_tag":[],"aioseo_notices":[],"_links":{"self":[{"href":"https:\/\/apimat.ch\/de\/wp-json\/wp\/v2\/product\/34865"}],"collection":[{"href":"https:\/\/apimat.ch\/de\/wp-json\/wp\/v2\/product"}],"about":[{"href":"https:\/\/apimat.ch\/de\/wp-json\/wp\/v2\/types\/product"}],"wp:featuredmedia":[{"embeddable":true,"href":"https:\/\/apimat.ch\/de\/wp-json\/wp\/v2\/media\/34852"}],"wp:attachment":[{"href":"https:\/\/apimat.ch\/de\/wp-json\/wp\/v2\/media?parent=34865"}],"wp:term":[{"taxonomy":"product_cat","embeddable":true,"href":"https:\/\/apimat.ch\/de\/wp-json\/wp\/v2\/product_cat?post=34865"},{"taxonomy":"product_tag","embeddable":true,"href":"https:\/\/apimat.ch\/de\/wp-json\/wp\/v2\/product_tag?post=34865"}],"curies":[{"name":"wp","href":"https:\/\/api.w.org\/{rel}","templated":true}]}}