{"id":34871,"date":"2025-03-10T07:22:37","date_gmt":"2025-03-10T06:34:25","guid":{"rendered":"https:\/\/apimat.ch\/?post_type=product&#038;p=34871"},"modified":"2025-03-10T07:39:14","modified_gmt":"2025-03-10T06:39:14","slug":"reine-bienenwachspastillen-200-g","status":"publish","type":"product","link":"https:\/\/apimat.ch\/de\/produit\/reine-bienenwachspastillen-200-g\/","title":{"rendered":"Reine Bienenwachspastillen \u2013 200 g"},"content":{"rendered":"<p>Reine Bienenwachspastillen \u2013 200 g<\/p>\n<p>Entscheiden Sie sich f\u00fcr eine praktische und umweltfreundliche L\u00f6sung mit unseren Tabletten aus reinem Bienenwachs. Perfekt f\u00fcr die Herstellung von nat\u00fcrlichen Kerzen, bieten sie eine saubere Verbrennung und einen angenehmen Honigduft. Einfach zu dosieren und zu schmelzen, sind sie ideal f\u00fcr all Ihre kreativen und handwerklichen Projekte.<\/p>\n<p class=\"p1\"><b>DIE PREISE SIND JE NACH MENGE DEGRESSIV.<\/b><\/p>\n<p class=\"p1\"><b>F\u00fcr weitere Informationen kontaktieren Sie mich bitte.<\/b><\/p>\n<p class=\"p2\"><span class=\"s1\"><a href=\"mailto:info@apimat.ch\"><b>info@apimat.ch<\/b><\/a><\/span><\/p>\n<p class=\"p1\"><b>Telefon: 076 213 80 33<\/b><\/p>\n","protected":false},"excerpt":{"rendered":"<p>Reine Bienenwachspastillen \u2013 200 g Entscheiden Sie sich f\u00fcr eine praktische und umweltfreundliche L\u00f6sung mit unseren Tabletten aus reinem Bienenwachs. Perfekt f\u00fcr die Herstellung von nat\u00fcrlichen Kerzen, bieten sie eine saubere Verbrennung und einen angenehmen Honigduft. Einfach zu dosieren und zu schmelzen, sind sie ideal f\u00fcr all Ihre kreativen und handwerklichen Projekte. DIE PREISE SIND [&hellip;]<\/p>\n","protected":false},"featured_media":34860,"template":"","meta":{"_uf_show_specific_survey":0,"_uf_disable_surveys":false},"product_cat":[1066,1108],"product_tag":[],"aioseo_notices":[],"_links":{"self":[{"href":"https:\/\/apimat.ch\/de\/wp-json\/wp\/v2\/product\/34871"}],"collection":[{"href":"https:\/\/apimat.ch\/de\/wp-json\/wp\/v2\/product"}],"about":[{"href":"https:\/\/apimat.ch\/de\/wp-json\/wp\/v2\/types\/product"}],"wp:featuredmedia":[{"embeddable":true,"href":"https:\/\/apimat.ch\/de\/wp-json\/wp\/v2\/media\/34860"}],"wp:attachment":[{"href":"https:\/\/apimat.ch\/de\/wp-json\/wp\/v2\/media?parent=34871"}],"wp:term":[{"taxonomy":"product_cat","embeddable":true,"href":"https:\/\/apimat.ch\/de\/wp-json\/wp\/v2\/product_cat?post=34871"},{"taxonomy":"product_tag","embeddable":true,"href":"https:\/\/apimat.ch\/de\/wp-json\/wp\/v2\/product_tag?post=34871"}],"curies":[{"name":"wp","href":"https:\/\/api.w.org\/{rel}","templated":true}]}}