{"id":35012,"date":"2025-03-14T23:18:14","date_gmt":"2025-03-14T22:43:41","guid":{"rendered":"https:\/\/apimat.ch\/?post_type=product&#038;p=35012"},"modified":"2025-03-14T23:45:09","modified_gmt":"2025-03-14T22:45:09","slug":"manuelle-vertikale-entdeckelungsmaschine-mit-verstaerktem-entdeckelungstisch-750-mm","status":"publish","type":"product","link":"https:\/\/apimat.ch\/de\/produit\/manuelle-vertikale-entdeckelungsmaschine-mit-verstaerktem-entdeckelungstisch-750-mm\/","title":{"rendered":"Manuelle vertikale Entdeckelungsmaschine mit verst\u00e4rktem Entdeckelungstisch 750 mm"},"content":{"rendered":"<p>Der verst\u00e4rkte Entdeckelungstisch (750 mm) mit manueller vertikaler Entdeckelungsmaschine ist das ideale Werkzeug f\u00fcr eine effiziente Vorbereitung der Honigwaben vor der Schleuderung. Seine robuste Konstruktion gew\u00e4hrleistet optimale Stabilit\u00e4t, w\u00e4hrend die manuelle vertikale Maschine eine pr\u00e4zise und schnelle Entdeckelung erm\u00f6glicht. F\u00fcr eine praktische Anwendung konzipiert, erleichtert sie die Arbeit der Imker und optimiert den Honiggewinnungsprozess.<\/p>\n<p class=\"p1\"><b>F\u00fcr weitere Informationen kontaktieren Sie mich bitte.<\/b><\/p>\n<p class=\"p2\"><span class=\"s1\"><a href=\"mailto:info@apimat.ch\"><b>info@apimat.ch<\/b><\/a><\/span><\/p>\n<p class=\"p1\"><b>Telefon: 076 213 80 33<\/b><\/p>\n<p>&nbsp;<\/p>\n","protected":false},"excerpt":{"rendered":"<p>Der verst\u00e4rkte Entdeckelungstisch (750 mm) mit manueller vertikaler Entdeckelungsmaschine ist das ideale Werkzeug f\u00fcr eine effiziente Vorbereitung der Honigwaben vor der Schleuderung. Seine robuste Konstruktion gew\u00e4hrleistet optimale Stabilit\u00e4t, w\u00e4hrend die manuelle vertikale Maschine eine pr\u00e4zise und schnelle Entdeckelung erm\u00f6glicht. F\u00fcr eine praktische Anwendung konzipiert, erleichtert sie die Arbeit der Imker und optimiert den Honiggewinnungsprozess. F\u00fcr [&hellip;]<\/p>\n","protected":false},"featured_media":35159,"template":"","meta":{"_uf_show_specific_survey":0,"_uf_disable_surveys":false},"product_cat":[1066,128],"product_tag":[],"aioseo_notices":[],"_links":{"self":[{"href":"https:\/\/apimat.ch\/de\/wp-json\/wp\/v2\/product\/35012"}],"collection":[{"href":"https:\/\/apimat.ch\/de\/wp-json\/wp\/v2\/product"}],"about":[{"href":"https:\/\/apimat.ch\/de\/wp-json\/wp\/v2\/types\/product"}],"wp:featuredmedia":[{"embeddable":true,"href":"https:\/\/apimat.ch\/de\/wp-json\/wp\/v2\/media\/35159"}],"wp:attachment":[{"href":"https:\/\/apimat.ch\/de\/wp-json\/wp\/v2\/media?parent=35012"}],"wp:term":[{"taxonomy":"product_cat","embeddable":true,"href":"https:\/\/apimat.ch\/de\/wp-json\/wp\/v2\/product_cat?post=35012"},{"taxonomy":"product_tag","embeddable":true,"href":"https:\/\/apimat.ch\/de\/wp-json\/wp\/v2\/product_tag?post=35012"}],"curies":[{"name":"wp","href":"https:\/\/api.w.org\/{rel}","templated":true}]}}