{"id":35019,"date":"2025-03-14T22:55:34","date_gmt":"2025-03-14T22:50:33","guid":{"rendered":"https:\/\/apimat.ch\/?post_type=product&#038;p=35019"},"modified":"2025-03-14T23:52:28","modified_gmt":"2025-03-14T22:52:28","slug":"entdeckelungsmaschine-230v-mit-automatischer-zufuehrung-auffangbehaelter-und-beheizten-messern","status":"publish","type":"product","link":"https:\/\/apimat.ch\/de\/produit\/entdeckelungsmaschine-230v-mit-automatischer-zufuehrung-auffangbehaelter-und-beheizten-messern\/","title":{"rendered":"Entdeckelungsmaschine 230V mit automatischer Zuf\u00fchrung, Auffangbeh\u00e4lter und beheizten Messern"},"content":{"rendered":"<p>Entdeckelungsmaschine 230V mit automatischer Zuf\u00fchrung, Auffangbeh\u00e4lter und beheizten Messern<\/p>\n<p>&nbsp;<\/p>\n<p data-start=\"35\" data-end=\"663\">Diese automatische Entdeckelungsmaschine wurde entwickelt, um Wabenrahmen mit einer hohen Effizienz mechanisch vorzubereiten. Ausgestattet mit einem automatischen Zuf\u00fchrungssystem und einem Auffangbeh\u00e4lter gew\u00e4hrleistet sie einen reibungslosen und leistungsstarken Prozess. Ihre Messer, die durch ein Fl\u00fcssigkeitsheizsystem (2000 W) erw\u00e4rmt werden, sorgen f\u00fcr einen sauberen und pr\u00e4zisen Schnitt. Mit einer Motorleistung von 180 W f\u00fcr die Messer und 120 W f\u00fcr die Zuf\u00fchrung erreicht sie eine Geschwindigkeit von 4 Rahmen pro Minute. Das Heizungssystem erreicht seine Betriebstemperatur in 20 Minuten f\u00fcr einen optimalen Betrieb.<\/p>\n<p data-start=\"665\" data-end=\"838\" data-is-last-node=\"\" data-is-only-node=\"\">Motorleistung der Messer: 180 W<br data-start=\"696\" data-end=\"699\" \/>Motorleistung des Zuf\u00fchrers: 120 W<br data-start=\"733\" data-end=\"736\" data-is-only-node=\"\" \/>Zuf\u00fchrgeschwindigkeit: 9 U\/min<br data-start=\"766\" data-end=\"769\" \/>Heizleistung der Messer: 2000 W<br data-start=\"800\" data-end=\"803\" \/>Leistungsf\u00e4higkeit: 4 Rahmen\/Minute<\/p>\n<p data-start=\"665\" data-end=\"838\" data-is-last-node=\"\" data-is-only-node=\"\">\n<p class=\"p1\"><b>F\u00fcr weitere Informationen kontaktieren Sie mich bitte.<\/b><\/p>\n<p class=\"p2\"><span class=\"s1\"><a href=\"mailto:info@apimat.ch\"><b>info@apimat.ch<\/b><\/a><\/span><\/p>\n<p class=\"p1\"><b>Telefon: 076 213 80 33<\/b><\/p>\n","protected":false},"excerpt":{"rendered":"<p>Entdeckelungsmaschine 230V mit automatischer Zuf\u00fchrung, Auffangbeh\u00e4lter und beheizten Messern &nbsp; Diese automatische Entdeckelungsmaschine wurde entwickelt, um Wabenrahmen mit einer hohen Effizienz mechanisch vorzubereiten. Ausgestattet mit einem automatischen Zuf\u00fchrungssystem und einem Auffangbeh\u00e4lter gew\u00e4hrleistet sie einen reibungslosen und leistungsstarken Prozess. Ihre Messer, die durch ein Fl\u00fcssigkeitsheizsystem (2000 W) erw\u00e4rmt werden, sorgen f\u00fcr einen sauberen und pr\u00e4zisen Schnitt. [&hellip;]<\/p>\n","protected":false},"featured_media":35451,"template":"","meta":{"_uf_show_specific_survey":0,"_uf_disable_surveys":false},"product_cat":[1066,128],"product_tag":[],"aioseo_notices":[],"_links":{"self":[{"href":"https:\/\/apimat.ch\/de\/wp-json\/wp\/v2\/product\/35019"}],"collection":[{"href":"https:\/\/apimat.ch\/de\/wp-json\/wp\/v2\/product"}],"about":[{"href":"https:\/\/apimat.ch\/de\/wp-json\/wp\/v2\/types\/product"}],"wp:featuredmedia":[{"embeddable":true,"href":"https:\/\/apimat.ch\/de\/wp-json\/wp\/v2\/media\/35451"}],"wp:attachment":[{"href":"https:\/\/apimat.ch\/de\/wp-json\/wp\/v2\/media?parent=35019"}],"wp:term":[{"taxonomy":"product_cat","embeddable":true,"href":"https:\/\/apimat.ch\/de\/wp-json\/wp\/v2\/product_cat?post=35019"},{"taxonomy":"product_tag","embeddable":true,"href":"https:\/\/apimat.ch\/de\/wp-json\/wp\/v2\/product_tag?post=35019"}],"curies":[{"name":"wp","href":"https:\/\/api.w.org\/{rel}","templated":true}]}}