{"id":35042,"date":"2025-03-15T07:19:23","date_gmt":"2025-03-15T06:47:03","guid":{"rendered":"https:\/\/apimat.ch\/?post_type=product&#038;p=35042"},"modified":"2025-03-15T07:47:03","modified_gmt":"2025-03-15T06:47:03","slug":"metall-isolationskaefig-fuer-koenigin-mit-deckel-kompatibel-mit-2-raehmchen-dadant-blatt","status":"publish","type":"product","link":"https:\/\/apimat.ch\/de\/produit\/metall-isolationskaefig-fuer-koenigin-mit-deckel-kompatibel-mit-2-raehmchen-dadant-blatt\/","title":{"rendered":"Metall-Isolationsk\u00e4fig f\u00fcr K\u00f6nigin mit Deckel \u2013 Kompatibel mit 2 R\u00e4hmchen Dadant Blatt"},"content":{"rendered":"<p>Metall-Isolationsk\u00e4fig f\u00fcr K\u00f6nigin mit Deckel \u2013 Kompatibel mit 2 R\u00e4hmchen Dadant Blatt<\/p>\n<p class=\"p2\"><b>DIE PREISE SIND JE NACH MENGE DEGRESSIV.<\/b><\/p>\n<p class=\"p2\"><b>F\u00fcr weitere Informationen kontaktieren Sie mich bitte.<\/b><\/p>\n<p class=\"p3\"><span class=\"s1\"><a href=\"mailto:info@apimat.ch\"><b>info@apimat.ch<\/b><\/a><\/span><\/p>\n<p class=\"p2\"><b>Telefon: 076 213 80 33<\/b><\/p>\n","protected":false},"excerpt":{"rendered":"<p>Metall-Isolationsk\u00e4fig f\u00fcr K\u00f6nigin mit Deckel \u2013 Kompatibel mit 2 R\u00e4hmchen Dadant Blatt DIE PREISE SIND JE NACH MENGE DEGRESSIV. F\u00fcr weitere Informationen kontaktieren Sie mich bitte. info@apimat.ch Telefon: 076 213 80 33<\/p>\n","protected":false},"featured_media":35024,"template":"","meta":{"_uf_show_specific_survey":0,"_uf_disable_surveys":false},"product_cat":[1066,390,95],"product_tag":[],"aioseo_notices":[],"_links":{"self":[{"href":"https:\/\/apimat.ch\/de\/wp-json\/wp\/v2\/product\/35042"}],"collection":[{"href":"https:\/\/apimat.ch\/de\/wp-json\/wp\/v2\/product"}],"about":[{"href":"https:\/\/apimat.ch\/de\/wp-json\/wp\/v2\/types\/product"}],"wp:featuredmedia":[{"embeddable":true,"href":"https:\/\/apimat.ch\/de\/wp-json\/wp\/v2\/media\/35024"}],"wp:attachment":[{"href":"https:\/\/apimat.ch\/de\/wp-json\/wp\/v2\/media?parent=35042"}],"wp:term":[{"taxonomy":"product_cat","embeddable":true,"href":"https:\/\/apimat.ch\/de\/wp-json\/wp\/v2\/product_cat?post=35042"},{"taxonomy":"product_tag","embeddable":true,"href":"https:\/\/apimat.ch\/de\/wp-json\/wp\/v2\/product_tag?post=35042"}],"curies":[{"name":"wp","href":"https:\/\/api.w.org\/{rel}","templated":true}]}}