{"id":35045,"date":"2025-03-15T07:26:19","date_gmt":"2025-03-15T06:50:14","guid":{"rendered":"https:\/\/apimat.ch\/?post_type=product&#038;p=35045"},"modified":"2025-03-15T07:52:09","modified_gmt":"2025-03-15T06:52:09","slug":"komplettes-kit-hornissenabwehr-harfe-sonnenschutz-fuer-bienenstoecke","status":"publish","type":"product","link":"https:\/\/apimat.ch\/de\/produit\/komplettes-kit-hornissenabwehr-harfe-sonnenschutz-fuer-bienenstoecke\/","title":{"rendered":"Komplettes Kit Hornissenabwehr-Harfe \u2013 Sonnenschutz f\u00fcr Bienenst\u00f6cke."},"content":{"rendered":"<p data-start=\"35\" data-end=\"107\"><strong data-start=\"35\" data-end=\"107\">Komplettes Kit Hornissenabwehr-Harfe \u2013 Sonnenschutz f\u00fcr Bienenst\u00f6cke<\/strong><\/p>\n<p data-start=\"109\" data-end=\"415\"><strong data-start=\"109\" data-end=\"126\">Beschreibung:<\/strong> Sch\u00fctzen Sie Ihre Bienenst\u00f6cke effektiv vor der Bedrohung durch Asiatische Hornissen mit dem Komplette Kit Arpa Anti-Velutina. Entwickelt f\u00fcr eine robuste und langlebige Abwehr, nutzt dieses System fortschrittliche Technologie, um Hornissen selektiv zu fangen, ohne den Bienen zu schaden.<\/p>\n<p data-start=\"417\" data-end=\"761\">\u2705 Edelstahl-Arpa \u2013 Widerstandsf\u00e4hig, langlebig und pflegeleicht.<br data-start=\"481\" data-end=\"484\" \/>\u2705 Integrierter Wasserbeh\u00e4lter \u2013 Effiziente Hornissenfanganlage mit einem Tauchsystem.<br data-start=\"569\" data-end=\"572\" \/>\u2705 Solar-Modul 10W \u2013 Versorgt bis zu 5 Arpas gleichzeitig f\u00fcr eine autonome Schutzl\u00f6sung.<br data-start=\"660\" data-end=\"663\" \/>\u2705 Einfache und sichere Installation \u2013 Feuchtigkeitsbest\u00e4ndige Anschl\u00fcsse und sicheres Stopptaster.<\/p>\n<p data-start=\"763\" data-end=\"875\" data-is-last-node=\"\" data-is-only-node=\"\">Eine umweltfreundliche und leistungsstarke L\u00f6sung f\u00fcr einen gesch\u00fctzten Bienenstock w\u00e4hrend der gesamten Saison.<\/p>\n<p class=\"p2\"><b>DIE PREISE SIND JE NACH MENGE DEGRESSIV.<\/b><\/p>\n<p class=\"p2\"><b>F\u00fcr weitere Informationen kontaktieren Sie mich bitte.<\/b><\/p>\n<p class=\"p3\"><span class=\"s1\"><a href=\"mailto:info@apimat.ch\"><b>info@apimat.ch<\/b><\/a><\/span><\/p>\n<p class=\"p2\"><b>Telefon: 076 213 80 33<\/b><\/p>\n<p>&nbsp;<\/p>\n","protected":false},"excerpt":{"rendered":"<p>Komplettes Kit Hornissenabwehr-Harfe \u2013 Sonnenschutz f\u00fcr Bienenst\u00f6cke Beschreibung: Sch\u00fctzen Sie Ihre Bienenst\u00f6cke effektiv vor der Bedrohung durch Asiatische Hornissen mit dem Komplette Kit Arpa Anti-Velutina. Entwickelt f\u00fcr eine robuste und langlebige Abwehr, nutzt dieses System fortschrittliche Technologie, um Hornissen selektiv zu fangen, ohne den Bienen zu schaden. \u2705 Edelstahl-Arpa \u2013 Widerstandsf\u00e4hig, langlebig und pflegeleicht.\u2705 Integrierter [&hellip;]<\/p>\n","protected":false},"featured_media":35032,"template":"","meta":{"_uf_show_specific_survey":0,"_uf_disable_surveys":false},"product_cat":[1066,912],"product_tag":[],"aioseo_notices":[],"_links":{"self":[{"href":"https:\/\/apimat.ch\/de\/wp-json\/wp\/v2\/product\/35045"}],"collection":[{"href":"https:\/\/apimat.ch\/de\/wp-json\/wp\/v2\/product"}],"about":[{"href":"https:\/\/apimat.ch\/de\/wp-json\/wp\/v2\/types\/product"}],"wp:featuredmedia":[{"embeddable":true,"href":"https:\/\/apimat.ch\/de\/wp-json\/wp\/v2\/media\/35032"}],"wp:attachment":[{"href":"https:\/\/apimat.ch\/de\/wp-json\/wp\/v2\/media?parent=35045"}],"wp:term":[{"taxonomy":"product_cat","embeddable":true,"href":"https:\/\/apimat.ch\/de\/wp-json\/wp\/v2\/product_cat?post=35045"},{"taxonomy":"product_tag","embeddable":true,"href":"https:\/\/apimat.ch\/de\/wp-json\/wp\/v2\/product_tag?post=35045"}],"curies":[{"name":"wp","href":"https:\/\/api.w.org\/{rel}","templated":true}]}}