{"id":35266,"date":"2025-03-23T09:28:40","date_gmt":"2025-03-23T22:27:36","guid":{"rendered":"https:\/\/apimat.ch\/?post_type=product&#038;p=35266"},"modified":"2025-03-23T23:28:52","modified_gmt":"2025-03-23T22:28:52","slug":"edelstahl-haken-zur-effektiven-befestigung-von-flexiblen-transferrohren-oe50-mm","status":"publish","type":"product","link":"https:\/\/apimat.ch\/de\/produit\/edelstahl-haken-zur-effektiven-befestigung-von-flexiblen-transferrohren-oe50-mm\/","title":{"rendered":"Edelstahl-Haken zur effektiven Befestigung von flexiblen Transferrohren \u00d850 mm"},"content":{"rendered":"<p>Diese Edelstahl-Crosse erm\u00f6glicht die effiziente Befestigung eines flexiblen Transferschlauchs mit einem Durchmesser von \u00d850 mm und erleichtert so die Arbeit in der Imkerei-Werkstatt. Ideal f\u00fcr Beh\u00e4lter wie Kl\u00e4r- und R\u00fchrbeh\u00e4lter, mit oder ohne Heizmantel bis zu einer Dicke von 50 mm, bietet sie eine praktische und langlebige L\u00f6sung f\u00fcr das Management des Honigflusses.<\/p>\n<p class=\"p1\"><b>DIE PREISE SIND JE NACH MENGE DEGRESSIV.<\/b><\/p>\n<p class=\"p1\"><b>F\u00fcr weitere Informationen kontaktieren Sie mich bitte.<\/b><\/p>\n<p class=\"p2\"><span class=\"s1\"><a href=\"mailto:info@apimat.ch\"><b>info@apimat.ch<\/b><\/a><\/span><\/p>\n<p class=\"p1\"><b>Telefon: 076 213 80 33<\/b><\/p>\n","protected":false},"excerpt":{"rendered":"<p>Diese Edelstahl-Crosse erm\u00f6glicht die effiziente Befestigung eines flexiblen Transferschlauchs mit einem Durchmesser von \u00d850 mm und erleichtert so die Arbeit in der Imkerei-Werkstatt. Ideal f\u00fcr Beh\u00e4lter wie Kl\u00e4r- und R\u00fchrbeh\u00e4lter, mit oder ohne Heizmantel bis zu einer Dicke von 50 mm, bietet sie eine praktische und langlebige L\u00f6sung f\u00fcr das Management des Honigflusses. DIE PREISE [&hellip;]<\/p>\n","protected":false},"featured_media":35246,"template":"","meta":{"_uf_show_specific_survey":0,"_uf_disable_surveys":false},"product_cat":[1066,108],"product_tag":[],"aioseo_notices":[],"_links":{"self":[{"href":"https:\/\/apimat.ch\/de\/wp-json\/wp\/v2\/product\/35266"}],"collection":[{"href":"https:\/\/apimat.ch\/de\/wp-json\/wp\/v2\/product"}],"about":[{"href":"https:\/\/apimat.ch\/de\/wp-json\/wp\/v2\/types\/product"}],"wp:featuredmedia":[{"embeddable":true,"href":"https:\/\/apimat.ch\/de\/wp-json\/wp\/v2\/media\/35246"}],"wp:attachment":[{"href":"https:\/\/apimat.ch\/de\/wp-json\/wp\/v2\/media?parent=35266"}],"wp:term":[{"taxonomy":"product_cat","embeddable":true,"href":"https:\/\/apimat.ch\/de\/wp-json\/wp\/v2\/product_cat?post=35266"},{"taxonomy":"product_tag","embeddable":true,"href":"https:\/\/apimat.ch\/de\/wp-json\/wp\/v2\/product_tag?post=35266"}],"curies":[{"name":"wp","href":"https:\/\/api.w.org\/{rel}","templated":true}]}}