{"id":35374,"date":"2025-03-29T04:47:06","date_gmt":"2025-03-29T04:04:35","guid":{"rendered":"https:\/\/apimat.ch\/?post_type=product&#038;p=35374"},"modified":"2025-03-29T05:06:10","modified_gmt":"2025-03-29T04:06:10","slug":"honig-extraktionslinie-fuer-40-raehmchen-premium-version-mit-entdeckelungsmaschine-wachs-extruder-und-elektrischem-transportfoerderer","status":"publish","type":"product","link":"https:\/\/apimat.ch\/de\/produit\/honig-extraktionslinie-fuer-40-raehmchen-premium-version-mit-entdeckelungsmaschine-wachs-extruder-und-elektrischem-transportfoerderer\/","title":{"rendered":"Honig-Extraktionslinie f\u00fcr 40 R\u00e4hmchen \u2013 PREMIUM-Version mit Entdeckelungsmaschine, Wachs-Extruder und elektrischem Transportf\u00f6rderer"},"content":{"rendered":"<p class=\"\" data-start=\"0\" data-end=\"148\">Honig-Extraktionslinie f\u00fcr 40 R\u00e4hmchen \u2013 PREMIUM-Version mit Entdeckelungsmaschine, Wachs-Extruder und elektrischem Transportf\u00f6rderer<\/p>\n<p class=\"\" data-start=\"150\" data-end=\"419\"><strong data-start=\"150\" data-end=\"167\">Beschreibung:<\/strong><br data-start=\"167\" data-end=\"170\" \/>Optimieren Sie Ihre Produktion mit dieser <strong data-start=\"212\" data-end=\"272\">Honig-Extraktionslinie f\u00fcr 40 R\u00e4hmchen \u2013 PREMIUM-Version<\/strong>. Entwickelt f\u00fcr eine schnelle und effiziente Honiggewinnung, umfasst sie hochwertige Edelstahlkomponenten f\u00fcr maximale Haltbarkeit und Leistung.<\/p>\n<h3 class=\"\" data-start=\"421\" data-end=\"454\"><strong data-start=\"425\" data-end=\"452\">Bestandteile der Linie:<\/strong><\/h3>\n<p class=\"\" data-start=\"455\" data-end=\"1033\">\u2705 <strong data-start=\"457\" data-end=\"493\">Automatisches Entdeckelungsmodul<\/strong> mit Kettenzuf\u00fchrung und beheizten Messern (2000 W)<br data-start=\"544\" data-end=\"547\" \/>\u2705 <strong data-start=\"549\" data-end=\"591\">Elektrischer R\u00e4hmchentransportf\u00f6rderer<\/strong> (2,1 m) f\u00fcr einen optimierten Arbeitsablauf<br data-start=\"635\" data-end=\"638\" \/>\u2705 <strong data-start=\"640\" data-end=\"658\">Wachs-Extruder<\/strong> \u2013 Kapazit\u00e4t bis zu 100 kg\/h<br data-start=\"686\" data-end=\"689\" \/>\u2705 <strong data-start=\"691\" data-end=\"737\">Horizontale Honigschleuder f\u00fcr 40 R\u00e4hmchen<\/strong> \u2013 Digitaler HE-03-Controller, 8 automatische Modi, 750-W-Motor<br data-start=\"800\" data-end=\"803\" \/>\u2705 <strong data-start=\"805\" data-end=\"833\">R\u00e4hmchen-Auffangbeh\u00e4lter<\/strong> f\u00fcr eine vereinfachte Handhabung<br data-start=\"866\" data-end=\"869\" \/>\u2705 <strong data-start=\"871\" data-end=\"899\">Kl\u00e4rbeh\u00e4lter mit Heizung<\/strong> (30 \u2013 55 \u00b0C) und integriertem Filtersystem<br data-start=\"942\" data-end=\"945\" \/>\u2705 <strong data-start=\"947\" data-end=\"973\">Elektrische Honigpumpe<\/strong> \u2013 F\u00f6rderleistung bis zu 900 l\/h, bidirektionale Steuerung<\/p>\n<h3 class=\"\" data-start=\"1035\" data-end=\"1062\"><strong data-start=\"1039\" data-end=\"1060\">Technische Daten:<\/strong><\/h3>\n<p class=\"\" data-start=\"1063\" data-end=\"1285\">\ud83d\udd39 Material: <strong data-start=\"1076\" data-end=\"1089\">Edelstahl<\/strong> f\u00fcr maximale Hygiene und Langlebigkeit<br data-start=\"1128\" data-end=\"1131\" \/>\ud83d\udd39 <strong data-start=\"1134\" data-end=\"1159\">Extraktionskapazit\u00e4t:<\/strong> bis zu <strong data-start=\"1167\" data-end=\"1190\">240 R\u00e4hmchen\/Stunde<\/strong><br data-start=\"1190\" data-end=\"1193\" \/>\ud83d\udd39 <strong data-start=\"1196\" data-end=\"1216\">Stromversorgung:<\/strong> 230V 32A oder 400V 16A<br data-start=\"1239\" data-end=\"1242\" data-is-only-node=\"\" \/>\ud83d\udd39 <strong data-start=\"1245\" data-end=\"1261\">Abmessungen:<\/strong> 5547 x 1533 x 1799 mm<\/p>\n<p class=\"\" data-start=\"1287\" data-end=\"1465\">\ud83d\udca1 <strong data-start=\"1290\" data-end=\"1324\">Ideal f\u00fcr professionelle Imker<\/strong>, erm\u00f6glicht diese Linie eine kontinuierliche Honiggewinnung mit optimaler Effizienz und einfacher Handhabung von R\u00e4hmchen und Wachsresten.<\/p>\n<div class='avia-iframe-wrap'><iframe loading=\"lazy\" title=\"LYSON Premium 40 Extraction Line NZ\" width=\"1500\" height=\"844\" src=\"https:\/\/www.youtube.com\/embed\/Wj6dmr3FPgE?feature=oembed\" frameborder=\"0\" allow=\"accelerometer; autoplay; clipboard-write; encrypted-media; gyroscope; picture-in-picture; web-share\" referrerpolicy=\"strict-origin-when-cross-origin\" allowfullscreen><\/iframe><\/div>\n<p>&nbsp;<\/p>\n<p class=\"p1\"><b>F\u00fcr weitere Informationen kontaktieren Sie mich bitte.<\/b><\/p>\n<p class=\"p2\"><span class=\"s1\"><a href=\"mailto:info@apimat.ch\"><b>info@apimat.ch<\/b><\/a><\/span><\/p>\n<p class=\"p1\"><b>Telefon: 076 213 80 33<\/b><\/p>\n<p>&nbsp;<\/p>\n","protected":false},"excerpt":{"rendered":"<p>Honig-Extraktionslinie f\u00fcr 40 R\u00e4hmchen \u2013 PREMIUM-Version mit Entdeckelungsmaschine, Wachs-Extruder und elektrischem Transportf\u00f6rderer Beschreibung:Optimieren Sie Ihre Produktion mit dieser Honig-Extraktionslinie f\u00fcr 40 R\u00e4hmchen \u2013 PREMIUM-Version. Entwickelt f\u00fcr eine schnelle und effiziente Honiggewinnung, umfasst sie hochwertige Edelstahlkomponenten f\u00fcr maximale Haltbarkeit und Leistung. Bestandteile der Linie: \u2705 Automatisches Entdeckelungsmodul mit Kettenzuf\u00fchrung und beheizten Messern (2000 W)\u2705 Elektrischer R\u00e4hmchentransportf\u00f6rderer [&hellip;]<\/p>\n","protected":false},"featured_media":35366,"template":"","meta":{"_uf_show_specific_survey":0,"_uf_disable_surveys":false},"product_cat":[1066,128],"product_tag":[],"aioseo_notices":[],"_links":{"self":[{"href":"https:\/\/apimat.ch\/de\/wp-json\/wp\/v2\/product\/35374"}],"collection":[{"href":"https:\/\/apimat.ch\/de\/wp-json\/wp\/v2\/product"}],"about":[{"href":"https:\/\/apimat.ch\/de\/wp-json\/wp\/v2\/types\/product"}],"wp:featuredmedia":[{"embeddable":true,"href":"https:\/\/apimat.ch\/de\/wp-json\/wp\/v2\/media\/35366"}],"wp:attachment":[{"href":"https:\/\/apimat.ch\/de\/wp-json\/wp\/v2\/media?parent=35374"}],"wp:term":[{"taxonomy":"product_cat","embeddable":true,"href":"https:\/\/apimat.ch\/de\/wp-json\/wp\/v2\/product_cat?post=35374"},{"taxonomy":"product_tag","embeddable":true,"href":"https:\/\/apimat.ch\/de\/wp-json\/wp\/v2\/product_tag?post=35374"}],"curies":[{"name":"wp","href":"https:\/\/api.w.org\/{rel}","templated":true}]}}