{"id":35803,"date":"2025-04-18T10:43:21","date_gmt":"2025-04-18T08:52:40","guid":{"rendered":"https:\/\/apimat.ch\/?post_type=product&#038;p=35803"},"modified":"2025-04-18T10:54:13","modified_gmt":"2025-04-18T08:54:13","slug":"nachfuellung-apisolis-native-polaris-120ml","status":"publish","type":"product","link":"https:\/\/apimat.ch\/de\/produit\/nachfuellung-apisolis-native-polaris-120ml\/","title":{"rendered":"Nachf\u00fcllung APISOLIS \u2013 NATIVE Polaris 120ml"},"content":{"rendered":"<p class=\"\" data-start=\"40\" data-end=\"390\"><strong data-start=\"40\" data-end=\"186\">Die NATIVE-L\u00f6sung von Apisolis revolutioniert die Durchsicht von Bienenst\u00f6cken durch einen sanften, nat\u00fcrlichen und bienenfreundlichen Ansatz.<\/strong><br data-start=\"186\" data-end=\"189\" \/>Speziell f\u00fcr die Verwendung mit dem Apisolis-Verdampfer entwickelt, erzeugt sie einen gleichm\u00e4\u00dfigen Dampf, der die Arbeit des Imkers erleichtert und gleichzeitig die Gesundheit des Bienenvolks sch\u00fctzt.<\/p>\n<p class=\"\" data-start=\"392\" data-end=\"620\"><strong data-start=\"392\" data-end=\"429\">Nat\u00fcrliche und innovative Formel:<\/strong><br data-start=\"429\" data-end=\"432\" \/>Bestehend aus einer biobasierten Grundlage und zwei Wirkstoffen, die aus den von Bienen besuchten Bl\u00fcten gewonnen werden, ist NATIVE sowohl wirksam als auch sicher f\u00fcr Bienen und Anwender.<\/p>\n<p class=\"\" data-start=\"622\" data-end=\"793\"><strong data-start=\"622\" data-end=\"665\">Sparsam und effizient in der Anwendung:<\/strong><br data-start=\"665\" data-end=\"668\" \/>Eine 120-ml-Flasche erm\u00f6glicht bis zu <strong data-start=\"706\" data-end=\"731\">250 Stockdurchsichten<\/strong>, was die Kontrolle einfacher, ruhiger und regelm\u00e4\u00dfiger macht.<\/p>\n<p class=\"\" data-start=\"795\" data-end=\"919\"><strong data-start=\"795\" data-end=\"848\">Ideal f\u00fcr friedliche V\u00f6lker und Routinekontrollen<\/strong>, unterst\u00fctzt NATIVE eine moderne, nachhaltige und stressfreie Imkerei.<\/p>\n<p>&nbsp;<\/p>\n<p class=\"p1\"><b>DIE PREISE SIND JE NACH MENGE DEGRESSIV.<\/b><\/p>\n<p class=\"p1\"><b>F\u00fcr weitere Informationen kontaktieren Sie mich bitte.<\/b><\/p>\n<p class=\"p2\"><span class=\"s1\"><a href=\"mailto:info@apimat.ch\"><b>info@apimat.ch<\/b><\/a><\/span><\/p>\n<p class=\"p1\"><b>Telefon: 076 213 80 33<\/b><\/p>\n","protected":false},"excerpt":{"rendered":"<p>Die NATIVE-L\u00f6sung von Apisolis revolutioniert die Durchsicht von Bienenst\u00f6cken durch einen sanften, nat\u00fcrlichen und bienenfreundlichen Ansatz.Speziell f\u00fcr die Verwendung mit dem Apisolis-Verdampfer entwickelt, erzeugt sie einen gleichm\u00e4\u00dfigen Dampf, der die Arbeit des Imkers erleichtert und gleichzeitig die Gesundheit des Bienenvolks sch\u00fctzt. Nat\u00fcrliche und innovative Formel:Bestehend aus einer biobasierten Grundlage und zwei Wirkstoffen, die aus den [&hellip;]<\/p>\n","protected":false},"featured_media":35797,"template":"","meta":{"_uf_show_specific_survey":0,"_uf_disable_surveys":false},"product_cat":[1066,98],"product_tag":[],"aioseo_notices":[],"_links":{"self":[{"href":"https:\/\/apimat.ch\/de\/wp-json\/wp\/v2\/product\/35803"}],"collection":[{"href":"https:\/\/apimat.ch\/de\/wp-json\/wp\/v2\/product"}],"about":[{"href":"https:\/\/apimat.ch\/de\/wp-json\/wp\/v2\/types\/product"}],"wp:featuredmedia":[{"embeddable":true,"href":"https:\/\/apimat.ch\/de\/wp-json\/wp\/v2\/media\/35797"}],"wp:attachment":[{"href":"https:\/\/apimat.ch\/de\/wp-json\/wp\/v2\/media?parent=35803"}],"wp:term":[{"taxonomy":"product_cat","embeddable":true,"href":"https:\/\/apimat.ch\/de\/wp-json\/wp\/v2\/product_cat?post=35803"},{"taxonomy":"product_tag","embeddable":true,"href":"https:\/\/apimat.ch\/de\/wp-json\/wp\/v2\/product_tag?post=35803"}],"curies":[{"name":"wp","href":"https:\/\/api.w.org\/{rel}","templated":true}]}}