{"id":35807,"date":"2025-04-18T10:44:37","date_gmt":"2025-04-18T08:55:55","guid":{"rendered":"https:\/\/apimat.ch\/?post_type=product&#038;p=35807"},"modified":"2025-04-18T10:58:20","modified_gmt":"2025-04-18T08:58:20","slug":"nachfuellung-apisolis-native-nova-120ml","status":"publish","type":"product","link":"https:\/\/apimat.ch\/de\/produit\/nachfuellung-apisolis-native-nova-120ml\/","title":{"rendered":"Nachf\u00fcllung APISOLIS \u2013 Native Nova 120ml"},"content":{"rendered":"<p class=\"\" data-start=\"40\" data-end=\"329\"><strong data-start=\"40\" data-end=\"167\">Die NATIVE-L\u00f6sung von Apisolis ist eine innovative Alternative zum Smoker, speziell entwickelt f\u00fcr den Apisolis-Verdampfer.<\/strong><br data-start=\"167\" data-end=\"170\" \/>Sie erzeugt einen sanften und gleichm\u00e4\u00dfigen Dampf, der den Umgang mit den Bienen erleichtert \u2013 bei gleichzeitigem Respekt f\u00fcr ihr Wohlbefinden und ihre Umwelt.<\/p>\n<p class=\"\" data-start=\"331\" data-end=\"588\"><strong data-start=\"331\" data-end=\"365\">Nat\u00fcrliche und sichere Formel:<\/strong><br data-start=\"365\" data-end=\"368\" \/>NATIVE besteht aus einer biobasierten Grundlage und drei aktiven Molek\u00fclen, die aus Pflanzen gewonnen werden, die von Bienen besucht werden. Sie ist sowohl f\u00fcr die Insekten als auch f\u00fcr den Imker vollkommen unbedenklich.<\/p>\n<p class=\"\" data-start=\"590\" data-end=\"800\"><strong data-start=\"590\" data-end=\"613\">Erwiesene Leistung:<\/strong><br data-start=\"613\" data-end=\"616\" \/>Eine 120-ml-Flasche reicht f\u00fcr bis zu <strong data-start=\"654\" data-end=\"680\">250 V\u00f6lkerdurchsichten<\/strong>. Ihre Wirksamkeit ist mit der eines herk\u00f6mmlichen Smokers vergleichbar \u2013 jedoch auf sanftere und kontrolliertere Weise.<\/p>\n<p class=\"\" data-start=\"802\" data-end=\"937\"><strong data-start=\"802\" data-end=\"831\">Ideal f\u00fcr lebhafte V\u00f6lker<\/strong>, erleichtert NATIVE regelm\u00e4\u00dfige Kontrollen und unterst\u00fctzt eine moderne, ruhige und respektvolle Imkerei.<\/p>\n<p>&nbsp;<\/p>\n<p class=\"p1\"><b>DIE PREISE SIND JE NACH MENGE DEGRESSIV.<\/b><\/p>\n<p class=\"p1\"><b>F\u00fcr weitere Informationen kontaktieren Sie mich bitte.<\/b><\/p>\n<p class=\"p2\"><span class=\"s1\"><a href=\"mailto:info@apimat.ch\"><b>info@apimat.ch<\/b><\/a><\/span><\/p>\n<p class=\"p1\"><b>Telefon: 076 213 80 33<\/b><\/p>\n<p>&nbsp;<\/p>\n","protected":false},"excerpt":{"rendered":"<p>Die NATIVE-L\u00f6sung von Apisolis ist eine innovative Alternative zum Smoker, speziell entwickelt f\u00fcr den Apisolis-Verdampfer.Sie erzeugt einen sanften und gleichm\u00e4\u00dfigen Dampf, der den Umgang mit den Bienen erleichtert \u2013 bei gleichzeitigem Respekt f\u00fcr ihr Wohlbefinden und ihre Umwelt. Nat\u00fcrliche und sichere Formel:NATIVE besteht aus einer biobasierten Grundlage und drei aktiven Molek\u00fclen, die aus Pflanzen gewonnen [&hellip;]<\/p>\n","protected":false},"featured_media":35801,"template":"","meta":{"_uf_show_specific_survey":0,"_uf_disable_surveys":false},"product_cat":[1066,98],"product_tag":[],"aioseo_notices":[],"_links":{"self":[{"href":"https:\/\/apimat.ch\/de\/wp-json\/wp\/v2\/product\/35807"}],"collection":[{"href":"https:\/\/apimat.ch\/de\/wp-json\/wp\/v2\/product"}],"about":[{"href":"https:\/\/apimat.ch\/de\/wp-json\/wp\/v2\/types\/product"}],"wp:featuredmedia":[{"embeddable":true,"href":"https:\/\/apimat.ch\/de\/wp-json\/wp\/v2\/media\/35801"}],"wp:attachment":[{"href":"https:\/\/apimat.ch\/de\/wp-json\/wp\/v2\/media?parent=35807"}],"wp:term":[{"taxonomy":"product_cat","embeddable":true,"href":"https:\/\/apimat.ch\/de\/wp-json\/wp\/v2\/product_cat?post=35807"},{"taxonomy":"product_tag","embeddable":true,"href":"https:\/\/apimat.ch\/de\/wp-json\/wp\/v2\/product_tag?post=35807"}],"curies":[{"name":"wp","href":"https:\/\/api.w.org\/{rel}","templated":true}]}}