{"id":36028,"date":"2025-05-02T07:20:25","date_gmt":"2025-05-02T05:20:26","guid":{"rendered":"https:\/\/apimat.ch\/?post_type=product&#038;p=36028"},"modified":"2025-05-02T07:22:35","modified_gmt":"2025-05-02T05:22:35","slug":"candipolline-gold-pollen-vitamine-stuck-von-1-kg-protein-138-copie","status":"publish","type":"product","link":"https:\/\/apimat.ch\/de\/produit\/candipolline-gold-pollen-vitamine-stuck-von-1-kg-protein-138-copie\/","title":{"rendered":"Candipolline GOLD\u00ae \u2013 pollen &#038; vitamine (st\u00fcck von 2 kg)\u00a0Protein 1,38%"},"content":{"rendered":"<h3>CANDIPOLLINE GOLD\u00ae &#8211; POLLEN &amp; VITAMINE (St\u00fcck von 2 KG) Protein 1,38%.<\/h3>\n<h3>R\u00fcbenzucker, Zuckersirup, Glukose, sterilisierte Pollen, Kaseinat, Albumin, Glyzerin, Vitamin C 338mg.<\/h3>\n<p><img loading=\"lazy\" decoding=\"async\" class=\"alignnone size-large wp-image-22412\" src=\"https:\/\/apimat.ch\/wp-content\/uploads\/2019\/12\/composants-GOLD-DE-1030x570.jpg\" alt=\"\" width=\"1030\" height=\"570\" srcset=\"https:\/\/apimat.ch\/wp-content\/uploads\/2019\/12\/composants-GOLD-DE-1030x570.jpg 1030w, https:\/\/apimat.ch\/wp-content\/uploads\/2019\/12\/composants-GOLD-DE-300x166.jpg 300w, https:\/\/apimat.ch\/wp-content\/uploads\/2019\/12\/composants-GOLD-DE-768x425.jpg 768w, https:\/\/apimat.ch\/wp-content\/uploads\/2019\/12\/composants-GOLD-DE-1536x850.jpg 1536w, https:\/\/apimat.ch\/wp-content\/uploads\/2019\/12\/composants-GOLD-DE-2048x1133.jpg 2048w, https:\/\/apimat.ch\/wp-content\/uploads\/2019\/12\/composants-GOLD-DE-1500x830.jpg 1500w, https:\/\/apimat.ch\/wp-content\/uploads\/2019\/12\/composants-GOLD-DE-705x390.jpg 705w, https:\/\/apimat.ch\/wp-content\/uploads\/2019\/12\/composants-GOLD-DE-600x332.jpg 600w, https:\/\/apimat.ch\/wp-content\/uploads\/2019\/12\/composants-GOLD-DE-scaled.jpg 1951w\" sizes=\"(max-width: 1030px) 100vw, 1030px\" \/><\/p>\n<p>Unterst\u00fctzt die Brut- und Baut\u00e4tigkeit wesentlich und bringt die V\u00f6lker in Schwung.<br \/>\nEmpfehlung: 1-2 Packungen pro Volk \u00e0 1kg.<\/p>\n<p><strong>Candipolline<\/strong> ist ein von den Bienen besonders gesch\u00e4tztes Nahrungsmittel, weil es die Reproduktion und den Aufbau der Bienenst\u00f6cke stimuliert, den Bienenv\u00f6lkern Kraft gibt und die Sterblichkeitsrate stark reduziert wird!<\/p>\n<p>Dieses Rezept aus sterilisiertem Pollen, Zucker, Eiern und Proteinen, die bei niedriger Temperatur gemischt werden (erh\u00e4lt die Vitamine), ist perfekt, um Bienenschw\u00e4rme zu stimulieren, wenn das Wetter wechselhaft ist und die nat\u00fcrlichen Ressourcen noch gering sind, wie zum Beispiel am Ende des Winters und im Fr\u00fchling.<\/p>\n<p><strong>Ein Futter von gleichwertiger Qualit\u00e4t wie VITALIS<\/strong>, das das Wachstum von Bienenv\u00f6lkern, eine hohe Fr\u00fchjahrsproduktivit\u00e4t und die Widerstandsf\u00e4higkeit der Bienen gegen Krankheiten f\u00f6rdert.<\/p>\n<p>Empfehlung: 1-2 Dosen \u00e0 2kg.<\/p>\n<p><strong>DEGRESSIVE PREISE JE NACH MENGE.<\/strong><\/p>\n<p><strong>F\u00fcr weitere Informationen kontaktieren Sie mich bitte.<\/strong><\/p>\n<p><a href=\"mailto:info@apimat.ch\"><strong>info@apimat.ch<\/strong><\/a><\/p>\n<p><strong>Telefon: 076 213 80 33<\/strong><\/p>\n","protected":false},"excerpt":{"rendered":"<p>CANDIPOLLINE GOLD\u00ae &#8211; POLLEN &amp; VITAMINE (St\u00fcck von 2 KG) Protein 1,38%. R\u00fcbenzucker, Zuckersirup, Glukose, sterilisierte Pollen, Kaseinat, Albumin, Glyzerin, Vitamin C 338mg. Unterst\u00fctzt die Brut- und Baut\u00e4tigkeit wesentlich und bringt die V\u00f6lker in Schwung. Empfehlung: 1-2 Packungen pro Volk \u00e0 1kg. Candipolline ist ein von den Bienen besonders gesch\u00e4tztes Nahrungsmittel, weil es die Reproduktion [&hellip;]<\/p>\n","protected":false},"featured_media":36048,"template":"","meta":{"_uf_show_specific_survey":0,"_uf_disable_surveys":false},"product_cat":[1066,94],"product_tag":[],"aioseo_notices":[],"_links":{"self":[{"href":"https:\/\/apimat.ch\/de\/wp-json\/wp\/v2\/product\/36028"}],"collection":[{"href":"https:\/\/apimat.ch\/de\/wp-json\/wp\/v2\/product"}],"about":[{"href":"https:\/\/apimat.ch\/de\/wp-json\/wp\/v2\/types\/product"}],"wp:featuredmedia":[{"embeddable":true,"href":"https:\/\/apimat.ch\/de\/wp-json\/wp\/v2\/media\/36048"}],"wp:attachment":[{"href":"https:\/\/apimat.ch\/de\/wp-json\/wp\/v2\/media?parent=36028"}],"wp:term":[{"taxonomy":"product_cat","embeddable":true,"href":"https:\/\/apimat.ch\/de\/wp-json\/wp\/v2\/product_cat?post=36028"},{"taxonomy":"product_tag","embeddable":true,"href":"https:\/\/apimat.ch\/de\/wp-json\/wp\/v2\/product_tag?post=36028"}],"curies":[{"name":"wp","href":"https:\/\/api.w.org\/{rel}","templated":true}]}}