{"id":36227,"date":"2025-05-10T07:00:51","date_gmt":"2025-05-10T05:14:05","guid":{"rendered":"https:\/\/apimat.ch\/?post_type=product&#038;p=36227"},"modified":"2025-05-10T07:15:34","modified_gmt":"2025-05-10T05:15:34","slug":"insektenhotel-fuer-solitaerbienen-oekologisches-design-aus-fsc-zertifiziertem-holz","status":"publish","type":"product","link":"https:\/\/apimat.ch\/de\/produit\/insektenhotel-fuer-solitaerbienen-oekologisches-design-aus-fsc-zertifiziertem-holz\/","title":{"rendered":"Insektenhotel f\u00fcr Solit\u00e4rbienen &#8211; \u00d6kologisches Design aus FSC-zertifiziertem Holz"},"content":{"rendered":"<p class=\"\" data-start=\"40\" data-end=\"125\"><strong data-start=\"40\" data-end=\"125\">Insektenhotel f\u00fcr Solit\u00e4rbienen \u2013 \u00d6kologisches Design aus FSC-zertifiziertem Holz<\/strong><\/p>\n<p class=\"\" data-start=\"127\" data-end=\"455\">Dieses elegante Insektenhotel bietet einen sicheren Unterschlupf f\u00fcr Solit\u00e4rbienen und andere Best\u00e4uber in Ihrem Garten. Es ist aus FSC-zertifiziertem Holz gefertigt und mit einer Abdeckung aus recyceltem Kunststoff versehen. Das Hotel wird in einer h\u00fcbschen Geschenkbox geliefert und ist einfach zu installieren und zu pflegen.<\/p>\n<p class=\"\" data-start=\"457\" data-end=\"693\">Dieses Hotel wurde entwickelt, um Solit\u00e4rbienen ein Zuhause zu bieten, aber auch viele andere best\u00e4ubende Insekten k\u00f6nnen hier Unterschlupf finden. Es erm\u00f6glicht ihnen, sich in den verschiedenen Sektionen des Hotels bequem einzurichten.<\/p>\n<p class=\"\" data-start=\"695\" data-end=\"981\">Auch andere Best\u00e4uber wie Hummeln und Marienk\u00e4fer k\u00f6nnen in diesem Hotel nisten. Sie ben\u00f6tigen jedoch etwas Nistmaterial im unteren Fach, da diese Insekten oft Nester von anderen Tieren, wie V\u00f6geln, \u00fcbernehmen. Dieses Fach ist leicht zug\u00e4nglich durch eine T\u00fcr aus recyceltem Kunststoff.<\/p>\n<p class=\"\" data-start=\"983\" data-end=\"1167\">Um die morgendliche Sonne zu genie\u00dfen, stellen Sie Ihr Insektenhotel an eine Wand, die nach S\u00fcdosten ausgerichtet ist, damit es das Sonnenlicht bereits am fr\u00fchen Morgen einfangen kann.<\/p>\n<p class=\"\" data-start=\"1169\" data-end=\"1446\"><strong data-start=\"1169\" data-end=\"1178\">Ma\u00dfe:<\/strong> 212 x 170 x 105 mm<br data-start=\"1197\" data-end=\"1200\" \/><strong data-start=\"1200\" data-end=\"1212\">Gewicht:<\/strong> 655 g<br data-start=\"1218\" data-end=\"1221\" \/><strong data-start=\"1221\" data-end=\"1237\">Materialien:<\/strong> FSC-Holz, recycelter Kunststoff<br data-start=\"1269\" data-end=\"1272\" \/><strong data-start=\"1272\" data-end=\"1283\">Farben:<\/strong> Gr\u00fcn und unbehandeltes Holz<br data-start=\"1311\" data-end=\"1314\" \/><strong data-start=\"1314\" data-end=\"1337\">Besondere Merkmale:<\/strong> Verschiedene \u00d6ffnungen und Sektionen in unterschiedlichen Gr\u00f6\u00dfen bieten eine Vielzahl von Nistm\u00f6glichkeiten.<\/p>\n<p class=\"p1\"><b>DIE PREISE SIND JE NACH MENGE DEGRESSIV.<\/b><\/p>\n<p class=\"p1\"><b>F\u00fcr weitere Informationen kontaktieren Sie mich bitte.<\/b><\/p>\n<p class=\"p2\"><span class=\"s1\"><a href=\"mailto:info@apimat.ch\"><b>info@apimat.ch<\/b><\/a><\/span><\/p>\n<p class=\"p1\"><b>Telefon: 076 213 80 33<\/b><\/p>\n","protected":false},"excerpt":{"rendered":"<p>Insektenhotel f\u00fcr Solit\u00e4rbienen \u2013 \u00d6kologisches Design aus FSC-zertifiziertem Holz Dieses elegante Insektenhotel bietet einen sicheren Unterschlupf f\u00fcr Solit\u00e4rbienen und andere Best\u00e4uber in Ihrem Garten. Es ist aus FSC-zertifiziertem Holz gefertigt und mit einer Abdeckung aus recyceltem Kunststoff versehen. Das Hotel wird in einer h\u00fcbschen Geschenkbox geliefert und ist einfach zu installieren und zu pflegen. Dieses [&hellip;]<\/p>\n","protected":false},"featured_media":36225,"template":"","meta":{"_uf_show_specific_survey":0,"_uf_disable_surveys":false},"product_cat":[1066,101],"product_tag":[],"aioseo_notices":[],"_links":{"self":[{"href":"https:\/\/apimat.ch\/de\/wp-json\/wp\/v2\/product\/36227"}],"collection":[{"href":"https:\/\/apimat.ch\/de\/wp-json\/wp\/v2\/product"}],"about":[{"href":"https:\/\/apimat.ch\/de\/wp-json\/wp\/v2\/types\/product"}],"wp:featuredmedia":[{"embeddable":true,"href":"https:\/\/apimat.ch\/de\/wp-json\/wp\/v2\/media\/36225"}],"wp:attachment":[{"href":"https:\/\/apimat.ch\/de\/wp-json\/wp\/v2\/media?parent=36227"}],"wp:term":[{"taxonomy":"product_cat","embeddable":true,"href":"https:\/\/apimat.ch\/de\/wp-json\/wp\/v2\/product_cat?post=36227"},{"taxonomy":"product_tag","embeddable":true,"href":"https:\/\/apimat.ch\/de\/wp-json\/wp\/v2\/product_tag?post=36227"}],"curies":[{"name":"wp","href":"https:\/\/api.w.org\/{rel}","templated":true}]}}