{"id":36802,"date":"2025-06-06T16:58:53","date_gmt":"2025-06-06T14:58:54","guid":{"rendered":"https:\/\/apimat.ch\/?post_type=product&#038;p=36802"},"modified":"2025-06-06T17:03:27","modified_gmt":"2025-06-06T15:03:27","slug":"apiinvert-bienenfuttersirup-im-28-kg-karton","status":"publish","type":"product","link":"https:\/\/apimat.ch\/de\/produit\/apiinvert-bienenfuttersirup-im-28-kg-karton\/","title":{"rendered":"APIINVERT Bienenfuttersirup im 28\u202fkg Karton"},"content":{"rendered":"<div class=\"content--title\">\n<div class=\"flex max-w-full flex-col flex-grow\">\n<div class=\"min-h-8 text-message flex w-full flex-col items-end gap-2 whitespace-normal break-words [.text-message+&amp;]:mt-5\" dir=\"auto\" data-message-author-role=\"assistant\" data-message-id=\"46243a39-ca9a-49e7-b40d-62e61ac158d3\">\n<div class=\"flex w-full flex-col gap-1 empty:hidden first:pt-[3px]\">\n<div class=\"markdown prose w-full break-words dark:prose-invert light\">\n<p><strong>APIINVERT Bienenfuttersirup im 28\u202fkg Karton<\/strong><\/p>\n<p>Apiinvert ist ein fl\u00fcssiges Bienenfutter von h\u00f6chster Reinheit, das ausschlie\u00dflich aus Saccharose und deren Bestandteilen Fruktose und Glukose besteht. Apiinvert enth\u00e4lt daher keine Zuckerarten, die sch\u00e4dlich auf den Darm wirken k\u00f6nnten. Der hohe Fruktosegehalt h\u00e4lt die Kristallisationsneigung in den Waben auch bei niedrigen Temperaturen gering \u2013 so kann ein Verhungern der Bienen auf einer vollen Wabe fast vollst\u00e4ndig ausgeschlossen werden.<\/p>\n<p><strong>Vorteile von API-INVERT:<\/strong><\/p>\n<ul>\n<li>sofort einsatzbereit ohne Zugabe von Wasser<\/li>\n<li>hoher Fruktosegehalt, ideale Konsistenz<\/li>\n<li>bessere Futterverwertung dank hohem Trockensubstanzgehalt<\/li>\n<li>schnelles Einlagern des Futters durch bienengerechte Zusammensetzung<\/li>\n<\/ul>\n<p>&nbsp;<\/p>\n<\/div>\n<\/div>\n<\/div>\n<\/div>\n<div class=\"mb-2 flex gap-3 empty:hidden -ml-2\"><\/div>\n<\/div>\n<div class=\"product--description\">\n<p><strong>DIE PREISE SIND JE NACH MENGE DEGRESSIV.<\/strong><\/p>\n<\/div>\n<p><strong>F\u00fcr weitere Informationen kontaktieren Sie mich bitte.<\/strong><\/p>\n<p><a href=\"mailto:info@apimat.ch\"><strong>info@apimat.ch<\/strong><\/a><\/p>\n<p><strong>Telefon: 076 213 80 33<\/strong><\/p>\n<p>&nbsp;<\/p>\n","protected":false},"excerpt":{"rendered":"<p>APIINVERT Bienenfuttersirup im 28\u202fkg Karton Apiinvert ist ein fl\u00fcssiges Bienenfutter von h\u00f6chster Reinheit, das ausschlie\u00dflich aus Saccharose und deren Bestandteilen Fruktose und Glukose besteht. Apiinvert enth\u00e4lt daher keine Zuckerarten, die sch\u00e4dlich auf den Darm wirken k\u00f6nnten. Der hohe Fruktosegehalt h\u00e4lt die Kristallisationsneigung in den Waben auch bei niedrigen Temperaturen gering \u2013 so kann ein Verhungern [&hellip;]<\/p>\n","protected":false},"featured_media":36805,"template":"","meta":{"_uf_show_specific_survey":0,"_uf_disable_surveys":false},"product_cat":[1066,94],"product_tag":[],"aioseo_notices":[],"_links":{"self":[{"href":"https:\/\/apimat.ch\/de\/wp-json\/wp\/v2\/product\/36802"}],"collection":[{"href":"https:\/\/apimat.ch\/de\/wp-json\/wp\/v2\/product"}],"about":[{"href":"https:\/\/apimat.ch\/de\/wp-json\/wp\/v2\/types\/product"}],"wp:featuredmedia":[{"embeddable":true,"href":"https:\/\/apimat.ch\/de\/wp-json\/wp\/v2\/media\/36805"}],"wp:attachment":[{"href":"https:\/\/apimat.ch\/de\/wp-json\/wp\/v2\/media?parent=36802"}],"wp:term":[{"taxonomy":"product_cat","embeddable":true,"href":"https:\/\/apimat.ch\/de\/wp-json\/wp\/v2\/product_cat?post=36802"},{"taxonomy":"product_tag","embeddable":true,"href":"https:\/\/apimat.ch\/de\/wp-json\/wp\/v2\/product_tag?post=36802"}],"curies":[{"name":"wp","href":"https:\/\/api.w.org\/{rel}","templated":true}]}}