{"id":36908,"date":"2025-06-08T10:54:22","date_gmt":"2025-06-08T09:40:39","guid":{"rendered":"https:\/\/apimat.ch\/?post_type=product&#038;p=36908"},"modified":"2025-09-06T17:29:51","modified_gmt":"2025-09-06T15:29:51","slug":"silikonform-pentagonale-geometrische-pyramide","status":"publish","type":"product","link":"https:\/\/apimat.ch\/de\/produit\/silikonform-pentagonale-geometrische-pyramide\/","title":{"rendered":"Silikonform \u2013 Geometrische f\u00fcnfeckige Pyramide (H\u00f6he 150 mm)"},"content":{"rendered":"<p>Silikonform \u2013 Geometrische f\u00fcnfeckige Pyramide (H\u00f6he 150 mm)<\/p>\n<p>Formh\u00f6he (cm): 15,5<\/p>\n<p>Formdurchmesser (cm): 10,3<\/p>\n<p>Formumfang (cm): 33<\/p>\n<p>Wachsgewicht (g): 220<\/p>\n<p>Gussh\u00f6he (cm): 15<\/p>\n<p>Gussdurchmesser (cm): 8<\/p>\n<div class='avia-iframe-wrap'><iframe loading=\"lazy\" title=\"Cr\u00e9ez vos bougies en cire d\u2019abeille facilement \ud83d\udd6f\ud83d\udc1d\" width=\"1500\" height=\"844\" src=\"https:\/\/www.youtube.com\/embed\/lK-3RvaTW0g?feature=oembed\" frameborder=\"0\" allow=\"accelerometer; autoplay; clipboard-write; encrypted-media; gyroscope; picture-in-picture; web-share\" referrerpolicy=\"strict-origin-when-cross-origin\" allowfullscreen><\/iframe><\/div>\n<p class=\"p1\"><b>DIE PREISE SIND JE NACH MENGE DEGRESSIV.<\/b><\/p>\n<p class=\"p1\"><b>F\u00fcr weitere Informationen kontaktieren Sie mich bitte.<\/b><\/p>\n<p class=\"p2\"><span class=\"s1\"><a href=\"mailto:info@apimat.ch\"><b>info@apimat.ch<\/b><\/a><\/span><\/p>\n<p class=\"p1\"><b>Telefon: 076 213 80 33<\/b><\/p>\n","protected":false},"excerpt":{"rendered":"<p>Silikonform \u2013 Geometrische f\u00fcnfeckige Pyramide (H\u00f6he 150 mm) Formh\u00f6he (cm): 15,5 Formdurchmesser (cm): 10,3 Formumfang (cm): 33 Wachsgewicht (g): 220 Gussh\u00f6he (cm): 15 Gussdurchmesser (cm): 8 DIE PREISE SIND JE NACH MENGE DEGRESSIV. F\u00fcr weitere Informationen kontaktieren Sie mich bitte. info@apimat.ch Telefon: 076 213 80 33<\/p>\n","protected":false},"featured_media":36869,"template":"","meta":{"_uf_show_specific_survey":0,"_uf_disable_surveys":false},"product_cat":[1108],"product_tag":[],"aioseo_notices":[],"_links":{"self":[{"href":"https:\/\/apimat.ch\/de\/wp-json\/wp\/v2\/product\/36908"}],"collection":[{"href":"https:\/\/apimat.ch\/de\/wp-json\/wp\/v2\/product"}],"about":[{"href":"https:\/\/apimat.ch\/de\/wp-json\/wp\/v2\/types\/product"}],"wp:featuredmedia":[{"embeddable":true,"href":"https:\/\/apimat.ch\/de\/wp-json\/wp\/v2\/media\/36869"}],"wp:attachment":[{"href":"https:\/\/apimat.ch\/de\/wp-json\/wp\/v2\/media?parent=36908"}],"wp:term":[{"taxonomy":"product_cat","embeddable":true,"href":"https:\/\/apimat.ch\/de\/wp-json\/wp\/v2\/product_cat?post=36908"},{"taxonomy":"product_tag","embeddable":true,"href":"https:\/\/apimat.ch\/de\/wp-json\/wp\/v2\/product_tag?post=36908"}],"curies":[{"name":"wp","href":"https:\/\/api.w.org\/{rel}","templated":true}]}}