{"id":37257,"date":"2025-06-27T09:27:21","date_gmt":"2025-06-27T07:27:21","guid":{"rendered":"https:\/\/apimat.ch\/?post_type=product&#038;p=37257"},"modified":"2025-06-27T10:38:14","modified_gmt":"2025-06-27T08:38:14","slug":"verpackungskarton-fuer-6-glaeser-a-1-kg-to82","status":"publish","type":"product","link":"https:\/\/apimat.ch\/de\/produit\/verpackungskarton-fuer-6-glaeser-a-1-kg-to82\/","title":{"rendered":"Verpackungskarton f\u00fcr 6 Gl\u00e4ser \u00e0 1\u202fkg TO82"},"content":{"rendered":"<p>Verpackungskarton f\u00fcr 6 Gl\u00e4ser \u00e0 1\u202fkg TO82<\/p>\n<p><br data-start=\"94\" data-end=\"97\" \/>Innenma\u00dfe: 300\u202f\u00d7\u202f210\u202f\u00d7\u202fH\u00f6he 150\u202fmm.<\/p>\n<p><strong>DEGRESSIVE PREISE JE NACH MENGE.<\/strong><\/p>\n<p><strong>F\u00fcr weitere Informationen kontaktieren Sie mich bitte.<\/strong><\/p>\n<p><a href=\"mailto:info@apimat.ch\"><strong>info@apimat.ch<\/strong><\/a><\/p>\n<p><strong>Telefon: 076 213 80 33<\/strong><\/p>\n","protected":false},"excerpt":{"rendered":"<p>Verpackungskarton f\u00fcr 6 Gl\u00e4ser \u00e0 1\u202fkg TO82 Innenma\u00dfe: 300\u202f\u00d7\u202f210\u202f\u00d7\u202fH\u00f6he 150\u202fmm. DEGRESSIVE PREISE JE NACH MENGE. F\u00fcr weitere Informationen kontaktieren Sie mich bitte. info@apimat.ch Telefon: 076 213 80 33<\/p>\n","protected":false},"featured_media":37253,"template":"","meta":{"_uf_show_specific_survey":0,"_uf_disable_surveys":false},"product_cat":[1066,106],"product_tag":[],"aioseo_notices":[],"_links":{"self":[{"href":"https:\/\/apimat.ch\/de\/wp-json\/wp\/v2\/product\/37257"}],"collection":[{"href":"https:\/\/apimat.ch\/de\/wp-json\/wp\/v2\/product"}],"about":[{"href":"https:\/\/apimat.ch\/de\/wp-json\/wp\/v2\/types\/product"}],"wp:featuredmedia":[{"embeddable":true,"href":"https:\/\/apimat.ch\/de\/wp-json\/wp\/v2\/media\/37253"}],"wp:attachment":[{"href":"https:\/\/apimat.ch\/de\/wp-json\/wp\/v2\/media?parent=37257"}],"wp:term":[{"taxonomy":"product_cat","embeddable":true,"href":"https:\/\/apimat.ch\/de\/wp-json\/wp\/v2\/product_cat?post=37257"},{"taxonomy":"product_tag","embeddable":true,"href":"https:\/\/apimat.ch\/de\/wp-json\/wp\/v2\/product_tag?post=37257"}],"curies":[{"name":"wp","href":"https:\/\/api.w.org\/{rel}","templated":true}]}}