{"id":38818,"date":"2025-09-05T19:18:07","date_gmt":"2025-09-06T05:28:51","guid":{"rendered":"https:\/\/apimat.ch\/?post_type=product&#038;p=38818"},"modified":"2025-09-12T17:48:39","modified_gmt":"2025-09-12T15:48:39","slug":"manuelle-entdeckelungsmaschine-kombi-verstellbares-kombi-geraet-mit-komplettem-set-dadant-zander-deutsch-normalmass","status":"publish","type":"product","link":"https:\/\/apimat.ch\/de\/produit\/manuelle-entdeckelungsmaschine-kombi-verstellbares-kombi-geraet-mit-komplettem-set-dadant-zander-deutsch-normalmass\/","title":{"rendered":"Manuelle Entdeckelungsmaschine Kombi \u2013 Verstellbares Kombi-Ger\u00e4t mit komplettem Set (Dadant, Zander, Deutsch-Normalma\u00df)"},"content":{"rendered":"<p>Manuelle Entdeckelungsmaschine Kombi \u2013 Verstellbares Kombi-Ger\u00e4t mit komplettem Set (Dadant, Zander, Deutsch-Normalma\u00df)<\/p>\n<div class='avia-iframe-wrap'><iframe loading=\"lazy\" title=\"Machine manuelle \u00e0 d\u00e9soperculer Kombi \u2013 kit complet (Dadant, Zander, Deutsch-Normalma\u00df)\" width=\"563\" height=\"1000\" src=\"https:\/\/www.youtube.com\/embed\/LoEs4mHe2ZM?feature=oembed\" frameborder=\"0\" allow=\"accelerometer; autoplay; clipboard-write; encrypted-media; gyroscope; picture-in-picture; web-share\" referrerpolicy=\"strict-origin-when-cross-origin\" allowfullscreen><\/iframe><\/div>\n<p data-start=\"37\" data-end=\"257\"><strong data-start=\"37\" data-end=\"54\">Beschreibung:<\/strong><br data-start=\"54\" data-end=\"57\" \/>Dieses kombinierte Entdeckelungsger\u00e4t ist mit einem verstellbaren Adapter ausgestattet, der eine einfache Anpassung an verschiedene R\u00e4hmchenbreiten erm\u00f6glicht.<br data-start=\"216\" data-end=\"219\" \/>Es ist in zwei Varianten erh\u00e4ltlich:<\/p>\n<ul data-start=\"259\" data-end=\"404\">\n<li data-start=\"259\" data-end=\"323\">\n<p data-start=\"261\" data-end=\"323\"><strong data-start=\"261\" data-end=\"275\">Variante 1<\/strong>: einstellbar von Dadant bis Deutsch-Normalma\u00df<\/p>\n<\/li>\n<li data-start=\"324\" data-end=\"404\">\n<p data-start=\"326\" data-end=\"404\"><strong data-start=\"326\" data-end=\"340\">Variante 2<\/strong>: einstellbar von Zander oder Langstroth bis Deutsch-Normalma\u00df<\/p>\n<\/li>\n<\/ul>\n<p data-start=\"406\" data-end=\"432\">Das Komplettset umfasst:<\/p>\n<ul data-start=\"433\" data-end=\"591\">\n<li data-start=\"433\" data-end=\"451\">\n<p data-start=\"435\" data-end=\"451\">das Grundger\u00e4t<\/p>\n<\/li>\n<li data-start=\"452\" data-end=\"549\">\n<p data-start=\"454\" data-end=\"549\">eine Gabel mit auswechselbarem Kamm (wahlweise: Dadant \/ Zander \/ Deutsch-Normalma\u00df \/ 120 mm)<\/p>\n<\/li>\n<li data-start=\"550\" data-end=\"569\">\n<p data-start=\"552\" data-end=\"569\">ein Abtropfsieb<\/p>\n<\/li>\n<li data-start=\"570\" data-end=\"591\">\n<p data-start=\"572\" data-end=\"591\">eine Auffangwanne<\/p>\n<\/li>\n<\/ul>\n<p data-start=\"593\" data-end=\"716\">Das gesamte Ger\u00e4t besteht aus lebensmittelechten Materialien und gew\u00e4hrleistet Hygiene und Sicherheit bei der Honigernte.<\/p>\n<p class=\"p1\"><b>DIE PREISE SIND JE NACH MENGE DEGRESSIV.<\/b><\/p>\n<p class=\"p1\"><b>F\u00fcr weitere Informationen kontaktieren Sie mich bitte.<\/b><\/p>\n<p class=\"p2\"><span class=\"s1\"><a href=\"mailto:info@apimat.ch\"><b>info@apimat.ch<\/b><\/a><\/span><\/p>\n<p class=\"p1\"><b>Telefon: 076 213 80 33<\/b><\/p>\n<p>&nbsp;<\/p>\n","protected":false},"excerpt":{"rendered":"<p>Manuelle Entdeckelungsmaschine Kombi \u2013 Verstellbares Kombi-Ger\u00e4t mit komplettem Set (Dadant, Zander, Deutsch-Normalma\u00df) Beschreibung:Dieses kombinierte Entdeckelungsger\u00e4t ist mit einem verstellbaren Adapter ausgestattet, der eine einfache Anpassung an verschiedene R\u00e4hmchenbreiten erm\u00f6glicht.Es ist in zwei Varianten erh\u00e4ltlich: Variante 1: einstellbar von Dadant bis Deutsch-Normalma\u00df Variante 2: einstellbar von Zander oder Langstroth bis Deutsch-Normalma\u00df Das Komplettset umfasst: das Grundger\u00e4t [&hellip;]<\/p>\n","protected":false},"featured_media":38815,"template":"","meta":{"_uf_show_specific_survey":0,"_uf_disable_surveys":false},"product_cat":[662,108],"product_tag":[],"aioseo_notices":[],"_links":{"self":[{"href":"https:\/\/apimat.ch\/de\/wp-json\/wp\/v2\/product\/38818"}],"collection":[{"href":"https:\/\/apimat.ch\/de\/wp-json\/wp\/v2\/product"}],"about":[{"href":"https:\/\/apimat.ch\/de\/wp-json\/wp\/v2\/types\/product"}],"wp:featuredmedia":[{"embeddable":true,"href":"https:\/\/apimat.ch\/de\/wp-json\/wp\/v2\/media\/38815"}],"wp:attachment":[{"href":"https:\/\/apimat.ch\/de\/wp-json\/wp\/v2\/media?parent=38818"}],"wp:term":[{"taxonomy":"product_cat","embeddable":true,"href":"https:\/\/apimat.ch\/de\/wp-json\/wp\/v2\/product_cat?post=38818"},{"taxonomy":"product_tag","embeddable":true,"href":"https:\/\/apimat.ch\/de\/wp-json\/wp\/v2\/product_tag?post=38818"}],"curies":[{"name":"wp","href":"https:\/\/api.w.org\/{rel}","templated":true}]}}