{"id":39353,"date":"2025-09-12T07:21:50","date_gmt":"2025-09-12T05:21:53","guid":{"rendered":"https:\/\/apimat.ch\/?post_type=product&#038;p=39353"},"modified":"2025-09-17T12:37:32","modified_gmt":"2025-09-17T10:37:32","slug":"instantvap-18v-turbo-de","status":"publish","type":"product","link":"https:\/\/apimat.ch\/de\/produit\/instantvap-18v-turbo-de\/","title":{"rendered":"InstantVap\u00ae 18V Turbo \u2013 Kabelloser Oxals\u00e4ure-Verdampfer mit Akku (10 Sekunden pro Volk)"},"content":{"rendered":"<h3>InstantVap 18V TURBO Akku Oxals\u00e4ure Verdampfer &#8211; Auch ideal f\u00fcr Schweizer Kasten<\/h3>\n<h3>BATTERIE NICHT ENTHALTEN<\/h3>\n<p data-start=\"156\" data-end=\"453\">Der <strong data-start=\"160\" data-end=\"185\">InstantVap\u00ae 18V Turbo<\/strong> ist ein leistungsstarker und praktischer Oxals\u00e4ure-Verdampfer, der mit Akku betrieben wird (kompatibel mit dem Akkuschuh Ihrer Wahl). Er wurde f\u00fcr schnelle, effiziente und komfortable Behandlungen entwickelt und vereint Leistung, Robustheit und einfache Handhabung.<\/p>\n<p data-start=\"455\" data-end=\"474\"><strong data-start=\"455\" data-end=\"472\">Lieferumfang:<\/strong><\/p>\n<ul data-start=\"475\" data-end=\"574\">\n<li data-start=\"475\" data-end=\"509\">\n<p data-start=\"477\" data-end=\"509\">1 InstantVap\u00ae Turbo Verdampfer<\/p>\n<\/li>\n<li data-start=\"510\" data-end=\"536\">\n<p data-start=\"512\" data-end=\"536\">1 Reinigungsverschluss<\/p>\n<\/li>\n<li data-start=\"537\" data-end=\"574\">\n<p data-start=\"539\" data-end=\"574\">2 Ersatz-O-Ringe f\u00fcr den Dosierer<\/p>\n<\/li>\n<\/ul>\n<p data-start=\"576\" data-end=\"691\"><em data-start=\"576\" data-end=\"689\">(Akkus und Ladeger\u00e4te nicht enthalten \u2013 die auf den Fotos abgebildeten Akkus dienen nur zur Veranschaulichung.)<\/em><\/p>\n<p>Erh\u00e4ltlich mit den verschiedenen Batterieadaptern, die derzeit auf dem Markt erh\u00e4ltlich sind:<\/p>\n<ul>\n<li>\n<h3>Makita\u00ae LTX<\/h3>\n<\/li>\n<li>\n<h3>Parkside\u00ae X20 V-Team<\/h3>\n<\/li>\n<li>\n<h3>Einhell\u00ae Power X change<\/h3>\n<\/li>\n<li>\n<h3>Metabo\u00ae 18V<\/h3>\n<\/li>\n<li>\n<h3>Milwaukee\u00ae M18<\/h3>\n<\/li>\n<li>\n<h3>Bosch\u00ae GBA\/Procore 18V<\/h3>\n<\/li>\n<li>\n<h3>Dewalt\u00ae XR\/FlexVolt 18\/20 V<\/h3>\n<\/li>\n<li>\n<h3>AEG\u00ae<\/h3>\n<\/li>\n<li>\n<h3>Rigid\u00ae<\/h3>\n<\/li>\n<li>\n<h3>Hikoki\/Hitachi\u00ae<\/h3>\n<\/li>\n<\/ul>\n<div class='avia-iframe-wrap'><iframe loading=\"lazy\" title=\"Introducing the InstantVap Turbo 18 oxalic acid vaporizer --- Only 10 sec\/2g!!\" width=\"1500\" height=\"844\" src=\"https:\/\/www.youtube.com\/embed\/JdxwFm5Guao?start=488&#038;feature=oembed\" frameborder=\"0\" allow=\"accelerometer; autoplay; clipboard-write; encrypted-media; gyroscope; picture-in-picture; web-share\" referrerpolicy=\"strict-origin-when-cross-origin\" allowfullscreen><\/iframe><\/div>\n<h3 data-start=\"698\" data-end=\"722\"><strong data-start=\"702\" data-end=\"720\">Hauptmerkmale:<\/strong><\/h3>\n<p data-start=\"724\" data-end=\"762\">\ud83d\udd39 <strong data-start=\"727\" data-end=\"760\">Dynamische Temperaturregelung<\/strong><\/p>\n<ul data-start=\"763\" data-end=\"874\">\n<li data-start=\"763\" data-end=\"842\">\n<p data-start=\"765\" data-end=\"842\">Ultraschnelle Behandlungszeit: <strong data-start=\"796\" data-end=\"840\">10 Sekunden f\u00fcr eine 2 g Dosis Oxals\u00e4ure<\/strong><\/p>\n<\/li>\n<li data-start=\"843\" data-end=\"874\">\n<p data-start=\"845\" data-end=\"874\">Pr\u00e4zise Temperatursteuerung<\/p>\n<\/li>\n<\/ul>\n<p data-start=\"876\" data-end=\"914\">\ud83d\udd39 <strong data-start=\"879\" data-end=\"912\">Multifunktionales LED-Display<\/strong><\/p>\n<ul data-start=\"915\" data-end=\"1141\">\n<li data-start=\"915\" data-end=\"958\">\n<p data-start=\"917\" data-end=\"958\">Anzeige von Temperatur und Akkuspannung<\/p>\n<\/li>\n<li data-start=\"959\" data-end=\"1027\">\n<p data-start=\"961\" data-end=\"1027\">Temperatur einstellbar zwischen <strong data-start=\"993\" data-end=\"1012\">230\u00b0C und 260\u00b0C<\/strong> (\u00b0C oder \u00b0F)<\/p>\n<\/li>\n<li data-start=\"1028\" data-end=\"1068\">\n<p data-start=\"1030\" data-end=\"1068\">Gesamtzahl der durchgef\u00fchrten Zyklen<\/p>\n<\/li>\n<li data-start=\"1069\" data-end=\"1113\">\n<p data-start=\"1071\" data-end=\"1113\">Anzahl der Zyklen mit dem aktuellen Akku<\/p>\n<\/li>\n<li data-start=\"1114\" data-end=\"1141\">\n<p data-start=\"1116\" data-end=\"1141\">Anzeige bei leerem Akku<\/p>\n<\/li>\n<\/ul>\n<p data-start=\"1143\" data-end=\"1203\">\ud83d\udd39 <strong data-start=\"1146\" data-end=\"1174\">Intelligente LED-Anzeige<\/strong> (einfache Statuskontrolle)<\/p>\n<ul data-start=\"1204\" data-end=\"1352\">\n<li data-start=\"1204\" data-end=\"1236\">\n<p data-start=\"1206\" data-end=\"1236\">Langsames Blinken: Aufheizen<\/p>\n<\/li>\n<li data-start=\"1237\" data-end=\"1274\">\n<p data-start=\"1239\" data-end=\"1274\">Dauerlicht: bereit zur Behandlung<\/p>\n<\/li>\n<li data-start=\"1275\" data-end=\"1315\">\n<p data-start=\"1277\" data-end=\"1315\">Schnelles Blinken: Sublimation l\u00e4uft<\/p>\n<\/li>\n<li data-start=\"1316\" data-end=\"1352\">\n<p data-start=\"1318\" data-end=\"1352\">Doppelblinken + Pause: Akku leer<\/p>\n<\/li>\n<\/ul>\n<p data-start=\"1354\" data-end=\"1427\"><em data-start=\"1354\" data-end=\"1425\">(Auch bei Sonnenlicht perfekt ablesbar \u2013 ohne sich b\u00fccken zu m\u00fcssen.)<\/em><\/p>\n<p data-start=\"1429\" data-end=\"1484\">\ud83d\udd39 <strong data-start=\"1432\" data-end=\"1482\">Ergonomische und robuste Edelstahlkonstruktion<\/strong><\/p>\n<ul data-start=\"1485\" data-end=\"1566\">\n<li data-start=\"1485\" data-end=\"1521\">\n<p data-start=\"1487\" data-end=\"1521\">Angenehme Handhabung ohne Kippen<\/p>\n<\/li>\n<li data-start=\"1522\" data-end=\"1566\">\n<p data-start=\"1524\" data-end=\"1566\">Garantierte Stabilit\u00e4t und Langlebigkeit<\/p>\n<\/li>\n<\/ul>\n<p data-start=\"1568\" data-end=\"1611\">\ud83d\udd39 <strong data-start=\"1571\" data-end=\"1609\">Werkzeuglos verstellbarer Dosierer<\/strong><\/p>\n<ul data-start=\"1612\" data-end=\"1665\">\n<li data-start=\"1612\" data-end=\"1665\">\n<p data-start=\"1614\" data-end=\"1665\">Einstellbar von <strong data-start=\"1630\" data-end=\"1643\">1 bis 4 g<\/strong> in wenigen Sekunden<\/p>\n<\/li>\n<\/ul>\n<p data-start=\"1667\" data-end=\"1705\">\ud83d\udd39 <strong data-start=\"1670\" data-end=\"1703\">Austauschbarer Messingstutzen<\/strong><\/p>\n<ul data-start=\"1706\" data-end=\"1776\">\n<li data-start=\"1706\" data-end=\"1748\">\n<p data-start=\"1708\" data-end=\"1748\">Tief positioniert f\u00fcr einfachen Zugang<\/p>\n<\/li>\n<li data-start=\"1749\" data-end=\"1776\">\n<p data-start=\"1751\" data-end=\"1776\">Verl\u00e4ngerte Lebensdauer<\/p>\n<\/li>\n<\/ul>\n<p data-start=\"1778\" data-end=\"1820\">\ud83d\udd39 <strong data-start=\"1781\" data-end=\"1818\">Integriertes Batterieschutzsystem<\/strong><\/p>\n<ul data-start=\"1821\" data-end=\"1864\">\n<li data-start=\"1821\" data-end=\"1864\">\n<p data-start=\"1823\" data-end=\"1864\">Verbesserter Schutz gegen Tiefentladung<\/p>\n<\/li>\n<\/ul>\n<p>&nbsp;<\/p>\n<p>WENN DAS GER\u00c4T SICH EINSCHALTET UND AUSSCHALTET UND DIE TEMPERATUR NICHT STEIGT, IST DAS EIN ANZEICHEN DAF\u00dcR, DASS DIE BATTERIE ENTLADEN IST. TRENEN SIE DIE BATTERIE AB UND ERSETZEN SIE SIE DURCH EINE VOLL AUFGELADENE BATTERIE.<\/p>\n<p>Achtung! Oxals\u00e4ure ist \u00e4u\u00dferst gef\u00e4hrlich f\u00fcr den menschlichen K\u00f6rper und sollte ohne Schutzausr\u00fcstung nicht verwendet werden!<\/p>\n<p class=\"p1\"><b>DIE PREISE SIND JE NACH MENGE DEGRESSIV.<\/b><\/p>\n<p class=\"p1\"><b>F\u00fcr weitere Informationen kontaktieren Sie mich bitte.<\/b><\/p>\n<p class=\"p2\"><span class=\"s1\"><a href=\"mailto:info@apimat.ch\"><b>info@apimat.ch<\/b><\/a><\/span><\/p>\n<p class=\"p1\"><b>Telefon: 076 213 80 33<\/b><\/p>\n<p>&nbsp;<\/p>\n","protected":false},"excerpt":{"rendered":"<p>InstantVap 18V TURBO Akku Oxals\u00e4ure Verdampfer &#8211; Auch ideal f\u00fcr Schweizer Kasten BATTERIE NICHT ENTHALTEN Der InstantVap\u00ae 18V Turbo ist ein leistungsstarker und praktischer Oxals\u00e4ure-Verdampfer, der mit Akku betrieben wird (kompatibel mit dem Akkuschuh Ihrer Wahl). Er wurde f\u00fcr schnelle, effiziente und komfortable Behandlungen entwickelt und vereint Leistung, Robustheit und einfache Handhabung. Lieferumfang: 1 InstantVap\u00ae [&hellip;]<\/p>\n","protected":false},"featured_media":39375,"template":"","meta":{"_uf_show_specific_survey":0,"_uf_disable_surveys":false},"product_cat":[662,390],"product_tag":[],"aioseo_notices":[],"_links":{"self":[{"href":"https:\/\/apimat.ch\/de\/wp-json\/wp\/v2\/product\/39353"}],"collection":[{"href":"https:\/\/apimat.ch\/de\/wp-json\/wp\/v2\/product"}],"about":[{"href":"https:\/\/apimat.ch\/de\/wp-json\/wp\/v2\/types\/product"}],"wp:featuredmedia":[{"embeddable":true,"href":"https:\/\/apimat.ch\/de\/wp-json\/wp\/v2\/media\/39375"}],"wp:attachment":[{"href":"https:\/\/apimat.ch\/de\/wp-json\/wp\/v2\/media?parent=39353"}],"wp:term":[{"taxonomy":"product_cat","embeddable":true,"href":"https:\/\/apimat.ch\/de\/wp-json\/wp\/v2\/product_cat?post=39353"},{"taxonomy":"product_tag","embeddable":true,"href":"https:\/\/apimat.ch\/de\/wp-json\/wp\/v2\/product_tag?post=39353"}],"curies":[{"name":"wp","href":"https:\/\/api.w.org\/{rel}","templated":true}]}}