{"id":39603,"date":"2025-09-24T15:06:36","date_gmt":"2025-09-24T15:17:06","guid":{"rendered":"https:\/\/apimat.ch\/?post_type=product&#038;p=39603"},"modified":"2025-09-24T17:43:23","modified_gmt":"2025-09-24T15:43:23","slug":"bio-propolis-mundspray-beruhigend-fuer-rachen-mund-honig-thymian-eukalyptus-20-ml","status":"publish","type":"product","link":"https:\/\/apimat.ch\/de\/produit\/bio-propolis-mundspray-beruhigend-fuer-rachen-mund-honig-thymian-eukalyptus-20-ml\/","title":{"rendered":"Bio-Propolis-Mundspray \u2013 Beruhigend f\u00fcr Rachen &#038; Mund | Honig, Thymian &#038; Eukalyptus \u2013 20 ml"},"content":{"rendered":"<p>Bio-Propolis-Mundspray \u2013 Beruhigend f\u00fcr Rachen &amp; Mund | Honig, Thymian &amp; Eukalyptus \u2013 20 ml<\/p>\n<p data-start=\"42\" data-end=\"364\">Entdecken Sie ein historisches Produkt aus der Propolia\u00ae-Reihe, bekannt f\u00fcr seine Wirksamkeit und Qualit\u00e4t. Dieses Spray kombiniert eine hochkonzentrierte Formel aus gereinigtem Propolis, Honig sowie \u00e4therischen \u00d6len von Thymian und Eukalyptus und bietet sofortige Linderung bei Kratzen und Reizungen in Mund und Rachen.<\/p>\n<p data-start=\"366\" data-end=\"541\">Von zahlreichen Kunden wegen seiner schnellen und nat\u00fcrlichen Wirkung gesch\u00e4tzt, wird dieses Spray in einem praktischen 20-ml-Glasfl\u00e4schchen angeboten \u2013 ideal zum Mitnehmen.<\/p>\n<p data-start=\"543\" data-end=\"582\"><strong data-start=\"543\" data-end=\"580\">100 % nat\u00fcrliche und Bio-Zutaten:<\/strong><\/p>\n<p data-start=\"585\" data-end=\"624\">Gereinigter Propolis-Extrakt (65,9 %)<\/p>\n<p data-start=\"627\" data-end=\"645\">Bio-Honig (34 %)<\/p>\n<p data-start=\"648\" data-end=\"691\">\u00c4therische \u00d6le von Thymian und Eukalyptus<\/p>\n<p data-start=\"693\" data-end=\"710\"><strong data-start=\"693\" data-end=\"708\">Highlights:<\/strong><\/p>\n<p data-start=\"713\" data-end=\"764\">Hochkonzentrierte Formel f\u00fcr optimale Wirksamkeit<\/p>\n<p data-start=\"767\" data-end=\"806\">Sofortige Wirkung auf Mund und Rachen<\/p>\n<p data-start=\"809\" data-end=\"834\">100 % Bio und nat\u00fcrlich<\/p>\n<p data-start=\"836\" data-end=\"852\"><strong data-start=\"836\" data-end=\"850\">Anwendung:<\/strong><\/p>\n<p data-start=\"855\" data-end=\"913\">3 Spr\u00fchst\u00f6\u00dfe in den Mund, 3\u20135 Mal t\u00e4glich je nach Bedarf<\/p>\n<p data-start=\"916\" data-end=\"940\">Vor Gebrauch sch\u00fctteln<\/p>\n<p data-start=\"942\" data-end=\"967\"><strong data-start=\"942\" data-end=\"965\">Vorsichtsma\u00dfnahmen:<\/strong><\/p>\n<p data-start=\"970\" data-end=\"1077\">Nicht empfohlen f\u00fcr Personen mit Allergien gegen Bienenprodukte, f\u00fcr Schwangere und Kinder unter 3 Jahren<\/p>\n<p data-start=\"1080\" data-end=\"1130\">Au\u00dfer Reichweite von kleinen Kindern aufbewahren<\/p>\n<p data-start=\"1133\" data-end=\"1180\">Die empfohlene Tagesdosis nicht \u00fcberschreiten<\/p>\n<p data-start=\"1183\" data-end=\"1228\">Vor Hitze und Feuchtigkeit gesch\u00fctzt lagern<\/p>\n<p data-start=\"1183\" data-end=\"1228\">\n<p class=\"p1\"><b>DIE PREISE SIND JE NACH MENGE DEGRESSIV.<\/b><\/p>\n<p class=\"p1\"><b>F\u00fcr weitere Informationen kontaktieren Sie mich bitte.<\/b><\/p>\n<p class=\"p2\"><span class=\"s1\"><a href=\"mailto:info@apimat.ch\"><b>info@apimat.ch<\/b><\/a><\/span><\/p>\n<p class=\"p1\"><b>Telefon: 076 213 80 33<\/b><\/p>\n","protected":false},"excerpt":{"rendered":"<p>Bio-Propolis-Mundspray \u2013 Beruhigend f\u00fcr Rachen &amp; Mund | Honig, Thymian &amp; Eukalyptus \u2013 20 ml Entdecken Sie ein historisches Produkt aus der Propolia\u00ae-Reihe, bekannt f\u00fcr seine Wirksamkeit und Qualit\u00e4t. Dieses Spray kombiniert eine hochkonzentrierte Formel aus gereinigtem Propolis, Honig sowie \u00e4therischen \u00d6len von Thymian und Eukalyptus und bietet sofortige Linderung bei Kratzen und Reizungen in [&hellip;]<\/p>\n","protected":false},"featured_media":39586,"template":"","meta":{"_uf_show_specific_survey":0,"_uf_disable_surveys":false},"product_cat":[662,1132],"product_tag":[],"aioseo_notices":[],"_links":{"self":[{"href":"https:\/\/apimat.ch\/de\/wp-json\/wp\/v2\/product\/39603"}],"collection":[{"href":"https:\/\/apimat.ch\/de\/wp-json\/wp\/v2\/product"}],"about":[{"href":"https:\/\/apimat.ch\/de\/wp-json\/wp\/v2\/types\/product"}],"wp:featuredmedia":[{"embeddable":true,"href":"https:\/\/apimat.ch\/de\/wp-json\/wp\/v2\/media\/39586"}],"wp:attachment":[{"href":"https:\/\/apimat.ch\/de\/wp-json\/wp\/v2\/media?parent=39603"}],"wp:term":[{"taxonomy":"product_cat","embeddable":true,"href":"https:\/\/apimat.ch\/de\/wp-json\/wp\/v2\/product_cat?post=39603"},{"taxonomy":"product_tag","embeddable":true,"href":"https:\/\/apimat.ch\/de\/wp-json\/wp\/v2\/product_tag?post=39603"}],"curies":[{"name":"wp","href":"https:\/\/api.w.org\/{rel}","templated":true}]}}