{"id":39605,"date":"2025-09-24T16:28:00","date_gmt":"2025-09-24T15:19:22","guid":{"rendered":"https:\/\/apimat.ch\/?post_type=product&#038;p=39605"},"modified":"2025-09-24T17:31:23","modified_gmt":"2025-09-24T15:31:23","slug":"bio-zahnpasta-propolis-minze-reinigend-zahnfleischberuhigend-plaquehemmend-75-g","status":"publish","type":"product","link":"https:\/\/apimat.ch\/de\/produit\/bio-zahnpasta-propolis-minze-reinigend-zahnfleischberuhigend-plaquehemmend-75-g\/","title":{"rendered":"Bio-Zahnpasta Propolis &#038; Minze \u2013 Reinigend, Zahnfleischberuhigend &#038; Plaquehemmend \u2013 75 g"},"content":{"rendered":"<p>Bio-Zahnpasta Propolis &amp; Minze \u2013 Reinigend, Zahnfleischberuhigend &amp; Plaquehemmend \u2013 75 g<\/p>\n<p data-start=\"42\" data-end=\"275\">Pflegen Sie Ihren Mund mit dieser nat\u00fcrlichen Zahnpasta, die entwickelt wurde, um die Mundh\u00f6hle zu reinigen, das Zahnfleisch zu beruhigen und Zahnplaque zu bek\u00e4mpfen. Ihre exklusive Formel vereint <strong data-start=\"239\" data-end=\"272\">Wirksamkeit und Nat\u00fcrlichkeit<\/strong>.<\/p>\n<p data-start=\"277\" data-end=\"522\">Der leichte, frische Geschmack von Minze, Kardamom und gr\u00fcner Anis macht das Z\u00e4hneputzen angenehm f\u00fcr die ganze Familie. Mit <strong data-start=\"402\" data-end=\"447\">96\u202f% Inhaltsstoffen nat\u00fcrlichen Ursprungs<\/strong> und <strong data-start=\"452\" data-end=\"466\">ohne Fluor<\/strong> sch\u00fctzt sie Ihre Z\u00e4hne und Ihr Zahnfleisch im Alltag.<\/p>\n<p data-start=\"524\" data-end=\"541\"><strong data-start=\"524\" data-end=\"539\">Highlights:<\/strong><\/p>\n<ul data-start=\"543\" data-end=\"717\">\n<li data-start=\"543\" data-end=\"575\">\n<p data-start=\"545\" data-end=\"575\">Reinigt und sch\u00fctzt den Mund<\/p>\n<\/li>\n<li data-start=\"576\" data-end=\"614\">\n<p data-start=\"578\" data-end=\"614\">Beruhigt empfindliches Zahnfleisch<\/p>\n<\/li>\n<li data-start=\"615\" data-end=\"638\">\n<p data-start=\"617\" data-end=\"638\">Bek\u00e4mpft Zahnplaque<\/p>\n<\/li>\n<li data-start=\"639\" data-end=\"673\">\n<p data-start=\"641\" data-end=\"673\">F\u00fcr die ganze Familie geeignet<\/p>\n<\/li>\n<li data-start=\"674\" data-end=\"717\">\n<p data-start=\"676\" data-end=\"717\">Nat\u00fcrlicher und erfrischender Geschmack<\/p>\n<\/li>\n<\/ul>\n<p>&nbsp;<\/p>\n<p class=\"p1\"><b>DIE PREISE SIND JE NACH MENGE DEGRESSIV.<\/b><\/p>\n<p class=\"p1\"><b>F\u00fcr weitere Informationen kontaktieren Sie mich bitte.<\/b><\/p>\n<p class=\"p2\"><span class=\"s1\"><a href=\"mailto:info@apimat.ch\"><b>info@apimat.ch<\/b><\/a><\/span><\/p>\n<p class=\"p1\"><b>Telefon: 076 213 80 33<\/b><\/p>\n","protected":false},"excerpt":{"rendered":"<p>Bio-Zahnpasta Propolis &amp; Minze \u2013 Reinigend, Zahnfleischberuhigend &amp; Plaquehemmend \u2013 75 g Pflegen Sie Ihren Mund mit dieser nat\u00fcrlichen Zahnpasta, die entwickelt wurde, um die Mundh\u00f6hle zu reinigen, das Zahnfleisch zu beruhigen und Zahnplaque zu bek\u00e4mpfen. Ihre exklusive Formel vereint Wirksamkeit und Nat\u00fcrlichkeit. Der leichte, frische Geschmack von Minze, Kardamom und gr\u00fcner Anis macht das [&hellip;]<\/p>\n","protected":false},"featured_media":39600,"template":"","meta":{"_uf_show_specific_survey":0,"_uf_disable_surveys":false},"product_cat":[662,1132],"product_tag":[],"aioseo_notices":[],"_links":{"self":[{"href":"https:\/\/apimat.ch\/de\/wp-json\/wp\/v2\/product\/39605"}],"collection":[{"href":"https:\/\/apimat.ch\/de\/wp-json\/wp\/v2\/product"}],"about":[{"href":"https:\/\/apimat.ch\/de\/wp-json\/wp\/v2\/types\/product"}],"wp:featuredmedia":[{"embeddable":true,"href":"https:\/\/apimat.ch\/de\/wp-json\/wp\/v2\/media\/39600"}],"wp:attachment":[{"href":"https:\/\/apimat.ch\/de\/wp-json\/wp\/v2\/media?parent=39605"}],"wp:term":[{"taxonomy":"product_cat","embeddable":true,"href":"https:\/\/apimat.ch\/de\/wp-json\/wp\/v2\/product_cat?post=39605"},{"taxonomy":"product_tag","embeddable":true,"href":"https:\/\/apimat.ch\/de\/wp-json\/wp\/v2\/product_tag?post=39605"}],"curies":[{"name":"wp","href":"https:\/\/api.w.org\/{rel}","templated":true}]}}