{"id":39607,"date":"2025-09-24T16:33:33","date_gmt":"2025-09-24T15:22:31","guid":{"rendered":"https:\/\/apimat.ch\/?post_type=product&#038;p=39607"},"modified":"2025-09-24T17:30:22","modified_gmt":"2025-09-24T15:30:22","slug":"bio-bienenbrot-reich-an-vitaminen-proteinen-mineralstoffen-50-g","status":"publish","type":"product","link":"https:\/\/apimat.ch\/de\/produit\/bio-bienenbrot-reich-an-vitaminen-proteinen-mineralstoffen-50-g\/","title":{"rendered":"Bio-Bienenbrot \u2013 Reich an Vitaminen, Proteinen &#038; Mineralstoffen \u2013 50 g"},"content":{"rendered":"<p>Bio-Bienenbrot \u2013 Reich an Vitaminen, Proteinen &amp; Mineralstoffen \u2013 50 g<\/p>\n<p>&nbsp;<\/p>\n<p data-start=\"42\" data-end=\"302\">Mit einem hohen Gehalt an Vitaminen, Milchs\u00e4ure, Enzymen und Mineralstoffen ist Pollen reich an Ballaststoffen und Proteinen und vom K\u00f6rper leicht verwertbar. Er ist besonders gesch\u00e4tzt f\u00fcr seine <strong data-start=\"238\" data-end=\"299\">energetischen und ern\u00e4hrungsphysiologischen Eigenschaften<\/strong>.<\/p>\n<p data-start=\"304\" data-end=\"348\"><strong data-start=\"304\" data-end=\"346\">GLUTENFREI \/ OHNE KONSERVIERUNGSSTOFFE<\/strong><\/p>\n<p class=\"p1\"><b>DIE PREISE SIND JE NACH MENGE DEGRESSIV.<\/b><\/p>\n<p class=\"p1\"><b>F\u00fcr weitere Informationen kontaktieren Sie mich bitte.<\/b><\/p>\n<p class=\"p2\"><span class=\"s1\"><a href=\"mailto:info@apimat.ch\"><b>info@apimat.ch<\/b><\/a><\/span><\/p>\n<p class=\"p1\"><b>Telefon: 076 213 80 33<\/b><\/p>\n","protected":false},"excerpt":{"rendered":"<p>Bio-Bienenbrot \u2013 Reich an Vitaminen, Proteinen &amp; Mineralstoffen \u2013 50 g &nbsp; Mit einem hohen Gehalt an Vitaminen, Milchs\u00e4ure, Enzymen und Mineralstoffen ist Pollen reich an Ballaststoffen und Proteinen und vom K\u00f6rper leicht verwertbar. Er ist besonders gesch\u00e4tzt f\u00fcr seine energetischen und ern\u00e4hrungsphysiologischen Eigenschaften. GLUTENFREI \/ OHNE KONSERVIERUNGSSTOFFE DIE PREISE SIND JE NACH MENGE DEGRESSIV. [&hellip;]<\/p>\n","protected":false},"featured_media":39594,"template":"","meta":{"_uf_show_specific_survey":0,"_uf_disable_surveys":false},"product_cat":[662,1132],"product_tag":[],"aioseo_notices":[],"_links":{"self":[{"href":"https:\/\/apimat.ch\/de\/wp-json\/wp\/v2\/product\/39607"}],"collection":[{"href":"https:\/\/apimat.ch\/de\/wp-json\/wp\/v2\/product"}],"about":[{"href":"https:\/\/apimat.ch\/de\/wp-json\/wp\/v2\/types\/product"}],"wp:featuredmedia":[{"embeddable":true,"href":"https:\/\/apimat.ch\/de\/wp-json\/wp\/v2\/media\/39594"}],"wp:attachment":[{"href":"https:\/\/apimat.ch\/de\/wp-json\/wp\/v2\/media?parent=39607"}],"wp:term":[{"taxonomy":"product_cat","embeddable":true,"href":"https:\/\/apimat.ch\/de\/wp-json\/wp\/v2\/product_cat?post=39607"},{"taxonomy":"product_tag","embeddable":true,"href":"https:\/\/apimat.ch\/de\/wp-json\/wp\/v2\/product_tag?post=39607"}],"curies":[{"name":"wp","href":"https:\/\/api.w.org\/{rel}","templated":true}]}}