{"id":39609,"date":"2025-09-24T16:39:29","date_gmt":"2025-09-24T15:24:50","guid":{"rendered":"https:\/\/apimat.ch\/?post_type=product&#038;p=39609"},"modified":"2025-09-24T17:28:29","modified_gmt":"2025-09-24T15:28:29","slug":"beruhigendes-bio-oel-propolis-lavendel-johanniskraut-lindert-roetungen-reizungen-20-ml","status":"publish","type":"product","link":"https:\/\/apimat.ch\/de\/produit\/beruhigendes-bio-oel-propolis-lavendel-johanniskraut-lindert-roetungen-reizungen-20-ml\/","title":{"rendered":"Beruhigendes Bio-\u00d6l \u2013 Propolis, Lavendel &#038; Johanniskraut | Lindert R\u00f6tungen &#038; Reizungen \u2013 20 ml"},"content":{"rendered":"<p>Beruhigendes Bio-\u00d6l \u2013 Propolis, Lavendel &amp; Johanniskraut | Lindert R\u00f6tungen &amp; Reizungen \u2013 20 ml<\/p>\n<p data-start=\"42\" data-end=\"287\">Beruhigend und nat\u00fcrlich \u2013 dieses zertifizierte Bio-Beruhigungs\u00f6l ist ideal, um R\u00f6tungen, Juckreiz und Hautreizungen schnell zu lindern. Seine Formel kombiniert Propolis, Lavandin und Johanniskraut f\u00fcr eine sanfte und wirksame Pflege der Haut.<\/p>\n<p data-start=\"289\" data-end=\"443\">F\u00fcr die ganze Familie ab 6 Jahren geeignet, ist dieses \u00d6l 100\u202f% nat\u00fcrlich und Bio-zertifiziert und bietet ein gesundes, hautfreundliches Pflegeerlebnis.<\/p>\n<p data-start=\"445\" data-end=\"462\"><strong data-start=\"445\" data-end=\"460\">Highlights:<\/strong><\/p>\n<ul data-start=\"464\" data-end=\"650\">\n<li data-start=\"464\" data-end=\"509\">\n<p data-start=\"466\" data-end=\"509\">Lindert R\u00f6tungen und Irritationen schnell<\/p>\n<\/li>\n<li data-start=\"510\" data-end=\"534\">\n<p data-start=\"512\" data-end=\"534\">Geeignet ab 6 Jahren<\/p>\n<\/li>\n<li data-start=\"535\" data-end=\"609\">\n<p data-start=\"537\" data-end=\"609\">Reich an nat\u00fcrlichen Wirkstoffen: Propolis, Johanniskraut und Lavandin<\/p>\n<\/li>\n<li data-start=\"610\" data-end=\"650\">\n<p data-start=\"612\" data-end=\"650\">Bio-zertifiziert und 100\u202f% nat\u00fcrlich<\/p>\n<\/li>\n<\/ul>\n<p class=\"p1\"><b>DIE PREISE SIND JE NACH MENGE DEGRESSIV.<\/b><\/p>\n<p class=\"p1\"><b>F\u00fcr weitere Informationen kontaktieren Sie mich bitte.<\/b><\/p>\n<p class=\"p2\"><span class=\"s1\"><a href=\"mailto:info@apimat.ch\"><b>info@apimat.ch<\/b><\/a><\/span><\/p>\n<p class=\"p1\"><b>Telefon: 076 213 80 33<\/b><\/p>\n","protected":false},"excerpt":{"rendered":"<p>Beruhigendes Bio-\u00d6l \u2013 Propolis, Lavendel &amp; Johanniskraut | Lindert R\u00f6tungen &amp; Reizungen \u2013 20 ml Beruhigend und nat\u00fcrlich \u2013 dieses zertifizierte Bio-Beruhigungs\u00f6l ist ideal, um R\u00f6tungen, Juckreiz und Hautreizungen schnell zu lindern. Seine Formel kombiniert Propolis, Lavandin und Johanniskraut f\u00fcr eine sanfte und wirksame Pflege der Haut. F\u00fcr die ganze Familie ab 6 Jahren geeignet, [&hellip;]<\/p>\n","protected":false},"featured_media":39590,"template":"","meta":{"_uf_show_specific_survey":0,"_uf_disable_surveys":false},"product_cat":[662,1132],"product_tag":[],"aioseo_notices":[],"_links":{"self":[{"href":"https:\/\/apimat.ch\/de\/wp-json\/wp\/v2\/product\/39609"}],"collection":[{"href":"https:\/\/apimat.ch\/de\/wp-json\/wp\/v2\/product"}],"about":[{"href":"https:\/\/apimat.ch\/de\/wp-json\/wp\/v2\/types\/product"}],"wp:featuredmedia":[{"embeddable":true,"href":"https:\/\/apimat.ch\/de\/wp-json\/wp\/v2\/media\/39590"}],"wp:attachment":[{"href":"https:\/\/apimat.ch\/de\/wp-json\/wp\/v2\/media?parent=39609"}],"wp:term":[{"taxonomy":"product_cat","embeddable":true,"href":"https:\/\/apimat.ch\/de\/wp-json\/wp\/v2\/product_cat?post=39609"},{"taxonomy":"product_tag","embeddable":true,"href":"https:\/\/apimat.ch\/de\/wp-json\/wp\/v2\/product_tag?post=39609"}],"curies":[{"name":"wp","href":"https:\/\/api.w.org\/{rel}","templated":true}]}}