{"id":39868,"date":"2025-10-10T08:43:41","date_gmt":"2025-10-10T07:00:31","guid":{"rendered":"https:\/\/apimat.ch\/?post_type=product&#038;p=39868"},"modified":"2025-10-10T09:00:31","modified_gmt":"2025-10-10T07:00:31","slug":"6-waben-dadant-bienenstock-aus-polystyrol-rosa-grau","status":"publish","type":"product","link":"https:\/\/apimat.ch\/de\/produit\/6-waben-dadant-bienenstock-aus-polystyrol-rosa-grau\/","title":{"rendered":"6 Waben Dadant Bienenstock aus Polystyrol \u2013 Rosa &#038; Grau"},"content":{"rendered":"<p data-start=\"169\" data-end=\"430\">6 Waben Dadant Bienenstock aus Polystyrol \u2013 Rosa &amp; Grau<\/p>\n<p data-start=\"169\" data-end=\"430\">Die <strong data-start=\"173\" data-end=\"217\">lackierte Dadant 6-Waben-Polystyrolbeute<\/strong> ist ideal f\u00fcr viele Anwendungen in der Imkerei. Sie ist leicht, isolierend und langlebig \u2013 perfekt sowohl zur <strong data-start=\"328\" data-end=\"358\">Bildung von Kunstschw\u00e4rmen<\/strong> als auch zur <strong data-start=\"372\" data-end=\"427\">\u00dcberwinterung kleiner V\u00f6lker oder Reservek\u00f6niginnen<\/strong>.<\/p>\n<p data-start=\"432\" data-end=\"626\">Dank ihrer hervorragenden <strong data-start=\"458\" data-end=\"487\">thermischen Eigenschaften<\/strong> bietet diese Beute einen optimalen Schutz vor K\u00e4lte und Hitze und unterst\u00fctzt so die gesunde Entwicklung der Bienen das ganze Jahr \u00fcber.<\/p>\n<p data-start=\"628\" data-end=\"669\">Sie kann au\u00dferdem verwendet werden, um:<\/p>\n<ul data-start=\"670\" data-end=\"904\">\n<li data-start=\"670\" data-end=\"726\">\n<p data-start=\"672\" data-end=\"726\">Schw\u00e4rme einzufangen und vor\u00fcbergehend zu isolieren,<\/p>\n<\/li>\n<li data-start=\"727\" data-end=\"785\">\n<p data-start=\"729\" data-end=\"785\">Bienenv\u00f6lker gegen <strong data-start=\"748\" data-end=\"769\">Varroa destructor<\/strong> zu behandeln,<\/p>\n<\/li>\n<li data-start=\"786\" data-end=\"853\">\n<p data-start=\"788\" data-end=\"853\">Bienen mit <strong data-start=\"799\" data-end=\"826\">Amerikanischer Faulbrut<\/strong> zeitweise zu separieren,<\/p>\n<\/li>\n<li data-start=\"854\" data-end=\"904\">\n<p data-start=\"856\" data-end=\"904\">K\u00f6niginnen in einem Mehrwabenvolk aufzuziehen.<\/p>\n<\/li>\n<\/ul>\n<p data-start=\"906\" data-end=\"1227\">Die <strong data-start=\"910\" data-end=\"950\">robuste und durchdachte Konstruktion<\/strong> erm\u00f6glicht das Hinzuf\u00fcgen eines <strong data-start=\"983\" data-end=\"1023\">Halbzargen- oder Vollzargenaufsatzes<\/strong> zur Lagerung von Honig oder Wintervorr\u00e4ten.<br data-start=\"1067\" data-end=\"1070\" \/>Die <strong data-start=\"1074\" data-end=\"1092\">Innenabdeckung<\/strong> erleichtert das F\u00fcttern, ohne das Brutnest zu st\u00f6ren, und erlaubt im Fr\u00fchjahr eine <strong data-start=\"1176\" data-end=\"1198\">visuelle Kontrolle<\/strong> durch die L\u00fcftungs\u00f6ffnung.<\/p>\n<p data-start=\"1229\" data-end=\"1249\"><strong data-start=\"1229\" data-end=\"1247\">Hauptmerkmale:<\/strong><\/p>\n<ul data-start=\"1250\" data-end=\"1409\">\n<li data-start=\"1250\" data-end=\"1309\">\n<p data-start=\"1252\" data-end=\"1309\"><strong data-start=\"1252\" data-end=\"1265\">Material:<\/strong> Lackiertes, hochdichtes Polystyrol (blau)<\/p>\n<\/li>\n<li data-start=\"1310\" data-end=\"1340\">\n<p data-start=\"1312\" data-end=\"1340\"><strong data-start=\"1312\" data-end=\"1323\">Format:<\/strong> Dadant 6 Waben<\/p>\n<\/li>\n<li data-start=\"1341\" data-end=\"1378\">\n<p data-start=\"1343\" data-end=\"1378\"><strong data-start=\"1343\" data-end=\"1357\">Au\u00dfenma\u00dfe:<\/strong> 310 \u00d7 570 \u00d7 460 mm<\/p>\n<\/li>\n<li data-start=\"1379\" data-end=\"1409\">\n<p data-start=\"1381\" data-end=\"1409\"><strong data-start=\"1381\" data-end=\"1399\">Gesamtgewicht:<\/strong> 4,93 kg<\/p>\n<\/li>\n<\/ul>\n<p data-start=\"1411\" data-end=\"1440\"><strong data-start=\"1411\" data-end=\"1438\">Enthaltene Komponenten:<\/strong><\/p>\n<ul data-start=\"1441\" data-end=\"1590\">\n<li data-start=\"1441\" data-end=\"1481\">\n<p data-start=\"1443\" data-end=\"1481\">Lackierter Dadant-Deckel f\u00fcr 6 Waben<\/p>\n<\/li>\n<li data-start=\"1482\" data-end=\"1528\">\n<p data-start=\"1484\" data-end=\"1528\">Lackierter Dadant-Beutenk\u00f6rper f\u00fcr 6 Waben<\/p>\n<\/li>\n<li data-start=\"1529\" data-end=\"1590\">\n<p data-start=\"1531\" data-end=\"1590\">Kunststoffboden mit L\u00fcftungsgitter und Fluglochreduzierer<\/p>\n<\/li>\n<\/ul>\n<p data-start=\"1592\" data-end=\"1778\"><strong data-start=\"1592\" data-end=\"1605\">Vorteile:<\/strong><br data-start=\"1605\" data-end=\"1608\" \/>\u2705 Hervorragende W\u00e4rmed\u00e4mmung<br data-start=\"1636\" data-end=\"1639\" \/>\u2705 Leicht und wetterbest\u00e4ndig<br data-start=\"1667\" data-end=\"1670\" \/>\u2705 Ideal f\u00fcr K\u00f6niginnenzucht, Schwarmfang und \u00dcberwinterung<br data-start=\"1728\" data-end=\"1731\" \/>\u2705 Kompatibel mit Futterzargen 1,5 L und 2,4 L<\/p>\n<p class=\"p1\"><b>DIE PREISE SIND JE NACH MENGE DEGRESSIV.<\/b><\/p>\n<p class=\"p1\"><b>F\u00fcr weitere Informationen kontaktieren Sie mich bitte.<\/b><\/p>\n<p class=\"p2\"><span class=\"s1\"><a href=\"mailto:info@apimat.ch\"><b>info@apimat.ch<\/b><\/a><\/span><\/p>\n<p class=\"p1\"><b>Telefon: 076 213 80 33<\/b><\/p>\n","protected":false},"excerpt":{"rendered":"<p>6 Waben Dadant Bienenstock aus Polystyrol \u2013 Rosa &amp; Grau Die lackierte Dadant 6-Waben-Polystyrolbeute ist ideal f\u00fcr viele Anwendungen in der Imkerei. Sie ist leicht, isolierend und langlebig \u2013 perfekt sowohl zur Bildung von Kunstschw\u00e4rmen als auch zur \u00dcberwinterung kleiner V\u00f6lker oder Reservek\u00f6niginnen. Dank ihrer hervorragenden thermischen Eigenschaften bietet diese Beute einen optimalen Schutz vor [&hellip;]<\/p>\n","protected":false},"featured_media":39855,"template":"","meta":{"_uf_show_specific_survey":0,"_uf_disable_surveys":false},"product_cat":[662,101],"product_tag":[],"aioseo_notices":[],"_links":{"self":[{"href":"https:\/\/apimat.ch\/de\/wp-json\/wp\/v2\/product\/39868"}],"collection":[{"href":"https:\/\/apimat.ch\/de\/wp-json\/wp\/v2\/product"}],"about":[{"href":"https:\/\/apimat.ch\/de\/wp-json\/wp\/v2\/types\/product"}],"wp:featuredmedia":[{"embeddable":true,"href":"https:\/\/apimat.ch\/de\/wp-json\/wp\/v2\/media\/39855"}],"wp:attachment":[{"href":"https:\/\/apimat.ch\/de\/wp-json\/wp\/v2\/media?parent=39868"}],"wp:term":[{"taxonomy":"product_cat","embeddable":true,"href":"https:\/\/apimat.ch\/de\/wp-json\/wp\/v2\/product_cat?post=39868"},{"taxonomy":"product_tag","embeddable":true,"href":"https:\/\/apimat.ch\/de\/wp-json\/wp\/v2\/product_tag?post=39868"}],"curies":[{"name":"wp","href":"https:\/\/api.w.org\/{rel}","templated":true}]}}