{"id":39909,"date":"2025-10-10T09:42:49","date_gmt":"2025-10-10T13:25:53","guid":{"rendered":"https:\/\/apimat.ch\/?post_type=product&#038;p=39909"},"modified":"2025-10-10T15:27:56","modified_gmt":"2025-10-10T13:27:56","slug":"innenabdeckung-fuer-dadant-6-rahmen-beute-140-kg-m%c2%b3-blau","status":"publish","type":"product","link":"https:\/\/apimat.ch\/de\/produit\/innenabdeckung-fuer-dadant-6-rahmen-beute-140-kg-m%c2%b3-blau\/","title":{"rendered":"Innenabdeckung f\u00fcr Dadant 6-Rahmen-Beute (140 kg\/m\u00b3) \u2013 Blau"},"content":{"rendered":"<p>Innenabdeckung f\u00fcr Dadant 6-Rahmen-Beute (140 kg\/m\u00b3) \u2013 Blau<\/p>\n<p data-start=\"0\" data-end=\"333\">Die <strong data-start=\"4\" data-end=\"46\">Abdeckplatte f\u00fcr Dadant-6-Waben-Beuten<\/strong> erm\u00f6glicht die F\u00fctterung der Bienen (mit Futterteig oder Sirup) im <strong data-start=\"114\" data-end=\"140\">Fr\u00fchjahr und im Winter<\/strong>, w\u00e4hrend sie gleichzeitig f\u00fcr eine <strong data-start=\"176\" data-end=\"194\">gute Bel\u00fcftung<\/strong> des Bienenstocks sorgt.<br data-start=\"218\" data-end=\"221\" \/>Leicht, isolierend und praktisch \u2013 sie f\u00f6rdert die <strong data-start=\"272\" data-end=\"295\">gesunde Entwicklung<\/strong> und den <strong data-start=\"304\" data-end=\"332\">Komfort des Bienenvolkes<\/strong>.<\/p>\n<p data-start=\"335\" data-end=\"413\" data-is-last-node=\"\" data-is-only-node=\"\">\u2705 Einfache F\u00fctterung<br data-start=\"355\" data-end=\"358\" \/>\u2705 Effektive Bel\u00fcftung<br data-start=\"379\" data-end=\"382\" \/>\u2705 Ideal f\u00fcr Winter und Fr\u00fchjahr<\/p>\n<p>&nbsp;<\/p>\n<p class=\"p2\"><b>DIE PREISE SIND JE NACH MENGE DEGRESSIV.<\/b><\/p>\n<p class=\"p2\"><b>F\u00fcr weitere Informationen kontaktieren Sie mich bitte.<\/b><\/p>\n<p class=\"p3\"><span class=\"s1\"><a href=\"mailto:info@apimat.ch\"><b>info@apimat.ch<\/b><\/a><\/span><\/p>\n<p class=\"p2\"><b>Telefon: 076 213 80 33<\/b><\/p>\n","protected":false},"excerpt":{"rendered":"<p>Innenabdeckung f\u00fcr Dadant 6-Rahmen-Beute (140 kg\/m\u00b3) \u2013 Blau Die Abdeckplatte f\u00fcr Dadant-6-Waben-Beuten erm\u00f6glicht die F\u00fctterung der Bienen (mit Futterteig oder Sirup) im Fr\u00fchjahr und im Winter, w\u00e4hrend sie gleichzeitig f\u00fcr eine gute Bel\u00fcftung des Bienenstocks sorgt.Leicht, isolierend und praktisch \u2013 sie f\u00f6rdert die gesunde Entwicklung und den Komfort des Bienenvolkes. \u2705 Einfache F\u00fctterung\u2705 Effektive Bel\u00fcftung\u2705 [&hellip;]<\/p>\n","protected":false},"featured_media":39880,"template":"","meta":{"_uf_show_specific_survey":0,"_uf_disable_surveys":false},"product_cat":[662,102],"product_tag":[],"aioseo_notices":[],"_links":{"self":[{"href":"https:\/\/apimat.ch\/de\/wp-json\/wp\/v2\/product\/39909"}],"collection":[{"href":"https:\/\/apimat.ch\/de\/wp-json\/wp\/v2\/product"}],"about":[{"href":"https:\/\/apimat.ch\/de\/wp-json\/wp\/v2\/types\/product"}],"wp:featuredmedia":[{"embeddable":true,"href":"https:\/\/apimat.ch\/de\/wp-json\/wp\/v2\/media\/39880"}],"wp:attachment":[{"href":"https:\/\/apimat.ch\/de\/wp-json\/wp\/v2\/media?parent=39909"}],"wp:term":[{"taxonomy":"product_cat","embeddable":true,"href":"https:\/\/apimat.ch\/de\/wp-json\/wp\/v2\/product_cat?post=39909"},{"taxonomy":"product_tag","embeddable":true,"href":"https:\/\/apimat.ch\/de\/wp-json\/wp\/v2\/product_tag?post=39909"}],"curies":[{"name":"wp","href":"https:\/\/api.w.org\/{rel}","templated":true}]}}