{"id":39914,"date":"2025-10-10T09:54:16","date_gmt":"2025-10-10T13:30:40","guid":{"rendered":"https:\/\/apimat.ch\/?post_type=product&#038;p=39914"},"modified":"2025-10-10T16:59:33","modified_gmt":"2025-10-10T14:59:33","slug":"honigzarge-fuer-dadant-6-rahmen-beute-aus-polystyrol-140-kg-m%c2%b3-blau","status":"publish","type":"product","link":"https:\/\/apimat.ch\/de\/produit\/honigzarge-fuer-dadant-6-rahmen-beute-aus-polystyrol-140-kg-m%c2%b3-blau\/","title":{"rendered":"Honigzarge f\u00fcr Dadant 6-Rahmen-Beute aus Polystyrol (140 kg\/m\u00b3) \u2013 Blau"},"content":{"rendered":"<p>Honigzarge f\u00fcr Dadant 6-Rahmen-Beute aus Polystyrol (140 kg\/m\u00b3) \u2013 Blau<\/p>\n<p><strong data-start=\"42\" data-end=\"95\">Robuster und langlebiger Honigraum aus Polystyrol<\/strong>, entwickelt f\u00fcr <strong data-start=\"112\" data-end=\"144\">Dadant-Beuten mit 6 R\u00e4hmchen<\/strong>.<br data-start=\"145\" data-end=\"148\" \/>Sorgt f\u00fcr eine stabile Aufsetzung, sch\u00fctzt vor Wassereintritt und erm\u00f6glicht sicheres Arbeiten ohne Besch\u00e4digungsrisiko.<br data-start=\"268\" data-end=\"271\" \/>\u2705 Stabil und leicht<br data-start=\"290\" data-end=\"293\" \/>\u2705 Rutschfest<br data-start=\"305\" data-end=\"308\" \/>\u2705 Feuchtigkeitsschutz<\/p>\n<p class=\"p2\"><b>DIE PREISE SIND JE NACH MENGE DEGRESSIV.<\/b><\/p>\n<p class=\"p2\"><b>F\u00fcr weitere Informationen kontaktieren Sie mich bitte.<\/b><\/p>\n<p class=\"p3\"><span class=\"s1\"><a href=\"mailto:info@apimat.ch\"><b>info@apimat.ch<\/b><\/a><\/span><\/p>\n<p class=\"p2\"><b>Telefon: 076 213 80 33<\/b><\/p>\n","protected":false},"excerpt":{"rendered":"<p>Honigzarge f\u00fcr Dadant 6-Rahmen-Beute aus Polystyrol (140 kg\/m\u00b3) \u2013 Blau Robuster und langlebiger Honigraum aus Polystyrol, entwickelt f\u00fcr Dadant-Beuten mit 6 R\u00e4hmchen.Sorgt f\u00fcr eine stabile Aufsetzung, sch\u00fctzt vor Wassereintritt und erm\u00f6glicht sicheres Arbeiten ohne Besch\u00e4digungsrisiko.\u2705 Stabil und leicht\u2705 Rutschfest\u2705 Feuchtigkeitsschutz DIE PREISE SIND JE NACH MENGE DEGRESSIV. F\u00fcr weitere Informationen kontaktieren Sie mich bitte. info@apimat.ch [&hellip;]<\/p>\n","protected":false},"featured_media":39890,"template":"","meta":{"_uf_show_specific_survey":0,"_uf_disable_surveys":false},"product_cat":[662,102],"product_tag":[],"aioseo_notices":[],"_links":{"self":[{"href":"https:\/\/apimat.ch\/de\/wp-json\/wp\/v2\/product\/39914"}],"collection":[{"href":"https:\/\/apimat.ch\/de\/wp-json\/wp\/v2\/product"}],"about":[{"href":"https:\/\/apimat.ch\/de\/wp-json\/wp\/v2\/types\/product"}],"wp:featuredmedia":[{"embeddable":true,"href":"https:\/\/apimat.ch\/de\/wp-json\/wp\/v2\/media\/39890"}],"wp:attachment":[{"href":"https:\/\/apimat.ch\/de\/wp-json\/wp\/v2\/media?parent=39914"}],"wp:term":[{"taxonomy":"product_cat","embeddable":true,"href":"https:\/\/apimat.ch\/de\/wp-json\/wp\/v2\/product_cat?post=39914"},{"taxonomy":"product_tag","embeddable":true,"href":"https:\/\/apimat.ch\/de\/wp-json\/wp\/v2\/product_tag?post=39914"}],"curies":[{"name":"wp","href":"https:\/\/api.w.org\/{rel}","templated":true}]}}