{"id":39920,"date":"2025-10-10T17:41:54","date_gmt":"2025-10-10T15:41:54","guid":{"rendered":"https:\/\/apimat.ch\/?post_type=product&#038;p=39920"},"modified":"2025-10-10T17:54:55","modified_gmt":"2025-10-10T15:54:55","slug":"honigtrockner-150-kg-kapazitaet","status":"publish","type":"product","link":"https:\/\/apimat.ch\/de\/produit\/honigtrockner-150-kg-kapazitaet\/","title":{"rendered":"HONIGTROCKNER &#8211; 150 KG KAPAZIT\u00c4T"},"content":{"rendered":"<p class=\"p1\"><strong>HONIGTROCKNER &#8211; 150 KG KAPAZIT\u00c4T<\/strong><\/p>\n<p data-start=\"28\" data-end=\"390\">Der <strong data-start=\"32\" data-end=\"56\">Honigtrockner 150 kg<\/strong> ist ein professionelles Ger\u00e4t, das entwickelt wurde, um den Wassergehalt im Honig effektiv zu reduzieren und so dessen Qualit\u00e4t und Haltbarkeit zu gew\u00e4hrleisten. Dank seines Systems aus rotierenden Scheiben (bis zu 9 U\/min) und der Zirkulation von Warmluft erm\u00f6glicht er eine gleichm\u00e4\u00dfige und schnelle Verdunstung der Feuchtigkeit.<\/p>\n<p data-start=\"392\" data-end=\"710\">Der Trockner ist vollst\u00e4ndig aus <strong data-start=\"425\" data-end=\"438\">Edelstahl<\/strong> gefertigt, bietet eine hohe Verarbeitungskapazit\u00e4t (bis zu 150 kg \/ ca. 110 L) und ist einfach sowie hygienisch in der Anwendung. Innerhalb von 12 Stunden kann der Feuchtigkeitsgehalt um <strong data-start=\"626\" data-end=\"639\">2 bis 3 %<\/strong> reduziert werden, wodurch ein stabiler und haltbarer Honig entsteht.<\/p>\n<p data-start=\"712\" data-end=\"958\">Das Ger\u00e4t ist mit einer <strong data-start=\"736\" data-end=\"758\">Heizung von 1200 W<\/strong>, einem <strong data-start=\"766\" data-end=\"785\">Motor von 370 W<\/strong> und einem <strong data-start=\"796\" data-end=\"817\">6\/4\u2033-Ablassventil<\/strong> f\u00fcr einfaches Entleeren ausgestattet. F\u00fcr eine h\u00f6here Effizienz kann ein <strong data-start=\"891\" data-end=\"936\">Entfeuchtungsbeschleuniger (Option W4022)<\/strong> hinzugef\u00fcgt werden.<\/p>\n<h3 data-start=\"960\" data-end=\"977\"><strong data-start=\"964\" data-end=\"977\">Vorteile:<\/strong><\/h3>\n<ul data-start=\"978\" data-end=\"1447\">\n<li data-start=\"978\" data-end=\"1044\">\n<p data-start=\"980\" data-end=\"1044\">Professionelle Verdunstung des \u00fcbersch\u00fcssigen Wassers im Honig<\/p>\n<\/li>\n<li data-start=\"1045\" data-end=\"1108\">\n<p data-start=\"1047\" data-end=\"1108\">Warmluft und rotierende Scheiben f\u00fcr gleichm\u00e4\u00dfiges Trocknen<\/p>\n<\/li>\n<li data-start=\"1109\" data-end=\"1172\">\n<p data-start=\"1111\" data-end=\"1172\">Edelstahlkonstruktion: Langlebigkeit und einfache Reinigung<\/p>\n<\/li>\n<li data-start=\"1173\" data-end=\"1226\">\n<p data-start=\"1175\" data-end=\"1226\">Reduktion der Feuchtigkeit um 2\u20133 % in 12 Stunden<\/p>\n<\/li>\n<li data-start=\"1227\" data-end=\"1266\">\n<p data-start=\"1229\" data-end=\"1266\">Hohe Kapazit\u00e4t: bis zu 150 kg Honig<\/p>\n<\/li>\n<li data-start=\"1267\" data-end=\"1318\">\n<p data-start=\"1269\" data-end=\"1318\">Praktisches 6\/4\u2033-Ventil f\u00fcr schnelles Entleeren<\/p>\n<\/li>\n<li data-start=\"1319\" data-end=\"1384\">\n<p data-start=\"1321\" data-end=\"1384\">Option W4022-Entfeuchtungsbeschleuniger f\u00fcr maximale Leistung<\/p>\n<\/li>\n<li data-start=\"1385\" data-end=\"1447\">\n<p data-start=\"1387\" data-end=\"1447\">Stromversorgung 230 V \u2013 stabiler und ger\u00e4uscharmer Betrieb<\/p>\n<\/li>\n<\/ul>\n<p data-start=\"1449\" data-end=\"1572\" data-is-last-node=\"\" data-is-only-node=\"\"><strong data-start=\"1449\" data-end=\"1465\">Abmessungen:<\/strong> 1220 \u00d7 1020 \u00d7 1260 mm (1700 mm mit ge\u00f6ffnetem Deckel)<br data-start=\"1519\" data-end=\"1522\" \/><strong data-start=\"1522\" data-end=\"1539\">Nettogewicht:<\/strong> 180 kg \u2013 <strong data-start=\"1549\" data-end=\"1562\">Garantie:<\/strong> 24 Monate<\/p>\n<p class=\"p1\"><b>DIE PREISE SIND JE NACH MENGE DEGRESSIV.<\/b><\/p>\n<p class=\"p1\"><b>F\u00fcr weitere Informationen kontaktieren Sie mich bitte.<\/b><\/p>\n<p class=\"p2\"><span class=\"s1\"><a href=\"mailto:info@apimat.ch\"><b>info@apimat.ch<\/b><\/a><\/span><\/p>\n<p class=\"p1\"><b>Telefon: 076 213 80 33<\/b><\/p>\n","protected":false},"excerpt":{"rendered":"<p>HONIGTROCKNER &#8211; 150 KG KAPAZIT\u00c4T Der Honigtrockner 150 kg ist ein professionelles Ger\u00e4t, das entwickelt wurde, um den Wassergehalt im Honig effektiv zu reduzieren und so dessen Qualit\u00e4t und Haltbarkeit zu gew\u00e4hrleisten. Dank seines Systems aus rotierenden Scheiben (bis zu 9 U\/min) und der Zirkulation von Warmluft erm\u00f6glicht er eine gleichm\u00e4\u00dfige und schnelle Verdunstung der [&hellip;]<\/p>\n","protected":false},"featured_media":39922,"template":"","meta":{"_uf_show_specific_survey":0,"_uf_disable_surveys":false},"product_cat":[662,108,128],"product_tag":[],"aioseo_notices":[],"_links":{"self":[{"href":"https:\/\/apimat.ch\/de\/wp-json\/wp\/v2\/product\/39920"}],"collection":[{"href":"https:\/\/apimat.ch\/de\/wp-json\/wp\/v2\/product"}],"about":[{"href":"https:\/\/apimat.ch\/de\/wp-json\/wp\/v2\/types\/product"}],"wp:featuredmedia":[{"embeddable":true,"href":"https:\/\/apimat.ch\/de\/wp-json\/wp\/v2\/media\/39922"}],"wp:attachment":[{"href":"https:\/\/apimat.ch\/de\/wp-json\/wp\/v2\/media?parent=39920"}],"wp:term":[{"taxonomy":"product_cat","embeddable":true,"href":"https:\/\/apimat.ch\/de\/wp-json\/wp\/v2\/product_cat?post=39920"},{"taxonomy":"product_tag","embeddable":true,"href":"https:\/\/apimat.ch\/de\/wp-json\/wp\/v2\/product_tag?post=39920"}],"curies":[{"name":"wp","href":"https:\/\/api.w.org\/{rel}","templated":true}]}}