{"id":39939,"date":"2025-10-11T06:09:14","date_gmt":"2025-10-11T04:14:11","guid":{"rendered":"https:\/\/apimat.ch\/?post_type=product&#038;p=39939"},"modified":"2025-10-11T06:21:02","modified_gmt":"2025-10-11T04:21:02","slug":"good4bees-fang-und-schutzvorrichtung-fuer-bienenstoecke-selektives-system-gegen-die-asiatische-hornisse","status":"publish","type":"product","link":"https:\/\/apimat.ch\/de\/produit\/good4bees-fang-und-schutzvorrichtung-fuer-bienenstoecke-selektives-system-gegen-die-asiatische-hornisse\/","title":{"rendered":"GOOD4BEES Fang- und Schutzvorrichtung f\u00fcr Bienenst\u00f6cke \u2013 Selektives System gegen die Asiatische Hornisse"},"content":{"rendered":"<p>GOOD4BEES Fang- und Schutzvorrichtung f\u00fcr Bienenst\u00f6cke \u2013 Selektives System gegen die Asiatische Hornisse<\/p>\n<p data-start=\"115\" data-end=\"411\">Reduziere den Stress deiner Bienen und sch\u00fctze deinen Bienenstock, w\u00e4hrend du Asiatische Hornissen effektiv f\u00e4ngst.<br data-start=\"230\" data-end=\"233\" \/>Das <strong data-start=\"237\" data-end=\"263\">GOOD4BEES Schutzgitter<\/strong> ist weit mehr als eine einfache Barriere: Es schafft eine echte <strong data-start=\"328\" data-end=\"359\">Schutzzone f\u00fcr deine Bienen<\/strong> und ein <strong data-start=\"368\" data-end=\"410\">intelligentes Fangsystem f\u00fcr Hornissen<\/strong>.<\/p>\n<hr data-start=\"413\" data-end=\"416\" \/>\n<p data-start=\"418\" data-end=\"462\">\ud83d\udee1\ufe0f <strong data-start=\"422\" data-end=\"460\">Maximaler Schutz, minimaler Stress<\/strong><\/p>\n<p data-start=\"464\" data-end=\"782\">Dank des gro\u00dfen Innenvolumens und der undurchsichtigen W\u00e4nde erzeugt das Schutzgitter einen <strong data-start=\"556\" data-end=\"606\">Pufferbereich vor dem Eingang des Bienenstocks<\/strong>. Die Bienen k\u00f6nnen frei ein- und ausfliegen, sich ausruhen und arbeiten, ohne bel\u00e4stigt zu werden, w\u00e4hrend die Hornissen <strong data-start=\"728\" data-end=\"781\">ohne direkten Kontakt zur Kolonie gefangen werden<\/strong>.<\/p>\n<hr data-start=\"784\" data-end=\"787\" \/>\n<p data-start=\"789\" data-end=\"842\">\ud83c\udfaf <strong data-start=\"792\" data-end=\"840\">Selektive und \u00e4u\u00dferst effektive Fangfunktion<\/strong><\/p>\n<p data-start=\"844\" data-end=\"1087\">Das System mit <strong data-start=\"859\" data-end=\"879\">flexiblen Kegeln<\/strong> leitet die Hornissen in die transparente Fangbox, wo sie wiederum als <strong data-start=\"950\" data-end=\"976\">nat\u00fcrliches Lockmittel<\/strong> dienen.<br data-start=\"984\" data-end=\"987\" \/>Ergebnis: <strong data-start=\"997\" data-end=\"1039\">kontinuierliches und selektives Fangen<\/strong>, ohne Bienen oder andere Insekten zu gef\u00e4hrden.<\/p>\n<hr data-start=\"1089\" data-end=\"1092\" \/>\n<p data-start=\"1094\" data-end=\"1134\">\ud83c\udf6f <strong data-start=\"1097\" data-end=\"1132\">Produktivit\u00e4t wiederhergestellt<\/strong><\/p>\n<p data-start=\"1136\" data-end=\"1352\">Ruhige Bienen bedeuten <strong data-start=\"1159\" data-end=\"1187\">optimale Honigproduktion<\/strong>.<br data-start=\"1188\" data-end=\"1191\" \/>Dein Bienenstand bleibt entspannt, die K\u00f6nigin legt weiterhin normal, und die Sammelbienen k\u00f6nnen sich endlich auf ihre Hauptaufgabe konzentrieren: <strong data-start=\"1339\" data-end=\"1351\">arbeiten<\/strong>.<\/p>\n<hr data-start=\"1354\" data-end=\"1357\" \/>\n<p data-start=\"1359\" data-end=\"1394\">\ud83e\udde9 <strong data-start=\"1362\" data-end=\"1392\">Universelle Kompatibilit\u00e4t<\/strong><\/p>\n<p data-start=\"1396\" data-end=\"1781\">Kompatibel mit den meisten <strong data-start=\"1423\" data-end=\"1453\">Bienenst\u00f6cken und Ablegern<\/strong> (Dadant, Langstroth, Warr\u00e9, Voirnot, Nicot, Mini Plus usw.) l\u00e4sst sich das GOOD4BEES Schutzgitter <strong data-start=\"1552\" data-end=\"1601\">einfach ohne spezielles Werkzeug installieren<\/strong>.<br data-start=\"1602\" data-end=\"1605\" \/>Das modulare System passt sich deinen Bed\u00fcrfnissen an: verschraubt oder mit Riemen fixierbar, schnelle Demontage und <strong data-start=\"1722\" data-end=\"1745\">einfach zu reinigen<\/strong> (auch im Geschirrsp\u00fcler bei 60\u202f\u00b0C).<\/p>\n<hr data-start=\"1783\" data-end=\"1786\" \/>\n<p data-start=\"1788\" data-end=\"1822\">\u267b\ufe0f <strong data-start=\"1791\" data-end=\"1820\">Garantierte Langlebigkeit<\/strong><\/p>\n<p data-start=\"1824\" data-end=\"2079\">Hergestellt aus <strong data-start=\"1840\" data-end=\"1896\">hochfestem Spritzguss-Kunststoff mit UV-Schutzzusatz<\/strong>, widersteht es Witterungseinfl\u00fcssen und beh\u00e4lt seine Eigenschaften <strong data-start=\"1964\" data-end=\"1985\">Saison f\u00fcr Saison<\/strong>.<br data-start=\"1986\" data-end=\"1989\" \/>Die Schutzgitter sind <strong data-start=\"2011\" data-end=\"2024\">stapelbar<\/strong>, was eine kompakte und praktische Lagerung erm\u00f6glicht.<\/p>\n<div class='avia-iframe-wrap'><iframe loading=\"lazy\" title=\"Museli\u00e8re-Pi\u00e8ge pour Ruche \u2013 Syst\u00e8me S\u00e9lectif Anti-Frelon Asiatique\" width=\"563\" height=\"1000\" src=\"https:\/\/www.youtube.com\/embed\/aNnsW5qfaPE?feature=oembed\" frameborder=\"0\" allow=\"accelerometer; autoplay; clipboard-write; encrypted-media; gyroscope; picture-in-picture; web-share\" referrerpolicy=\"strict-origin-when-cross-origin\" allowfullscreen><\/iframe><\/div>\n<p class=\"p1\"><b>DIE PREISE SIND JE NACH MENGE DEGRESSIV.<\/b><\/p>\n<p class=\"p1\"><b>F\u00fcr weitere Informationen kontaktieren Sie mich bitte.<\/b><\/p>\n<p class=\"p2\"><span class=\"s1\"><a href=\"mailto:info@apimat.ch\"><b>info@apimat.ch<\/b><\/a><\/span><\/p>\n<p class=\"p1\"><b>Telefon: 076 213 80 33<\/b><\/p>\n","protected":false},"excerpt":{"rendered":"<p>GOOD4BEES Fang- und Schutzvorrichtung f\u00fcr Bienenst\u00f6cke \u2013 Selektives System gegen die Asiatische Hornisse Reduziere den Stress deiner Bienen und sch\u00fctze deinen Bienenstock, w\u00e4hrend du Asiatische Hornissen effektiv f\u00e4ngst.Das GOOD4BEES Schutzgitter ist weit mehr als eine einfache Barriere: Es schafft eine echte Schutzzone f\u00fcr deine Bienen und ein intelligentes Fangsystem f\u00fcr Hornissen. \ud83d\udee1\ufe0f Maximaler Schutz, minimaler [&hellip;]<\/p>\n","protected":false},"featured_media":39931,"template":"","meta":{"_uf_show_specific_survey":0,"_uf_disable_surveys":false},"product_cat":[662,912],"product_tag":[],"aioseo_notices":[],"_links":{"self":[{"href":"https:\/\/apimat.ch\/de\/wp-json\/wp\/v2\/product\/39939"}],"collection":[{"href":"https:\/\/apimat.ch\/de\/wp-json\/wp\/v2\/product"}],"about":[{"href":"https:\/\/apimat.ch\/de\/wp-json\/wp\/v2\/types\/product"}],"wp:featuredmedia":[{"embeddable":true,"href":"https:\/\/apimat.ch\/de\/wp-json\/wp\/v2\/media\/39931"}],"wp:attachment":[{"href":"https:\/\/apimat.ch\/de\/wp-json\/wp\/v2\/media?parent=39939"}],"wp:term":[{"taxonomy":"product_cat","embeddable":true,"href":"https:\/\/apimat.ch\/de\/wp-json\/wp\/v2\/product_cat?post=39939"},{"taxonomy":"product_tag","embeddable":true,"href":"https:\/\/apimat.ch\/de\/wp-json\/wp\/v2\/product_tag?post=39939"}],"curies":[{"name":"wp","href":"https:\/\/api.w.org\/{rel}","templated":true}]}}