{"id":40320,"date":"2025-11-02T22:11:51","date_gmt":"2025-11-02T21:11:52","guid":{"rendered":"https:\/\/apimat.ch\/?post_type=product&#038;p=40320"},"modified":"2025-11-02T22:24:01","modified_gmt":"2025-11-02T21:24:01","slug":"festes-markiergeraet-fuer-bienenkoeniginnen-mit-gitter-kolben-und-weichem-schaumpolster","status":"publish","type":"product","link":"https:\/\/apimat.ch\/de\/produit\/festes-markiergeraet-fuer-bienenkoeniginnen-mit-gitter-kolben-und-weichem-schaumpolster\/","title":{"rendered":"Festes Markierger\u00e4t f\u00fcr Bienenk\u00f6niginnen \u2013 mit Gitter, Kolben und weichem Schaumpolster,"},"content":{"rendered":"<p data-start=\"145\" data-end=\"262\">Festes Markierger\u00e4t f\u00fcr Bienenk\u00f6niginnen \u2013 mit Gitter, Kolben und weichem Schaumpolster, transparentem Kunststoff<\/p>\n<p data-start=\"264\" data-end=\"695\">Markieren Sie die K\u00f6nigin Ihres Bienenstocks schnell und pr\u00e4zise mit diesem stabilen Markierger\u00e4t. Ausgestattet mit einem Haltegitter, einem ergonomischen Kolben und einem weichen Schaumpolster, erm\u00f6glicht es ein stressfreies und schonendes Markieren. Das transparente Kunststoffgeh\u00e4use sorgt f\u00fcr optimale Sicht w\u00e4hrend der Anwendung. Ein unverzichtbares Werkzeug f\u00fcr jeden Imker, der seine K\u00f6nigin effizient identifizieren m\u00f6chte.<\/p>\n<div class=\"content--title\">\n<p><strong>DIE PREISE SIND JE NACH MENGE DEGRESSIV.<\/strong><\/p>\n<\/div>\n<p><strong>F\u00fcr weitere Informationen kontaktieren Sie mich bitte.<\/strong><\/p>\n<p><a href=\"mailto:info@apimat.ch\"><strong>info@apimat.ch<\/strong><\/a><\/p>\n<p><strong>Telefon: 076 213 80 33<\/strong><\/p>\n","protected":false},"excerpt":{"rendered":"<p>Festes Markierger\u00e4t f\u00fcr Bienenk\u00f6niginnen \u2013 mit Gitter, Kolben und weichem Schaumpolster, transparentem Kunststoff Markieren Sie die K\u00f6nigin Ihres Bienenstocks schnell und pr\u00e4zise mit diesem stabilen Markierger\u00e4t. Ausgestattet mit einem Haltegitter, einem ergonomischen Kolben und einem weichen Schaumpolster, erm\u00f6glicht es ein stressfreies und schonendes Markieren. Das transparente Kunststoffgeh\u00e4use sorgt f\u00fcr optimale Sicht w\u00e4hrend der Anwendung. Ein [&hellip;]<\/p>\n","protected":false},"featured_media":40322,"template":"","meta":{"_uf_show_specific_survey":0,"_uf_disable_surveys":false},"product_cat":[662,95,1060],"product_tag":[],"aioseo_notices":[],"_links":{"self":[{"href":"https:\/\/apimat.ch\/de\/wp-json\/wp\/v2\/product\/40320"}],"collection":[{"href":"https:\/\/apimat.ch\/de\/wp-json\/wp\/v2\/product"}],"about":[{"href":"https:\/\/apimat.ch\/de\/wp-json\/wp\/v2\/types\/product"}],"wp:featuredmedia":[{"embeddable":true,"href":"https:\/\/apimat.ch\/de\/wp-json\/wp\/v2\/media\/40322"}],"wp:attachment":[{"href":"https:\/\/apimat.ch\/de\/wp-json\/wp\/v2\/media?parent=40320"}],"wp:term":[{"taxonomy":"product_cat","embeddable":true,"href":"https:\/\/apimat.ch\/de\/wp-json\/wp\/v2\/product_cat?post=40320"},{"taxonomy":"product_tag","embeddable":true,"href":"https:\/\/apimat.ch\/de\/wp-json\/wp\/v2\/product_tag?post=40320"}],"curies":[{"name":"wp","href":"https:\/\/api.w.org\/{rel}","templated":true}]}}