{"id":40355,"date":"2025-11-04T16:26:18","date_gmt":"2025-11-04T15:26:19","guid":{"rendered":"https:\/\/apimat.ch\/?post_type=product&#038;p=40355"},"modified":"2025-11-04T16:50:19","modified_gmt":"2025-11-04T15:50:19","slug":"satz-mit-10-docht-haltern-fuer-kerzen-fuer-silikonformen","status":"publish","type":"product","link":"https:\/\/apimat.ch\/de\/produit\/satz-mit-10-docht-haltern-fuer-kerzen-fuer-silikonformen\/","title":{"rendered":"Satz mit 10 Docht-Haltern f\u00fcr Kerzen \u2013 f\u00fcr Silikonformen"},"content":{"rendered":"<p data-start=\"58\" data-end=\"118\"><strong data-start=\"58\" data-end=\"118\">Satz mit 10 Docht-Haltern f\u00fcr Kerzen \u2013 f\u00fcr Silikonformen<\/strong><\/p>\n<p data-start=\"120\" data-end=\"216\">Set aus 10 Docht-Haltern, die entwickelt wurden, um den Docht in Silikonformen stabil zu halten.<\/p>\n<ul data-start=\"218\" data-end=\"477\">\n<li data-start=\"218\" data-end=\"352\">\n<p data-start=\"220\" data-end=\"352\">5 Halter geeignet f\u00fcr d\u00fcnne und mittlere Dochte<br data-start=\"267\" data-end=\"270\" \/>(Drahtst\u00e4rke: 1 mm, Griffh\u00f6he: 10 cm) \u2013 ideal f\u00fcr kleine und mittelgro\u00dfe Formen.<\/p>\n<\/li>\n<li data-start=\"354\" data-end=\"477\">\n<p data-start=\"356\" data-end=\"477\">5 Halter geeignet f\u00fcr mittlere und dicke Dochte<br data-start=\"403\" data-end=\"406\" \/>(Drahtst\u00e4rke: 1,6 mm, Griffh\u00f6he: 14 cm) \u2013 passend f\u00fcr gr\u00f6\u00dfere Formen.<\/p>\n<\/li>\n<\/ul>\n<p data-start=\"479\" data-end=\"595\">Ein praktisches Zubeh\u00f6r, das die Handhabung erleichtert und optimale Pr\u00e4zision beim Gie\u00dfen von Kerzen gew\u00e4hrleistet.<\/p>\n<div class='avia-iframe-wrap'><iframe loading=\"lazy\" title=\"Cr\u00e9ez vos bougies en cire d\u2019abeille facilement \ud83d\udd6f\ud83d\udc1d\" width=\"1500\" height=\"844\" src=\"https:\/\/www.youtube.com\/embed\/lK-3RvaTW0g?feature=oembed\" frameborder=\"0\" allow=\"accelerometer; autoplay; clipboard-write; encrypted-media; gyroscope; picture-in-picture; web-share\" referrerpolicy=\"strict-origin-when-cross-origin\" allowfullscreen><\/iframe><\/div>\n<p class=\"p1\"><b>DIE PREISE SIND JE NACH MENGE DEGRESSIV.<\/b><\/p>\n<p class=\"p1\"><b>F\u00fcr weitere Informationen kontaktieren Sie mich bitte.<\/b><\/p>\n<p class=\"p2\"><span class=\"s1\"><a href=\"mailto:info@apimat.ch\"><b>info@apimat.ch<\/b><\/a><\/span><\/p>\n<p class=\"p1\"><b>Telefon: 076 213 80 33<\/b><\/p>\n","protected":false},"excerpt":{"rendered":"<p>Satz mit 10 Docht-Haltern f\u00fcr Kerzen \u2013 f\u00fcr Silikonformen Set aus 10 Docht-Haltern, die entwickelt wurden, um den Docht in Silikonformen stabil zu halten. 5 Halter geeignet f\u00fcr d\u00fcnne und mittlere Dochte(Drahtst\u00e4rke: 1 mm, Griffh\u00f6he: 10 cm) \u2013 ideal f\u00fcr kleine und mittelgro\u00dfe Formen. 5 Halter geeignet f\u00fcr mittlere und dicke Dochte(Drahtst\u00e4rke: 1,6 mm, Griffh\u00f6he: [&hellip;]<\/p>\n","protected":false},"featured_media":40357,"template":"","meta":{"_uf_show_specific_survey":0,"_uf_disable_surveys":false},"product_cat":[662,1108],"product_tag":[],"aioseo_notices":[],"_links":{"self":[{"href":"https:\/\/apimat.ch\/de\/wp-json\/wp\/v2\/product\/40355"}],"collection":[{"href":"https:\/\/apimat.ch\/de\/wp-json\/wp\/v2\/product"}],"about":[{"href":"https:\/\/apimat.ch\/de\/wp-json\/wp\/v2\/types\/product"}],"wp:featuredmedia":[{"embeddable":true,"href":"https:\/\/apimat.ch\/de\/wp-json\/wp\/v2\/media\/40357"}],"wp:attachment":[{"href":"https:\/\/apimat.ch\/de\/wp-json\/wp\/v2\/media?parent=40355"}],"wp:term":[{"taxonomy":"product_cat","embeddable":true,"href":"https:\/\/apimat.ch\/de\/wp-json\/wp\/v2\/product_cat?post=40355"},{"taxonomy":"product_tag","embeddable":true,"href":"https:\/\/apimat.ch\/de\/wp-json\/wp\/v2\/product_tag?post=40355"}],"curies":[{"name":"wp","href":"https:\/\/api.w.org\/{rel}","templated":true}]}}