{"id":40422,"date":"2025-11-07T21:07:43","date_gmt":"2025-11-07T20:37:19","guid":{"rendered":"https:\/\/apimat.ch\/?post_type=product&#038;p=40422"},"modified":"2025-11-07T21:37:19","modified_gmt":"2025-11-07T20:37:19","slug":"fluglochverschluss-apimat-doppelfunktion-raeuberschutz-schutz-gegen-asiatische-hornisse-groesse-waehlen","status":"publish","type":"product","link":"https:\/\/apimat.ch\/de\/produit\/fluglochverschluss-apimat-doppelfunktion-raeuberschutz-schutz-gegen-asiatische-hornisse-groesse-waehlen\/","title":{"rendered":"Fluglochverschluss APIMAT \u2013 Doppelfunktion: R\u00e4uberschutz \/ Schutz gegen asiatische Hornisse \u2013 Gr\u00f6\u00dfe w\u00e4hlen"},"content":{"rendered":"<p>Fluglochverschluss APIMAT \u2013 Doppelfunktion: R\u00e4uberschutz \/ Schutz gegen asiatische Hornisse \u2013 Gr\u00f6\u00dfe w\u00e4hlen<\/p>\n<p data-start=\"94\" data-end=\"263\">Der metallische <strong data-start=\"110\" data-end=\"139\">APIMAT-Bienenstockeinlass<\/strong> wurde entwickelt, um Ihre Bienenv\u00f6lker das ganze Jahr \u00fcber wirksam zu sch\u00fctzen.<br data-start=\"219\" data-end=\"222\" \/>Er verf\u00fcgt \u00fcber <strong data-start=\"238\" data-end=\"262\">zwei nutzbare Seiten<\/strong>:<\/p>\n<p data-start=\"265\" data-end=\"372\">\ud83d\udd38 <strong data-start=\"268\" data-end=\"294\">R\u00e4uberei-Schutz-Seite:<\/strong> mit Bel\u00fcftungsl\u00f6chern f\u00fcr die Verteidigung und die Luftzirkulation im Volk.<\/p>\n<p data-start=\"374\" data-end=\"556\">\ud83d\udd38 <strong data-start=\"377\" data-end=\"424\">Asiatische-Hornissen-Schutz-Seite (4,9 mm):<\/strong> ab dem Herbst zu verwenden, um das Eindringen der Hornissen zu verhindern, w\u00e4hrend die Bienen ungehindert hindurchfliegen k\u00f6nnen.<\/p>\n<p data-start=\"558\" data-end=\"788\">Dank seines <strong data-start=\"570\" data-end=\"600\">praktischen Schiebesystems<\/strong> l\u00e4sst sich dieses Fluglochgitter leicht an die Bed\u00fcrfnisse des Volkes je nach Jahreszeit anpassen.<br data-start=\"699\" data-end=\"702\" \/>Hergestellt aus <strong data-start=\"718\" data-end=\"739\">verzinktem Metall<\/strong>, ist es robust, langlebig und wetterbest\u00e4ndig.<\/p>\n<p data-start=\"790\" data-end=\"883\" data-is-last-node=\"\" data-is-only-node=\"\">\ud83d\udccf <strong data-start=\"793\" data-end=\"820\">In 7 Gr\u00f6\u00dfen erh\u00e4ltlich:<\/strong><br data-start=\"820\" data-end=\"823\" \/>185 mm<br data-start=\"829\" data-end=\"832\" \/>225 mm<br data-start=\"838\" data-end=\"841\" \/>260 mm<br data-start=\"847\" data-end=\"850\" \/>355 mm<br data-start=\"856\" data-end=\"859\" \/>375 mm<br data-start=\"865\" data-end=\"868\" \/>415 mm<br data-start=\"874\" data-end=\"877\" \/>445 mm<\/p>\n<p>&nbsp;<\/p>\n<p class=\"p1\"><b>DIE PREISE SIND JE NACH MENGE DEGRESSIV.<\/b><\/p>\n<p class=\"p1\"><b>F\u00fcr weitere Informationen kontaktieren Sie mich bitte.<\/b><\/p>\n<p class=\"p2\"><span class=\"s1\"><a href=\"mailto:info@apimat.ch\"><b>info@apimat.ch<\/b><\/a><\/span><\/p>\n<p class=\"p1\"><b>Telefon: 076 213 80 33<\/b><\/p>\n","protected":false},"excerpt":{"rendered":"<p>Fluglochverschluss APIMAT \u2013 Doppelfunktion: R\u00e4uberschutz \/ Schutz gegen asiatische Hornisse \u2013 Gr\u00f6\u00dfe w\u00e4hlen Der metallische APIMAT-Bienenstockeinlass wurde entwickelt, um Ihre Bienenv\u00f6lker das ganze Jahr \u00fcber wirksam zu sch\u00fctzen.Er verf\u00fcgt \u00fcber zwei nutzbare Seiten: \ud83d\udd38 R\u00e4uberei-Schutz-Seite: mit Bel\u00fcftungsl\u00f6chern f\u00fcr die Verteidigung und die Luftzirkulation im Volk. \ud83d\udd38 Asiatische-Hornissen-Schutz-Seite (4,9 mm): ab dem Herbst zu verwenden, um [&hellip;]<\/p>\n","protected":false},"featured_media":40408,"template":"","meta":{"_uf_show_specific_survey":0,"_uf_disable_surveys":false},"product_cat":[662,912,102],"product_tag":[],"aioseo_notices":[],"_links":{"self":[{"href":"https:\/\/apimat.ch\/de\/wp-json\/wp\/v2\/product\/40422"}],"collection":[{"href":"https:\/\/apimat.ch\/de\/wp-json\/wp\/v2\/product"}],"about":[{"href":"https:\/\/apimat.ch\/de\/wp-json\/wp\/v2\/types\/product"}],"wp:featuredmedia":[{"embeddable":true,"href":"https:\/\/apimat.ch\/de\/wp-json\/wp\/v2\/media\/40408"}],"wp:attachment":[{"href":"https:\/\/apimat.ch\/de\/wp-json\/wp\/v2\/media?parent=40422"}],"wp:term":[{"taxonomy":"product_cat","embeddable":true,"href":"https:\/\/apimat.ch\/de\/wp-json\/wp\/v2\/product_cat?post=40422"},{"taxonomy":"product_tag","embeddable":true,"href":"https:\/\/apimat.ch\/de\/wp-json\/wp\/v2\/product_tag?post=40422"}],"curies":[{"name":"wp","href":"https:\/\/api.w.org\/{rel}","templated":true}]}}