{"id":40616,"date":"2025-11-21T05:11:41","date_gmt":"2025-11-22T12:47:17","guid":{"rendered":"https:\/\/apimat.ch\/?post_type=product&#038;p=40616"},"modified":"2025-11-22T13:51:02","modified_gmt":"2025-11-22T12:51:02","slug":"geschenkboxen-fuer-honigglaeser-verschiedene-modelle-zur-auswahl","status":"publish","type":"product","link":"https:\/\/apimat.ch\/de\/produit\/geschenkboxen-fuer-honigglaeser-verschiedene-modelle-zur-auswahl\/","title":{"rendered":"Geschenkboxen f\u00fcr Honiggl\u00e4ser: verschiedene Modelle zur Auswahl"},"content":{"rendered":"<p>Geschenkboxen f\u00fcr Honiggl\u00e4ser: verschiedene Modelle zur Auswahl<\/p>\n<p>Verschenken Sie Ihren Honig in einer eleganten Verpackung dank unserer Geschenkboxen, die speziell daf\u00fcr entworfen wurden, Ihre Gl\u00e4ser vom kleinen Format 125 g bis zum gro\u00dfen 1-kg-Glas perfekt in Szene zu setzen. Aus hochwertigem Karton gefertigt, sorgen sie f\u00fcr eine gepflegte und professionelle Pr\u00e4sentation \u2013 ideal f\u00fcr M\u00e4rkte, Gesch\u00e4fte, Veranstaltungen oder als genussvolles Geschenk.<\/p>\n<p class=\"p1\"><b>DIE PREISE SIND JE NACH MENGE DEGRESSIV.<\/b><\/p>\n<p class=\"p1\"><b>F\u00fcr weitere Informationen kontaktieren Sie mich bitte.<\/b><\/p>\n<p class=\"p2\"><span class=\"s1\"><a href=\"mailto:info@apimat.ch\"><b>info@apimat.ch<\/b><\/a><\/span><\/p>\n<p class=\"p1\"><b>Telefon: 076 213 80 33<\/b><\/p>\n<p>&nbsp;<\/p>\n","protected":false},"excerpt":{"rendered":"<p>Geschenkboxen f\u00fcr Honiggl\u00e4ser: verschiedene Modelle zur Auswahl Verschenken Sie Ihren Honig in einer eleganten Verpackung dank unserer Geschenkboxen, die speziell daf\u00fcr entworfen wurden, Ihre Gl\u00e4ser vom kleinen Format 125 g bis zum gro\u00dfen 1-kg-Glas perfekt in Szene zu setzen. Aus hochwertigem Karton gefertigt, sorgen sie f\u00fcr eine gepflegte und professionelle Pr\u00e4sentation \u2013 ideal f\u00fcr M\u00e4rkte, [&hellip;]<\/p>\n","protected":false},"featured_media":40571,"template":"","meta":{"_uf_show_specific_survey":0,"_uf_disable_surveys":false},"product_cat":[662,104,106],"product_tag":[],"aioseo_notices":[],"_links":{"self":[{"href":"https:\/\/apimat.ch\/de\/wp-json\/wp\/v2\/product\/40616"}],"collection":[{"href":"https:\/\/apimat.ch\/de\/wp-json\/wp\/v2\/product"}],"about":[{"href":"https:\/\/apimat.ch\/de\/wp-json\/wp\/v2\/types\/product"}],"wp:featuredmedia":[{"embeddable":true,"href":"https:\/\/apimat.ch\/de\/wp-json\/wp\/v2\/media\/40571"}],"wp:attachment":[{"href":"https:\/\/apimat.ch\/de\/wp-json\/wp\/v2\/media?parent=40616"}],"wp:term":[{"taxonomy":"product_cat","embeddable":true,"href":"https:\/\/apimat.ch\/de\/wp-json\/wp\/v2\/product_cat?post=40616"},{"taxonomy":"product_tag","embeddable":true,"href":"https:\/\/apimat.ch\/de\/wp-json\/wp\/v2\/product_tag?post=40616"}],"curies":[{"name":"wp","href":"https:\/\/api.w.org\/{rel}","templated":true}]}}